{"id":992,"date":"2023-03-28T16:42:59","date_gmt":"2023-03-28T16:42:59","guid":{"rendered":"https:\/\/isabelalvarellos.com\/?page_id=992"},"modified":"2023-04-20T15:30:40","modified_gmt":"2023-04-20T15:30:40","slug":"las-hijas-de-israel","status":"publish","type":"page","link":"https:\/\/isabelalvarellos.com\/es_ES\/las-hijas-de-israel\/","title":{"rendered":"Las Hijas de Israel"},"content":{"rendered":"<p><span\n style=\"font-weight: 400;\">Las Hijas de Israel es un colectivo de informaci\u00f3n indisciplinaria formado por Ivan Gonzalez y Mat\u00edas D\u00edaz. En los a\u00f1os 2013 y 2014 trabajaron junto a F\u00e1tima Madonna e Isabel Alvarellos quienes colaboraron activamente en el mismo.\u00a0<\/span><\/p>\n<p><span\n style=\"font-weight: 400;\">Participaron en muestras de artes visuales y performances en la ciudad de C\u00f3rdoba y en otras provincias de Argentina. Se nombraban a s\u00ed mismos <\/span><br \/>\n<span\n style=\"font-weight: 400;\">Esthertor,<\/span><br \/>\n<span\n style=\"font-weight: 400;\">Vorticist, Vera Violeta\u00a0 y Lebasi. En la gran oscilaci\u00f3n.<\/span><\/p>\n<p><a href=\"https:\/\/lashijasdeisrael.tumblr.com\/\">https:\/\/lashijasdeisrael.tumblr.com\/<\/a><br \/>\n<a href=\"https:\/\/www.instagram.com\/las_hijas_de_israel\/\">https:\/\/www.instagram.com\/las_hijas_de_israel\/ <\/a><\/p>\n<p><img loading=\"lazy\" decoding=\"async\" class=\"alignnone size-full wp-image-1024\" src=\"https:\/\/isabelalvarellos.com\/wp-content\/uploads\/2023\/03\/lashijas_01.jpg\" alt=\"\" width=\"960\" height=\"960\" srcset=\"https:\/\/isabelalvarellos.com\/wp-content\/uploads\/2023\/03\/lashijas_01.jpg 960w, https:\/\/isabelalvarellos.com\/wp-content\/uploads\/2023\/03\/lashijas_01-300x300.jpg 300w, https:\/\/isabelalvarellos.com\/wp-content\/uploads\/2023\/03\/lashijas_01-150x150.jpg 150w, https:\/\/isabelalvarellos.com\/wp-content\/uploads\/2023\/03\/lashijas_01-768x768.jpg 768w, https:\/\/isabelalvarellos.com\/wp-content\/uploads\/2023\/03\/lashijas_01-100x100.jpg 100w, https:\/\/isabelalvarellos.com\/wp-content\/uploads\/2023\/03\/lashijas_01-750x750.jpg 750w\" sizes=\"auto, (max-width: 960px) 100vw, 960px\" \/><\/p>\n<h1>\n<span\n style=\"font-weight: 400;\">La plaza partida\u00a0<\/span><\/h1>\n<p><span\n style=\"font-weight: 400;\">DIRECCI\u00d3N: (bajo el o\u00eddo y la mirada atenta): LAS HIJAS DE ISRAEL<br \/>\n<\/span><br \/>\n<span\n style=\"font-weight: 400;\">Opera para 10 ant\u00f3nimos y un televisor<\/span><\/p>\n<p><span\n style=\"font-weight: 400;\">\u00d3pera sonoro\/performatica para veintitr\u00e9s artistas y un televisor. Cada uno interpreta un ant\u00f3nimo desde su lenguaje, por medio de sus cuerpos, sus objetos o sus m\u00e1quinas y juntos constituyen<br \/>\nun di\u00e1logo inconcluso, problem\u00e1tico. El accionar de cada int\u00e9rprete crea una experiencia que refleja las relaciones paradigm\u00e1ticas que se establecen entre los ant\u00f3nimos.<\/span><\/p>\n<p><iframe loading=\"lazy\" width=\"760\" height=\"515\" src=\"https:\/\/www.youtube.com\/embed\/FTKxASoTHww\" title=\"YouTube video player\" frameborder=\"0\" allow=\"accelerometer; autoplay; clipboard-write; encrypted-media; gyroscope; picture-in-picture; web-share\" allowfullscreen><\/iframe><\/p>\n<p><span\n style=\"font-weight: 400;\"><\/p>\n<p>Artistas en escena: Maximiliano Acosta, Ramona Antoine Roquentine, Nadia Ethel, Nicolas Fedeli, Veronica Ferreyra, Belen Paviolo, Cassandra Rodriques, Agustina Smith, Carlos Margara, Maximo Endrek, Natalia &#8220;Ramonita Montiel&#8221;, Violeta Carreira, Gustavo Valerga, Ismael Verde, Federico Bacic, Nicolas Bella, Julian Silveyra, Nicolas Fedeli, Luciana Bedini, Agustin Vivian, Matias Zanotto, Televisor.<\/span><\/p>\n<p><span\n style=\"font-weight: 400;\">Vorticist. Vera Violeta. Esthertor. Lebasi.\u00a0<\/span><\/p>\n<p><span\n style=\"font-weight: 400;\">Edici\u00f3n y video: Ari Kletzel<\/span><\/p>\n<p><span\n style=\"font-weight: 400;\">En la gran oscilaci\u00f3n<\/span><\/p>\n<p><img loading=\"lazy\" decoding=\"async\" class=\"alignnone size-full wp-image-1027\" src=\"https:\/\/isabelalvarellos.com\/wp-content\/uploads\/2023\/03\/lashijas_04.jpg\" alt=\"\" width=\"2048\" height=\"1370\" srcset=\"https:\/\/isabelalvarellos.com\/wp-content\/uploads\/2023\/03\/lashijas_04.jpg 2048w, https:\/\/isabelalvarellos.com\/wp-content\/uploads\/2023\/03\/lashijas_04-300x201.jpg 300w, https:\/\/isabelalvarellos.com\/wp-content\/uploads\/2023\/03\/lashijas_04-1024x685.jpg 1024w, https:\/\/isabelalvarellos.com\/wp-content\/uploads\/2023\/03\/lashijas_04-768x514.jpg 768w, https:\/\/isabelalvarellos.com\/wp-content\/uploads\/2023\/03\/lashijas_04-1536x1028.jpg 1536w, https:\/\/isabelalvarellos.com\/wp-content\/uploads\/2023\/03\/lashijas_04-750x502.jpg 750w\" sizes=\"auto, (max-width: 2048px) 100vw, 2048px\" \/><\/p>\n<p><img loading=\"lazy\" decoding=\"async\" class=\"alignnone size-full wp-image-1139\" src=\"https:\/\/isabelalvarellos.com\/wp-content\/uploads\/2023\/04\/1167252_661039457290101_1524126639_o.jpg\" alt=\"\" width=\"975\" height=\"1117\" srcset=\"https:\/\/isabelalvarellos.com\/wp-content\/uploads\/2023\/04\/1167252_661039457290101_1524126639_o.jpg 975w, https:\/\/isabelalvarellos.com\/wp-content\/uploads\/2023\/04\/1167252_661039457290101_1524126639_o-262x300.jpg 262w, https:\/\/isabelalvarellos.com\/wp-content\/uploads\/2023\/04\/1167252_661039457290101_1524126639_o-894x1024.jpg 894w, https:\/\/isabelalvarellos.com\/wp-content\/uploads\/2023\/04\/1167252_661039457290101_1524126639_o-768x880.jpg 768w, https:\/\/isabelalvarellos.com\/wp-content\/uploads\/2023\/04\/1167252_661039457290101_1524126639_o-750x859.jpg 750w\" sizes=\"auto, (max-width: 975px) 100vw, 975px\" \/> <img loading=\"lazy\" decoding=\"async\" class=\"alignnone size-full wp-image-1140\" src=\"https:\/\/isabelalvarellos.com\/wp-content\/uploads\/2023\/04\/1780272_10203543680782466_1735891788_o.jpg\" alt=\"\" width=\"2048\" height=\"1365\" srcset=\"https:\/\/isabelalvarellos.com\/wp-content\/uploads\/2023\/04\/1780272_10203543680782466_1735891788_o.jpg 2048w, https:\/\/isabelalvarellos.com\/wp-content\/uploads\/2023\/04\/1780272_10203543680782466_1735891788_o-300x200.jpg 300w, https:\/\/isabelalvarellos.com\/wp-content\/uploads\/2023\/04\/1780272_10203543680782466_1735891788_o-1024x683.jpg 1024w, https:\/\/isabelalvarellos.com\/wp-content\/uploads\/2023\/04\/1780272_10203543680782466_1735891788_o-768x512.jpg 768w, https:\/\/isabelalvarellos.com\/wp-content\/uploads\/2023\/04\/1780272_10203543680782466_1735891788_o-1536x1024.jpg 1536w, https:\/\/isabelalvarellos.com\/wp-content\/uploads\/2023\/04\/1780272_10203543680782466_1735891788_o-750x500.jpg 750w\" sizes=\"auto, (max-width: 2048px) 100vw, 2048px\" \/> <img loading=\"lazy\" decoding=\"async\" class=\"alignnone size-full wp-image-1141\" src=\"https:\/\/isabelalvarellos.com\/wp-content\/uploads\/2023\/04\/1973985_10203461011435784_1454361521_o.jpg\" alt=\"\" width=\"1463\" height=\"1152\" srcset=\"https:\/\/isabelalvarellos.com\/wp-content\/uploads\/2023\/04\/1973985_10203461011435784_1454361521_o.jpg 1463w, https:\/\/isabelalvarellos.com\/wp-content\/uploads\/2023\/04\/1973985_10203461011435784_1454361521_o-300x236.jpg 300w, https:\/\/isabelalvarellos.com\/wp-content\/uploads\/2023\/04\/1973985_10203461011435784_1454361521_o-1024x806.jpg 1024w, https:\/\/isabelalvarellos.com\/wp-content\/uploads\/2023\/04\/1973985_10203461011435784_1454361521_o-768x605.jpg 768w, https:\/\/isabelalvarellos.com\/wp-content\/uploads\/2023\/04\/1973985_10203461011435784_1454361521_o-750x591.jpg 750w\" sizes=\"auto, (max-width: 1463px) 100vw, 1463px\" \/><\/p>\n","protected":false},"excerpt":{"rendered":"<p><span style=\"font-weight: 400;\">Las Hijas de Israel es un colectivo de informaci\u00f3n indisciplinaria formado por Ivan Gonzalez y Mat\u00edas D\u00edaz. En los a\u00f1os 2013 y 2014 trabajaron junto a F\u00e1tima Madonna e Isabel Alvarellos quienes colaboraron activamente &#8230;<\/p>\n","protected":false},"author":1,"featured_media":0,"parent":0,"menu_order":0,"comment_status":"closed","ping_status":"closed","template":"","meta":{"footnotes":""},"class_list":["post-992","page","type-page","status-publish","hentry"],"yoast_head":"<!-- This site is optimized with the Yoast SEO plugin v27.2 - https:\/\/yoast.com\/product\/yoast-seo-wordpress\/ -->\n<title>Las Hijas de Israel - Isabel Alvarellos<\/title>\n<meta name=\"robots\" content=\"index, follow, max-snippet:-1, max-image-preview:large, max-video-preview:-1\" \/>\n<link rel=\"canonical\" href=\"https:\/\/isabelalvarellos.com\/las-hijas-de-israel\/\" \/>\n<meta property=\"og:locale\" content=\"es_ES\" \/>\n<meta property=\"og:type\" content=\"article\" \/>\n<meta property=\"og:title\" content=\"Las Hijas de Israel - Isabel Alvarellos\" \/>\n<meta property=\"og:description\" content=\"Las Hijas de Israel es un colectivo de informaci\u00f3n indisciplinaria formado por Ivan Gonzalez y Mat\u00edas D\u00edaz. En los a\u00f1os 2013 y 2014 trabajaron junto a F\u00e1tima Madonna e Isabel Alvarellos quienes colaboraron activamente ...\" \/>\n<meta property=\"og:url\" content=\"https:\/\/isabelalvarellos.com\/las-hijas-de-israel\/\" \/>\n<meta property=\"og:site_name\" content=\"Isabel Alvarellos\" \/>\n<meta property=\"article:modified_time\" content=\"2023-04-20T15:30:40+00:00\" \/>\n<meta property=\"og:image\" content=\"https:\/\/isabelalvarellos.com\/wp-content\/uploads\/2023\/03\/lashijas_01.jpg\" \/>\n<meta name=\"twitter:card\" content=\"summary_large_image\" \/>\n<meta name=\"twitter:label1\" content=\"Est. reading time\" \/>\n\t<meta name=\"twitter:data1\" content=\"2 minutes\" \/>\n<script type=\"application\/ld+json\" class=\"yoast-schema-graph\">{\"@context\":\"https:\/\/schema.org\",\"@graph\":[{\"@type\":\"WebPage\",\"@id\":\"https:\/\/isabelalvarellos.com\/las-hijas-de-israel\/\",\"url\":\"https:\/\/isabelalvarellos.com\/las-hijas-de-israel\/\",\"name\":\"Las Hijas de Israel - Isabel Alvarellos\",\"isPartOf\":{\"@id\":\"https:\/\/isabelalvarellos.com\/en_US\/#website\"},\"primaryImageOfPage\":{\"@id\":\"https:\/\/isabelalvarellos.com\/las-hijas-de-israel\/#primaryimage\"},\"image\":{\"@id\":\"https:\/\/isabelalvarellos.com\/las-hijas-de-israel\/#primaryimage\"},\"thumbnailUrl\":\"https:\/\/isabelalvarellos.com\/wp-content\/uploads\/2023\/03\/lashijas_01.jpg\",\"datePublished\":\"2023-03-28T16:42:59+00:00\",\"dateModified\":\"2023-04-20T15:30:40+00:00\",\"breadcrumb\":{\"@id\":\"https:\/\/isabelalvarellos.com\/las-hijas-de-israel\/#breadcrumb\"},\"inLanguage\":\"es-ES\",\"potentialAction\":[{\"@type\":\"ReadAction\",\"target\":[\"https:\/\/isabelalvarellos.com\/las-hijas-de-israel\/\"]}]},{\"@type\":\"ImageObject\",\"inLanguage\":\"es-ES\",\"@id\":\"https:\/\/isabelalvarellos.com\/las-hijas-de-israel\/#primaryimage\",\"url\":\"https:\/\/isabelalvarellos.com\/wp-content\/uploads\/2023\/03\/lashijas_01.jpg\",\"contentUrl\":\"https:\/\/isabelalvarellos.com\/wp-content\/uploads\/2023\/03\/lashijas_01.jpg\"},{\"@type\":\"BreadcrumbList\",\"@id\":\"https:\/\/isabelalvarellos.com\/las-hijas-de-israel\/#breadcrumb\",\"itemListElement\":[{\"@type\":\"ListItem\",\"position\":1,\"name\":\"Home\",\"item\":\"https:\/\/isabelalvarellos.com\/\"},{\"@type\":\"ListItem\",\"position\":2,\"name\":\"Las Hijas de Israel\"}]},{\"@type\":\"WebSite\",\"@id\":\"https:\/\/isabelalvarellos.com\/en_US\/#website\",\"url\":\"https:\/\/isabelalvarellos.com\/en_US\/\",\"name\":\"Isabel Alvarellos\",\"description\":\"Artista\",\"potentialAction\":[{\"@type\":\"SearchAction\",\"target\":{\"@type\":\"EntryPoint\",\"urlTemplate\":\"https:\/\/isabelalvarellos.com\/en_US\/?s={search_term_string}\"},\"query-input\":{\"@type\":\"PropertyValueSpecification\",\"valueRequired\":true,\"valueName\":\"search_term_string\"}}],\"inLanguage\":\"es-ES\"}]}<\/script>\n<!-- \/ Yoast SEO plugin. -->","yoast_head_json":{"title":"Las Hijas de Israel - Isabel Alvarellos","robots":{"index":"index","follow":"follow","max-snippet":"max-snippet:-1","max-image-preview":"max-image-preview:large","max-video-preview":"max-video-preview:-1"},"canonical":"https:\/\/isabelalvarellos.com\/las-hijas-de-israel\/","og_locale":"es_ES","og_type":"article","og_title":"Las Hijas de Israel - Isabel Alvarellos","og_description":"Las Hijas de Israel es un colectivo de informaci\u00f3n indisciplinaria formado por Ivan Gonzalez y Mat\u00edas D\u00edaz. En los a\u00f1os 2013 y 2014 trabajaron junto a F\u00e1tima Madonna e Isabel Alvarellos quienes colaboraron activamente ...","og_url":"https:\/\/isabelalvarellos.com\/las-hijas-de-israel\/","og_site_name":"Isabel Alvarellos","article_modified_time":"2023-04-20T15:30:40+00:00","og_image":[{"url":"https:\/\/isabelalvarellos.com\/wp-content\/uploads\/2023\/03\/lashijas_01.jpg","type":"","width":"","height":""}],"twitter_card":"summary_large_image","twitter_misc":{"Est. reading time":"2 minutes"},"schema":{"@context":"https:\/\/schema.org","@graph":[{"@type":"WebPage","@id":"https:\/\/isabelalvarellos.com\/las-hijas-de-israel\/","url":"https:\/\/isabelalvarellos.com\/las-hijas-de-israel\/","name":"Las Hijas de Israel - Isabel Alvarellos","isPartOf":{"@id":"https:\/\/isabelalvarellos.com\/en_US\/#website"},"primaryImageOfPage":{"@id":"https:\/\/isabelalvarellos.com\/las-hijas-de-israel\/#primaryimage"},"image":{"@id":"https:\/\/isabelalvarellos.com\/las-hijas-de-israel\/#primaryimage"},"thumbnailUrl":"https:\/\/isabelalvarellos.com\/wp-content\/uploads\/2023\/03\/lashijas_01.jpg","datePublished":"2023-03-28T16:42:59+00:00","dateModified":"2023-04-20T15:30:40+00:00","breadcrumb":{"@id":"https:\/\/isabelalvarellos.com\/las-hijas-de-israel\/#breadcrumb"},"inLanguage":"es-ES","potentialAction":[{"@type":"ReadAction","target":["https:\/\/isabelalvarellos.com\/las-hijas-de-israel\/"]}]},{"@type":"ImageObject","inLanguage":"es-ES","@id":"https:\/\/isabelalvarellos.com\/las-hijas-de-israel\/#primaryimage","url":"https:\/\/isabelalvarellos.com\/wp-content\/uploads\/2023\/03\/lashijas_01.jpg","contentUrl":"https:\/\/isabelalvarellos.com\/wp-content\/uploads\/2023\/03\/lashijas_01.jpg"},{"@type":"BreadcrumbList","@id":"https:\/\/isabelalvarellos.com\/las-hijas-de-israel\/#breadcrumb","itemListElement":[{"@type":"ListItem","position":1,"name":"Home","item":"https:\/\/isabelalvarellos.com\/"},{"@type":"ListItem","position":2,"name":"Las Hijas de Israel"}]},{"@type":"WebSite","@id":"https:\/\/isabelalvarellos.com\/en_US\/#website","url":"https:\/\/isabelalvarellos.com\/en_US\/","name":"Isabel Alvarellos","description":"Artista","potentialAction":[{"@type":"SearchAction","target":{"@type":"EntryPoint","urlTemplate":"https:\/\/isabelalvarellos.com\/en_US\/?s={search_term_string}"},"query-input":{"@type":"PropertyValueSpecification","valueRequired":true,"valueName":"search_term_string"}}],"inLanguage":"es-ES"}]}},"_links":{"self":[{"href":"https:\/\/isabelalvarellos.com\/es_ES\/wp-json\/wp\/v2\/pages\/992","targetHints":{"allow":["GET"]}}],"collection":[{"href":"https:\/\/isabelalvarellos.com\/es_ES\/wp-json\/wp\/v2\/pages"}],"about":[{"href":"https:\/\/isabelalvarellos.com\/es_ES\/wp-json\/wp\/v2\/types\/page"}],"author":[{"embeddable":true,"href":"https:\/\/isabelalvarellos.com\/es_ES\/wp-json\/wp\/v2\/users\/1"}],"replies":[{"embeddable":true,"href":"https:\/\/isabelalvarellos.com\/es_ES\/wp-json\/wp\/v2\/comments?post=992"}],"version-history":[{"count":30,"href":"https:\/\/isabelalvarellos.com\/es_ES\/wp-json\/wp\/v2\/pages\/992\/revisions"}],"predecessor-version":[{"id":1259,"href":"https:\/\/isabelalvarellos.com\/es_ES\/wp-json\/wp\/v2\/pages\/992\/revisions\/1259"}],"wp:attachment":[{"href":"https:\/\/isabelalvarellos.com\/es_ES\/wp-json\/wp\/v2\/media?parent=992"}],"curies":[{"name":"wp","href":"https:\/\/api.w.org\/{rel}","templated":true}]}}