{"id":904,"date":"2023-03-11T19:18:29","date_gmt":"2023-03-11T19:18:29","guid":{"rendered":"https:\/\/isabelalvarellos.moolastudio.com\/?page_id=904"},"modified":"2023-04-20T15:25:05","modified_gmt":"2023-04-20T15:25:05","slug":"el-cuartito","status":"publish","type":"page","link":"https:\/\/isabelalvarellos.com\/es_ES\/el-cuartito\/","title":{"rendered":"Cuartito Criminal"},"content":{"rendered":"<p>\u201cCuartito<br \/>\n Criminal\u201d es parte del Proyecto Gloria Genet que abarca tambi\u00e9n la puesta en escena de la obra \u201cSanta Jaula\u201d.<br \/>\nAmbas gestadas en el Estudio Esc\u00e9nico La Potos\u00ed.<\/p>\n<p>Director: Santiago San Paulo &#8211; Actrices: Isabel Alvarellos y Agostina Ferreyra.<\/p>\n<p>Algunas de las preguntas que nos impulsan a la creaci\u00f3n:<br \/>\n\u00bfHa sido el teatro para Jean Genet un enemigo declarado? \u00bfC\u00f3mo hacer triunfar el mal en la escena?, \u00bfC\u00f3mo santificarlo en la dramaturgia?, \u00bfC\u00f3mo traer el teatro dentro del teatro? \u00bfC\u00f3mo hacer ahora cuerpo a Genet? Actuando. En Mayo 2017 iniciamos una investigaci\u00f3n pr\u00e1ctico-te\u00f3rica mediante un proceso de entrenamiento y estudio en el cual citamos, en lecturas y trabajo esc\u00e9nico, el universo po\u00e9tico del autor Jean Genet. En un sentido, podr\u00edamos admitir cierta dosis de clasicismo en las b\u00fasquedas, abordajes, decisiones. Agregamos una pregunta clave para el desarrollo del entrenamiento pensando en Genet: \u00bfQu\u00e9 es la Actuaci\u00f3n? Una pregunta que nos sirvi\u00f3 como impulso para la improvisaci\u00f3n y escritura de escenas para la creaci\u00f3n de dos piezas teatrales. Con la<br \/>\nidea a\u00fan latente de completar una trilog\u00eda.<\/p>\n<p><img loading=\"lazy\" decoding=\"async\" class=\"alignnone size-full wp-image-988\" src=\"https:\/\/isabelalvarellos.com\/wp-content\/uploads\/2023\/03\/60547583_10156379343426033_2680157603857694720_n.jpg\" alt=\"\" width=\"960\" height=\"640\" srcset=\"https:\/\/isabelalvarellos.com\/wp-content\/uploads\/2023\/03\/60547583_10156379343426033_2680157603857694720_n.jpg 960w, https:\/\/isabelalvarellos.com\/wp-content\/uploads\/2023\/03\/60547583_10156379343426033_2680157603857694720_n-300x200.jpg 300w, https:\/\/isabelalvarellos.com\/wp-content\/uploads\/2023\/03\/60547583_10156379343426033_2680157603857694720_n-768x512.jpg 768w, https:\/\/isabelalvarellos.com\/wp-content\/uploads\/2023\/03\/60547583_10156379343426033_2680157603857694720_n-750x500.jpg 750w\" sizes=\"auto, (max-width: 960px) 100vw, 960px\" \/><br \/>\n<img loading=\"lazy\" decoding=\"async\" class=\"alignnone size-full wp-image-985\" src=\"https:\/\/isabelalvarellos.com\/wp-content\/uploads\/2023\/03\/40279742_2489584027735425_7023205881915375616_n.jpg\" alt=\"\" width=\"2048\" height=\"1365\" srcset=\"https:\/\/isabelalvarellos.com\/wp-content\/uploads\/2023\/03\/40279742_2489584027735425_7023205881915375616_n.jpg 2048w, https:\/\/isabelalvarellos.com\/wp-content\/uploads\/2023\/03\/40279742_2489584027735425_7023205881915375616_n-300x200.jpg 300w, https:\/\/isabelalvarellos.com\/wp-content\/uploads\/2023\/03\/40279742_2489584027735425_7023205881915375616_n-1024x683.jpg 1024w, https:\/\/isabelalvarellos.com\/wp-content\/uploads\/2023\/03\/40279742_2489584027735425_7023205881915375616_n-768x512.jpg 768w, https:\/\/isabelalvarellos.com\/wp-content\/uploads\/2023\/03\/40279742_2489584027735425_7023205881915375616_n-1536x1024.jpg 1536w, https:\/\/isabelalvarellos.com\/wp-content\/uploads\/2023\/03\/40279742_2489584027735425_7023205881915375616_n-750x500.jpg 750w\" sizes=\"auto, (max-width: 2048px) 100vw, 2048px\" \/> <img loading=\"lazy\" decoding=\"async\" class=\"alignnone size-full wp-image-986\" src=\"https:\/\/isabelalvarellos.com\/wp-content\/uploads\/2023\/03\/41591327_2507296389297522_1639245728184270848_n.jpg\" alt=\"\" width=\"1842\" height=\"1035\" srcset=\"https:\/\/isabelalvarellos.com\/wp-content\/uploads\/2023\/03\/41591327_2507296389297522_1639245728184270848_n.jpg 1842w, https:\/\/isabelalvarellos.com\/wp-content\/uploads\/2023\/03\/41591327_2507296389297522_1639245728184270848_n-300x169.jpg 300w, https:\/\/isabelalvarellos.com\/wp-content\/uploads\/2023\/03\/41591327_2507296389297522_1639245728184270848_n-1024x575.jpg 1024w, https:\/\/isabelalvarellos.com\/wp-content\/uploads\/2023\/03\/41591327_2507296389297522_1639245728184270848_n-768x432.jpg 768w, https:\/\/isabelalvarellos.com\/wp-content\/uploads\/2023\/03\/41591327_2507296389297522_1639245728184270848_n-1536x863.jpg 1536w, https:\/\/isabelalvarellos.com\/wp-content\/uploads\/2023\/03\/41591327_2507296389297522_1639245728184270848_n-750x421.jpg 750w\" sizes=\"auto, (max-width: 1842px) 100vw, 1842px\" \/> <img loading=\"lazy\" decoding=\"async\" class=\"alignnone size-full wp-image-987\" src=\"https:\/\/isabelalvarellos.com\/wp-content\/uploads\/2023\/03\/41637562_2508706789156482_2177733222924812288_n.jpg\" alt=\"\" width=\"1842\" height=\"1035\" srcset=\"https:\/\/isabelalvarellos.com\/wp-content\/uploads\/2023\/03\/41637562_2508706789156482_2177733222924812288_n.jpg 1842w, https:\/\/isabelalvarellos.com\/wp-content\/uploads\/2023\/03\/41637562_2508706789156482_2177733222924812288_n-300x169.jpg 300w, https:\/\/isabelalvarellos.com\/wp-content\/uploads\/2023\/03\/41637562_2508706789156482_2177733222924812288_n-1024x575.jpg 1024w, https:\/\/isabelalvarellos.com\/wp-content\/uploads\/2023\/03\/41637562_2508706789156482_2177733222924812288_n-768x432.jpg 768w, https:\/\/isabelalvarellos.com\/wp-content\/uploads\/2023\/03\/41637562_2508706789156482_2177733222924812288_n-1536x863.jpg 1536w, https:\/\/isabelalvarellos.com\/wp-content\/uploads\/2023\/03\/41637562_2508706789156482_2177733222924812288_n-750x421.jpg 750w\" sizes=\"auto, (max-width: 1842px) 100vw, 1842px\" \/> \u00a0<img loading=\"lazy\" decoding=\"async\" class=\"alignnone size-full wp-image-989\" src=\"https:\/\/isabelalvarellos.com\/wp-content\/uploads\/2023\/03\/69367997_1664810313651334_8255535048288108544_n.jpg\" alt=\"\" width=\"1024\" height=\"683\" srcset=\"https:\/\/isabelalvarellos.com\/wp-content\/uploads\/2023\/03\/69367997_1664810313651334_8255535048288108544_n.jpg 1024w, https:\/\/isabelalvarellos.com\/wp-content\/uploads\/2023\/03\/69367997_1664810313651334_8255535048288108544_n-300x200.jpg 300w, https:\/\/isabelalvarellos.com\/wp-content\/uploads\/2023\/03\/69367997_1664810313651334_8255535048288108544_n-768x512.jpg 768w, https:\/\/isabelalvarellos.com\/wp-content\/uploads\/2023\/03\/69367997_1664810313651334_8255535048288108544_n-750x500.jpg 750w\" sizes=\"auto, (max-width: 1024px) 100vw, 1024px\" \/><\/p>\n<p><img loading=\"lazy\" decoding=\"async\" class=\"alignnone size-full wp-image-1108\" src=\"https:\/\/isabelalvarellos.com\/wp-content\/uploads\/2023\/03\/foto-5-bco-y-ngro.jpg\" alt=\"\" width=\"2500\" height=\"1405\" srcset=\"https:\/\/isabelalvarellos.com\/wp-content\/uploads\/2023\/03\/foto-5-bco-y-ngro.jpg 2500w, https:\/\/isabelalvarellos.com\/wp-content\/uploads\/2023\/03\/foto-5-bco-y-ngro-300x169.jpg 300w, https:\/\/isabelalvarellos.com\/wp-content\/uploads\/2023\/03\/foto-5-bco-y-ngro-1024x575.jpg 1024w, https:\/\/isabelalvarellos.com\/wp-content\/uploads\/2023\/03\/foto-5-bco-y-ngro-768x432.jpg 768w, https:\/\/isabelalvarellos.com\/wp-content\/uploads\/2023\/03\/foto-5-bco-y-ngro-1536x863.jpg 1536w, https:\/\/isabelalvarellos.com\/wp-content\/uploads\/2023\/03\/foto-5-bco-y-ngro-2048x1151.jpg 2048w, https:\/\/isabelalvarellos.com\/wp-content\/uploads\/2023\/03\/foto-5-bco-y-ngro-750x422.jpg 750w\" sizes=\"auto, (max-width: 2500px) 100vw, 2500px\" \/> <img loading=\"lazy\" decoding=\"async\" class=\"alignnone size-full wp-image-1109\" src=\"https:\/\/isabelalvarellos.com\/wp-content\/uploads\/2023\/03\/Foto-9.jpg\" alt=\"\" width=\"2500\" height=\"1405\" srcset=\"https:\/\/isabelalvarellos.com\/wp-content\/uploads\/2023\/03\/Foto-9.jpg 2500w, https:\/\/isabelalvarellos.com\/wp-content\/uploads\/2023\/03\/Foto-9-300x169.jpg 300w, https:\/\/isabelalvarellos.com\/wp-content\/uploads\/2023\/03\/Foto-9-1024x575.jpg 1024w, https:\/\/isabelalvarellos.com\/wp-content\/uploads\/2023\/03\/Foto-9-768x432.jpg 768w, https:\/\/isabelalvarellos.com\/wp-content\/uploads\/2023\/03\/Foto-9-1536x863.jpg 1536w, https:\/\/isabelalvarellos.com\/wp-content\/uploads\/2023\/03\/Foto-9-2048x1151.jpg 2048w, https:\/\/isabelalvarellos.com\/wp-content\/uploads\/2023\/03\/Foto-9-750x422.jpg 750w\" sizes=\"auto, (max-width: 2500px) 100vw, 2500px\" \/><\/p>\n<p>Asistente de Direcci\u00f3n: Paulina Alejandra Bar\u00f3<br \/>\nVestuario y ambientaci\u00f3n: Edgar Tula<br \/>\nAsistencia T\u00e9cnica: Guillermo Leoni<br \/>\nEscenograf\u00eda: Pablo Chiaretta<br \/>\nEntrenamiento en muay thai: Celeste Onaindia<br \/>\nDise\u00f1o gr\u00e1fico: Marianela Verna<br \/>\nRegistro fotogr\u00e1fico: Ignacio Drago \/ Marianela Verna<br \/>\nRegistro completo de la obra: Pariente Negro Films<br \/>\nTrailer: Juan Drago<\/p>\n","protected":false},"excerpt":{"rendered":"<p>\u201cCuartito Criminal\u201d es parte del Proyecto Gloria Genet que abarca tambi\u00e9n la puesta en escena de la obra \u201cSanta Jaula\u201d.<br \/>\nAmbas gestadas en el Estudio Esc\u00e9nico La Potos\u00ed.<\/p>\n<p>Director: Santiago San Paulo &#8211; Actrices: Isabel Alvarellos y Agostina Ferreyr&#8230;<\/p>\n","protected":false},"author":1,"featured_media":0,"parent":0,"menu_order":0,"comment_status":"closed","ping_status":"closed","template":"","meta":{"footnotes":""},"class_list":["post-904","page","type-page","status-publish","hentry"],"yoast_head":"<!-- This site is optimized with the Yoast SEO plugin v27.2 - https:\/\/yoast.com\/product\/yoast-seo-wordpress\/ -->\n<title>Cuartito Criminal - Isabel Alvarellos<\/title>\n<meta name=\"robots\" content=\"index, follow, max-snippet:-1, max-image-preview:large, max-video-preview:-1\" \/>\n<link rel=\"canonical\" href=\"https:\/\/isabelalvarellos.com\/el-cuartito\/\" \/>\n<meta property=\"og:locale\" content=\"es_ES\" \/>\n<meta property=\"og:type\" content=\"article\" \/>\n<meta property=\"og:title\" content=\"Cuartito Criminal - Isabel Alvarellos\" \/>\n<meta property=\"og:description\" content=\"\u201cCuartito Criminal\u201d es parte del Proyecto Gloria Genet que abarca tambi\u00e9n la puesta en escena de la obra \u201cSanta Jaula\u201d. Ambas gestadas en el Estudio Esc\u00e9nico La Potos\u00ed.  Director: Santiago San Paulo - Actrices: Isabel Alvarellos y Agostina Ferreyr...\" \/>\n<meta property=\"og:url\" content=\"https:\/\/isabelalvarellos.com\/el-cuartito\/\" \/>\n<meta property=\"og:site_name\" content=\"Isabel Alvarellos\" \/>\n<meta property=\"article:modified_time\" content=\"2023-04-20T15:25:05+00:00\" \/>\n<meta property=\"og:image\" content=\"https:\/\/isabelalvarellos.com\/wp-content\/uploads\/2023\/03\/60547583_10156379343426033_2680157603857694720_n.jpg\" \/>\n<meta name=\"twitter:card\" content=\"summary_large_image\" \/>\n<meta name=\"twitter:label1\" content=\"Est. reading time\" \/>\n\t<meta name=\"twitter:data1\" content=\"3 minutes\" \/>\n<script type=\"application\/ld+json\" class=\"yoast-schema-graph\">{\"@context\":\"https:\/\/schema.org\",\"@graph\":[{\"@type\":\"WebPage\",\"@id\":\"https:\/\/isabelalvarellos.com\/el-cuartito\/\",\"url\":\"https:\/\/isabelalvarellos.com\/el-cuartito\/\",\"name\":\"Cuartito Criminal - Isabel Alvarellos\",\"isPartOf\":{\"@id\":\"https:\/\/isabelalvarellos.com\/en_US\/#website\"},\"primaryImageOfPage\":{\"@id\":\"https:\/\/isabelalvarellos.com\/el-cuartito\/#primaryimage\"},\"image\":{\"@id\":\"https:\/\/isabelalvarellos.com\/el-cuartito\/#primaryimage\"},\"thumbnailUrl\":\"https:\/\/isabelalvarellos.com\/wp-content\/uploads\/2023\/03\/60547583_10156379343426033_2680157603857694720_n.jpg\",\"datePublished\":\"2023-03-11T19:18:29+00:00\",\"dateModified\":\"2023-04-20T15:25:05+00:00\",\"breadcrumb\":{\"@id\":\"https:\/\/isabelalvarellos.com\/el-cuartito\/#breadcrumb\"},\"inLanguage\":\"es-ES\",\"potentialAction\":[{\"@type\":\"ReadAction\",\"target\":[\"https:\/\/isabelalvarellos.com\/el-cuartito\/\"]}]},{\"@type\":\"ImageObject\",\"inLanguage\":\"es-ES\",\"@id\":\"https:\/\/isabelalvarellos.com\/el-cuartito\/#primaryimage\",\"url\":\"https:\/\/isabelalvarellos.com\/wp-content\/uploads\/2023\/03\/60547583_10156379343426033_2680157603857694720_n.jpg\",\"contentUrl\":\"https:\/\/isabelalvarellos.com\/wp-content\/uploads\/2023\/03\/60547583_10156379343426033_2680157603857694720_n.jpg\"},{\"@type\":\"BreadcrumbList\",\"@id\":\"https:\/\/isabelalvarellos.com\/el-cuartito\/#breadcrumb\",\"itemListElement\":[{\"@type\":\"ListItem\",\"position\":1,\"name\":\"Home\",\"item\":\"https:\/\/isabelalvarellos.com\/\"},{\"@type\":\"ListItem\",\"position\":2,\"name\":\"Criminal Room\"}]},{\"@type\":\"WebSite\",\"@id\":\"https:\/\/isabelalvarellos.com\/en_US\/#website\",\"url\":\"https:\/\/isabelalvarellos.com\/en_US\/\",\"name\":\"Isabel Alvarellos\",\"description\":\"Artista\",\"potentialAction\":[{\"@type\":\"SearchAction\",\"target\":{\"@type\":\"EntryPoint\",\"urlTemplate\":\"https:\/\/isabelalvarellos.com\/en_US\/?s={search_term_string}\"},\"query-input\":{\"@type\":\"PropertyValueSpecification\",\"valueRequired\":true,\"valueName\":\"search_term_string\"}}],\"inLanguage\":\"es-ES\"}]}<\/script>\n<!-- \/ Yoast SEO plugin. -->","yoast_head_json":{"title":"Cuartito Criminal - Isabel Alvarellos","robots":{"index":"index","follow":"follow","max-snippet":"max-snippet:-1","max-image-preview":"max-image-preview:large","max-video-preview":"max-video-preview:-1"},"canonical":"https:\/\/isabelalvarellos.com\/el-cuartito\/","og_locale":"es_ES","og_type":"article","og_title":"Cuartito Criminal - Isabel Alvarellos","og_description":"\u201cCuartito Criminal\u201d es parte del Proyecto Gloria Genet que abarca tambi\u00e9n la puesta en escena de la obra \u201cSanta Jaula\u201d. Ambas gestadas en el Estudio Esc\u00e9nico La Potos\u00ed.  Director: Santiago San Paulo - Actrices: Isabel Alvarellos y Agostina Ferreyr...","og_url":"https:\/\/isabelalvarellos.com\/el-cuartito\/","og_site_name":"Isabel Alvarellos","article_modified_time":"2023-04-20T15:25:05+00:00","og_image":[{"url":"https:\/\/isabelalvarellos.com\/wp-content\/uploads\/2023\/03\/60547583_10156379343426033_2680157603857694720_n.jpg","type":"","width":"","height":""}],"twitter_card":"summary_large_image","twitter_misc":{"Est. reading time":"3 minutes"},"schema":{"@context":"https:\/\/schema.org","@graph":[{"@type":"WebPage","@id":"https:\/\/isabelalvarellos.com\/el-cuartito\/","url":"https:\/\/isabelalvarellos.com\/el-cuartito\/","name":"Cuartito Criminal - Isabel Alvarellos","isPartOf":{"@id":"https:\/\/isabelalvarellos.com\/en_US\/#website"},"primaryImageOfPage":{"@id":"https:\/\/isabelalvarellos.com\/el-cuartito\/#primaryimage"},"image":{"@id":"https:\/\/isabelalvarellos.com\/el-cuartito\/#primaryimage"},"thumbnailUrl":"https:\/\/isabelalvarellos.com\/wp-content\/uploads\/2023\/03\/60547583_10156379343426033_2680157603857694720_n.jpg","datePublished":"2023-03-11T19:18:29+00:00","dateModified":"2023-04-20T15:25:05+00:00","breadcrumb":{"@id":"https:\/\/isabelalvarellos.com\/el-cuartito\/#breadcrumb"},"inLanguage":"es-ES","potentialAction":[{"@type":"ReadAction","target":["https:\/\/isabelalvarellos.com\/el-cuartito\/"]}]},{"@type":"ImageObject","inLanguage":"es-ES","@id":"https:\/\/isabelalvarellos.com\/el-cuartito\/#primaryimage","url":"https:\/\/isabelalvarellos.com\/wp-content\/uploads\/2023\/03\/60547583_10156379343426033_2680157603857694720_n.jpg","contentUrl":"https:\/\/isabelalvarellos.com\/wp-content\/uploads\/2023\/03\/60547583_10156379343426033_2680157603857694720_n.jpg"},{"@type":"BreadcrumbList","@id":"https:\/\/isabelalvarellos.com\/el-cuartito\/#breadcrumb","itemListElement":[{"@type":"ListItem","position":1,"name":"Home","item":"https:\/\/isabelalvarellos.com\/"},{"@type":"ListItem","position":2,"name":"Criminal Room"}]},{"@type":"WebSite","@id":"https:\/\/isabelalvarellos.com\/en_US\/#website","url":"https:\/\/isabelalvarellos.com\/en_US\/","name":"Isabel Alvarellos","description":"Artista","potentialAction":[{"@type":"SearchAction","target":{"@type":"EntryPoint","urlTemplate":"https:\/\/isabelalvarellos.com\/en_US\/?s={search_term_string}"},"query-input":{"@type":"PropertyValueSpecification","valueRequired":true,"valueName":"search_term_string"}}],"inLanguage":"es-ES"}]}},"_links":{"self":[{"href":"https:\/\/isabelalvarellos.com\/es_ES\/wp-json\/wp\/v2\/pages\/904","targetHints":{"allow":["GET"]}}],"collection":[{"href":"https:\/\/isabelalvarellos.com\/es_ES\/wp-json\/wp\/v2\/pages"}],"about":[{"href":"https:\/\/isabelalvarellos.com\/es_ES\/wp-json\/wp\/v2\/types\/page"}],"author":[{"embeddable":true,"href":"https:\/\/isabelalvarellos.com\/es_ES\/wp-json\/wp\/v2\/users\/1"}],"replies":[{"embeddable":true,"href":"https:\/\/isabelalvarellos.com\/es_ES\/wp-json\/wp\/v2\/comments?post=904"}],"version-history":[{"count":10,"href":"https:\/\/isabelalvarellos.com\/es_ES\/wp-json\/wp\/v2\/pages\/904\/revisions"}],"predecessor-version":[{"id":1253,"href":"https:\/\/isabelalvarellos.com\/es_ES\/wp-json\/wp\/v2\/pages\/904\/revisions\/1253"}],"wp:attachment":[{"href":"https:\/\/isabelalvarellos.com\/es_ES\/wp-json\/wp\/v2\/media?parent=904"}],"curies":[{"name":"wp","href":"https:\/\/api.w.org\/{rel}","templated":true}]}}