{"id":902,"date":"2023-03-11T19:18:13","date_gmt":"2023-03-11T19:18:13","guid":{"rendered":"https:\/\/isabelalvarellos.moolastudio.com\/?page_id=902"},"modified":"2023-04-20T15:09:42","modified_gmt":"2023-04-20T15:09:42","slug":"la-habitacion","status":"publish","type":"page","link":"https:\/\/isabelalvarellos.com\/es_ES\/la-habitacion\/","title":{"rendered":"La Habitaci\u00f3n"},"content":{"rendered":"<p><span\n style=\"font-weight: 400;\">Una obra de Gabriela Bondone estrenada en Madrid en el 2021 con funciones en el Museo Reina Sof\u00eda y en el Teatro Pradillo.<\/span><\/p>\n<p>La Habitaci\u00f3n es un<br \/>\n<span\n style=\"font-weight: 400;\">dispositivo<\/span><br \/>\n<span\n style=\"font-weight: 400;\"> dise\u00f1ado para que la <\/span><br \/>\n<span\n style=\"font-weight: 400;\">improvisaci\u00f3n<\/span><br \/>\n<span\n style=\"font-weight: 400;\"> suceda, es una invitaci\u00f3n a la <\/span><br \/>\n<span\n style=\"font-weight: 400;\">imaginaci\u00f3n<\/span><br \/>\n<span\n style=\"font-weight: 400;\">, una pr\u00e1ctica del <\/span><br \/>\n<span\n style=\"font-weight: 400;\">recordar<\/span><br \/>\n<span\n style=\"font-weight: 400;\">. <\/span><br \/>\n<span\n style=\"font-weight: 400;\">Es una<\/span><br \/>\n<span\n style=\"font-weight: 400;\">superposici\u00f3n<\/span><br \/>\n<span\n style=\"font-weight: 400;\">de espacialidades, un viaje temporo-<\/span><br \/>\n<span\n style=\"font-weight: 400;\">espacial<\/span><br \/>\n<span\n style=\"font-weight: 400;\">.<\/span><\/p>\n<p>La Habitaci\u00f3n evoca espacios en los que hemos vivido y que, de alg\u00fan modo, forman parte de nosotras. Pero, \u00bfc\u00f3mo se desenvuelve la memoria corporal que desarrollamos en los espacios que hemos habitado cuando estamos fuera de ellos?<\/p>\n<p><span\n style=\"font-weight: 400;\">En tanto nombrar es imposible -ya que cada palabra omite la \u00fanica parte de lo que quiere decir-, ahuecamos el c\u00f3digo mismo que establecemos y nos dejamos ir hacia lenguajes abstractos. As\u00ed le damos lugar a aquello que, sospechamos, las palabras omiten.\u00a0<\/span><\/p>\n<p><span\n style=\"font-weight: 400;\">De este modo, nos orientamos a hacer presente esta memoria corporal a trav\u00e9s de la descripci\u00f3n de sus formas, materiales, objetos, pero tambi\u00e9n de aquello que est\u00e1 por fuera de lo aparente. Queremos darle un lugar concreto a estos espacios que habitan nuestra memoria, nuestro cuerpo, por lo que en escena apelamos a una descripci\u00f3n exhaustiva de los espacios para que aparezcan. Ejercitamos recordarlos, reconstruirlos, traerlos al presente.<\/span><\/p>\n<p><img loading=\"lazy\" decoding=\"async\" class=\"alignnone size-full wp-image-942\" src=\"https:\/\/isabelalvarellos.moolastudio.com\/wp-content\/uploads\/2023\/03\/lahabitacion03.jpg\" alt=\"\" width=\"2000\" height=\"1215\" srcset=\"https:\/\/isabelalvarellos.com\/wp-content\/uploads\/2023\/03\/lahabitacion03.jpg 2000w, https:\/\/isabelalvarellos.com\/wp-content\/uploads\/2023\/03\/lahabitacion03-300x182.jpg 300w, https:\/\/isabelalvarellos.com\/wp-content\/uploads\/2023\/03\/lahabitacion03-1024x622.jpg 1024w, https:\/\/isabelalvarellos.com\/wp-content\/uploads\/2023\/03\/lahabitacion03-768x467.jpg 768w, https:\/\/isabelalvarellos.com\/wp-content\/uploads\/2023\/03\/lahabitacion03-1536x933.jpg 1536w, https:\/\/isabelalvarellos.com\/wp-content\/uploads\/2023\/03\/lahabitacion03-750x456.jpg 750w\" sizes=\"auto, (max-width: 2000px) 100vw, 2000px\" \/><\/p>\n<p><img loading=\"lazy\" decoding=\"async\" class=\"alignnone size-full wp-image-971\" src=\"https:\/\/isabelalvarellos.com\/wp-content\/uploads\/2023\/03\/lahabitaion05.jpg\" alt=\"\" width=\"2500\" height=\"1859\" srcset=\"https:\/\/isabelalvarellos.com\/wp-content\/uploads\/2023\/03\/lahabitaion05.jpg 2500w, https:\/\/isabelalvarellos.com\/wp-content\/uploads\/2023\/03\/lahabitaion05-300x223.jpg 300w, https:\/\/isabelalvarellos.com\/wp-content\/uploads\/2023\/03\/lahabitaion05-1024x761.jpg 1024w, https:\/\/isabelalvarellos.com\/wp-content\/uploads\/2023\/03\/lahabitaion05-768x571.jpg 768w, https:\/\/isabelalvarellos.com\/wp-content\/uploads\/2023\/03\/lahabitaion05-1536x1142.jpg 1536w, https:\/\/isabelalvarellos.com\/wp-content\/uploads\/2023\/03\/lahabitaion05-2048x1523.jpg 2048w, https:\/\/isabelalvarellos.com\/wp-content\/uploads\/2023\/03\/lahabitaion05-750x558.jpg 750w\" sizes=\"auto, (max-width: 2500px) 100vw, 2500px\" \/><\/p>\n<p><img loading=\"lazy\" decoding=\"async\" class=\"alignnone size-full wp-image-969\" src=\"https:\/\/isabelalvarellos.com\/wp-content\/uploads\/2023\/03\/lahabitacion_04-1.jpg\" alt=\"\" width=\"2500\" height=\"1535\" srcset=\"https:\/\/isabelalvarellos.com\/wp-content\/uploads\/2023\/03\/lahabitacion_04-1.jpg 2500w, https:\/\/isabelalvarellos.com\/wp-content\/uploads\/2023\/03\/lahabitacion_04-1-300x184.jpg 300w, https:\/\/isabelalvarellos.com\/wp-content\/uploads\/2023\/03\/lahabitacion_04-1-1024x629.jpg 1024w, https:\/\/isabelalvarellos.com\/wp-content\/uploads\/2023\/03\/lahabitacion_04-1-768x472.jpg 768w, https:\/\/isabelalvarellos.com\/wp-content\/uploads\/2023\/03\/lahabitacion_04-1-1536x943.jpg 1536w, https:\/\/isabelalvarellos.com\/wp-content\/uploads\/2023\/03\/lahabitacion_04-1-2048x1257.jpg 2048w, https:\/\/isabelalvarellos.com\/wp-content\/uploads\/2023\/03\/lahabitacion_04-1-750x461.jpg 750w\" sizes=\"auto, (max-width: 2500px) 100vw, 2500px\" \/> <img loading=\"lazy\" decoding=\"async\" class=\"alignnone size-full wp-image-1066\" src=\"https:\/\/isabelalvarellos.com\/wp-content\/uploads\/2023\/03\/habitacino6-1.jpg\" alt=\"\" width=\"1200\" height=\"621\" srcset=\"https:\/\/isabelalvarellos.com\/wp-content\/uploads\/2023\/03\/habitacino6-1.jpg 1200w, https:\/\/isabelalvarellos.com\/wp-content\/uploads\/2023\/03\/habitacino6-1-300x155.jpg 300w, https:\/\/isabelalvarellos.com\/wp-content\/uploads\/2023\/03\/habitacino6-1-1024x530.jpg 1024w, https:\/\/isabelalvarellos.com\/wp-content\/uploads\/2023\/03\/habitacino6-1-768x397.jpg 768w, https:\/\/isabelalvarellos.com\/wp-content\/uploads\/2023\/03\/habitacino6-1-750x388.jpg 750w\" sizes=\"auto, (max-width: 1200px) 100vw, 1200px\" \/> <img loading=\"lazy\" decoding=\"async\" class=\"alignnone size-full wp-image-1067\" src=\"https:\/\/isabelalvarellos.com\/wp-content\/uploads\/2023\/03\/habitacion7-1.jpg\" alt=\"\" width=\"1200\" height=\"1071\" srcset=\"https:\/\/isabelalvarellos.com\/wp-content\/uploads\/2023\/03\/habitacion7-1.jpg 1200w, https:\/\/isabelalvarellos.com\/wp-content\/uploads\/2023\/03\/habitacion7-1-300x268.jpg 300w, https:\/\/isabelalvarellos.com\/wp-content\/uploads\/2023\/03\/habitacion7-1-1024x914.jpg 1024w, https:\/\/isabelalvarellos.com\/wp-content\/uploads\/2023\/03\/habitacion7-1-768x685.jpg 768w, https:\/\/isabelalvarellos.com\/wp-content\/uploads\/2023\/03\/habitacion7-1-750x669.jpg 750w\" sizes=\"auto, (max-width: 1200px) 100vw, 1200px\" \/>\u00a0 \u00a0<img loading=\"lazy\" decoding=\"async\" class=\"alignnone size-full wp-image-970\" src=\"https:\/\/isabelalvarellos.com\/wp-content\/uploads\/2023\/03\/lahabitaion04-1.jpg\" alt=\"\" width=\"2500\" height=\"1589\" srcset=\"https:\/\/isabelalvarellos.com\/wp-content\/uploads\/2023\/03\/lahabitaion04-1.jpg 2500w, https:\/\/isabelalvarellos.com\/wp-content\/uploads\/2023\/03\/lahabitaion04-1-300x191.jpg 300w, https:\/\/isabelalvarellos.com\/wp-content\/uploads\/2023\/03\/lahabitaion04-1-1024x651.jpg 1024w, https:\/\/isabelalvarellos.com\/wp-content\/uploads\/2023\/03\/lahabitaion04-1-768x488.jpg 768w, https:\/\/isabelalvarellos.com\/wp-content\/uploads\/2023\/03\/lahabitaion04-1-1536x976.jpg 1536w, https:\/\/isabelalvarellos.com\/wp-content\/uploads\/2023\/03\/lahabitaion04-1-2048x1302.jpg 2048w, https:\/\/isabelalvarellos.com\/wp-content\/uploads\/2023\/03\/lahabitaion04-1-750x477.jpg 750w\" sizes=\"auto, (max-width: 2500px) 100vw, 2500px\" \/> \u00a0<img loading=\"lazy\" decoding=\"async\" class=\"alignnone size-full wp-image-972\" src=\"https:\/\/isabelalvarellos.com\/wp-content\/uploads\/2023\/03\/lahabitaion06.jpg\" alt=\"\" width=\"2016\" height=\"1228\" srcset=\"https:\/\/isabelalvarellos.com\/wp-content\/uploads\/2023\/03\/lahabitaion06.jpg 2016w, https:\/\/isabelalvarellos.com\/wp-content\/uploads\/2023\/03\/lahabitaion06-300x183.jpg 300w, https:\/\/isabelalvarellos.com\/wp-content\/uploads\/2023\/03\/lahabitaion06-1024x624.jpg 1024w, https:\/\/isabelalvarellos.com\/wp-content\/uploads\/2023\/03\/lahabitaion06-768x468.jpg 768w, https:\/\/isabelalvarellos.com\/wp-content\/uploads\/2023\/03\/lahabitaion06-1536x936.jpg 1536w, https:\/\/isabelalvarellos.com\/wp-content\/uploads\/2023\/03\/lahabitaion06-750x457.jpg 750w\" sizes=\"auto, (max-width: 2016px) 100vw, 2016px\" \/><\/p>\n","protected":false},"excerpt":{"rendered":"<p><span style=\"font-weight: 400;\">Una obra de Gabriela Bondone estrenada en Madrid en el 2021 con funciones en el Museo Reina Sof\u00eda y en el Teatro Pradillo.<\/span><\/p>\n<p>La Habitaci\u00f3n es un <span style=\"font-weight: 400;\">dispositivo<\/span><span style=\"fo...\n<\/p>\n","protected":false},"author":1,"featured_media":0,"parent":0,"menu_order":0,"comment_status":"closed","ping_status":"closed","template":"","meta":{"footnotes":""},"class_list":["post-902","page","type-page","status-publish","hentry"],"yoast_head":"<!-- This site is optimized with the Yoast SEO plugin v27.2 - https:\/\/yoast.com\/product\/yoast-seo-wordpress\/ -->\n<title>La Habitaci\u00f3n - Isabel Alvarellos<\/title>\n<meta name=\"robots\" content=\"index, follow, max-snippet:-1, max-image-preview:large, max-video-preview:-1\" \/>\n<link rel=\"canonical\" href=\"https:\/\/isabelalvarellos.com\/la-habitacion\/\" \/>\n<meta property=\"og:locale\" content=\"es_ES\" \/>\n<meta property=\"og:type\" content=\"article\" \/>\n<meta property=\"og:title\" content=\"La Habitaci\u00f3n - Isabel Alvarellos\" \/>\n<meta property=\"og:description\" content=\"Una obra de Gabriela Bondone estrenada en Madrid en el 2021 con funciones en el Museo Reina Sof\u00eda y en el Teatro Pradillo.  La Habitaci\u00f3n es un dispositivo\" \/>\n<meta property=\"og:url\" content=\"https:\/\/isabelalvarellos.com\/la-habitacion\/\" \/>\n<meta property=\"og:site_name\" content=\"Isabel Alvarellos\" \/>\n<meta property=\"article:modified_time\" content=\"2023-04-20T15:09:42+00:00\" \/>\n<meta property=\"og:image\" content=\"https:\/\/isabelalvarellos.moolastudio.com\/wp-content\/uploads\/2023\/03\/lahabitacion03.jpg\" \/>\n<meta name=\"twitter:card\" content=\"summary_large_image\" \/>\n<meta name=\"twitter:label1\" content=\"Est. reading time\" \/>\n\t<meta name=\"twitter:data1\" content=\"3 minutes\" \/>\n<script type=\"application\/ld+json\" class=\"yoast-schema-graph\">{\"@context\":\"https:\/\/schema.org\",\"@graph\":[{\"@type\":\"WebPage\",\"@id\":\"https:\/\/isabelalvarellos.com\/la-habitacion\/\",\"url\":\"https:\/\/isabelalvarellos.com\/la-habitacion\/\",\"name\":\"La Habitaci\u00f3n - Isabel Alvarellos\",\"isPartOf\":{\"@id\":\"https:\/\/isabelalvarellos.com\/en_US\/#website\"},\"primaryImageOfPage\":{\"@id\":\"https:\/\/isabelalvarellos.com\/la-habitacion\/#primaryimage\"},\"image\":{\"@id\":\"https:\/\/isabelalvarellos.com\/la-habitacion\/#primaryimage\"},\"thumbnailUrl\":\"https:\/\/isabelalvarellos.moolastudio.com\/wp-content\/uploads\/2023\/03\/lahabitacion03.jpg\",\"datePublished\":\"2023-03-11T19:18:13+00:00\",\"dateModified\":\"2023-04-20T15:09:42+00:00\",\"breadcrumb\":{\"@id\":\"https:\/\/isabelalvarellos.com\/la-habitacion\/#breadcrumb\"},\"inLanguage\":\"es-ES\",\"potentialAction\":[{\"@type\":\"ReadAction\",\"target\":[\"https:\/\/isabelalvarellos.com\/la-habitacion\/\"]}]},{\"@type\":\"ImageObject\",\"inLanguage\":\"es-ES\",\"@id\":\"https:\/\/isabelalvarellos.com\/la-habitacion\/#primaryimage\",\"url\":\"https:\/\/isabelalvarellos.moolastudio.com\/wp-content\/uploads\/2023\/03\/lahabitacion03.jpg\",\"contentUrl\":\"https:\/\/isabelalvarellos.moolastudio.com\/wp-content\/uploads\/2023\/03\/lahabitacion03.jpg\"},{\"@type\":\"BreadcrumbList\",\"@id\":\"https:\/\/isabelalvarellos.com\/la-habitacion\/#breadcrumb\",\"itemListElement\":[{\"@type\":\"ListItem\",\"position\":1,\"name\":\"Home\",\"item\":\"https:\/\/isabelalvarellos.com\/\"},{\"@type\":\"ListItem\",\"position\":2,\"name\":\"The Room\"}]},{\"@type\":\"WebSite\",\"@id\":\"https:\/\/isabelalvarellos.com\/en_US\/#website\",\"url\":\"https:\/\/isabelalvarellos.com\/en_US\/\",\"name\":\"Isabel Alvarellos\",\"description\":\"Artista\",\"potentialAction\":[{\"@type\":\"SearchAction\",\"target\":{\"@type\":\"EntryPoint\",\"urlTemplate\":\"https:\/\/isabelalvarellos.com\/en_US\/?s={search_term_string}\"},\"query-input\":{\"@type\":\"PropertyValueSpecification\",\"valueRequired\":true,\"valueName\":\"search_term_string\"}}],\"inLanguage\":\"es-ES\"}]}<\/script>\n<!-- \/ Yoast SEO plugin. -->","yoast_head_json":{"title":"La Habitaci\u00f3n - Isabel Alvarellos","robots":{"index":"index","follow":"follow","max-snippet":"max-snippet:-1","max-image-preview":"max-image-preview:large","max-video-preview":"max-video-preview:-1"},"canonical":"https:\/\/isabelalvarellos.com\/la-habitacion\/","og_locale":"es_ES","og_type":"article","og_title":"La Habitaci\u00f3n - Isabel Alvarellos","og_description":"Una obra de Gabriela Bondone estrenada en Madrid en el 2021 con funciones en el Museo Reina Sof\u00eda y en el Teatro Pradillo.  La Habitaci\u00f3n es un dispositivo","og_url":"https:\/\/isabelalvarellos.com\/la-habitacion\/","og_site_name":"Isabel Alvarellos","article_modified_time":"2023-04-20T15:09:42+00:00","og_image":[{"url":"https:\/\/isabelalvarellos.moolastudio.com\/wp-content\/uploads\/2023\/03\/lahabitacion03.jpg","type":"","width":"","height":""}],"twitter_card":"summary_large_image","twitter_misc":{"Est. reading time":"3 minutes"},"schema":{"@context":"https:\/\/schema.org","@graph":[{"@type":"WebPage","@id":"https:\/\/isabelalvarellos.com\/la-habitacion\/","url":"https:\/\/isabelalvarellos.com\/la-habitacion\/","name":"La Habitaci\u00f3n - Isabel Alvarellos","isPartOf":{"@id":"https:\/\/isabelalvarellos.com\/en_US\/#website"},"primaryImageOfPage":{"@id":"https:\/\/isabelalvarellos.com\/la-habitacion\/#primaryimage"},"image":{"@id":"https:\/\/isabelalvarellos.com\/la-habitacion\/#primaryimage"},"thumbnailUrl":"https:\/\/isabelalvarellos.moolastudio.com\/wp-content\/uploads\/2023\/03\/lahabitacion03.jpg","datePublished":"2023-03-11T19:18:13+00:00","dateModified":"2023-04-20T15:09:42+00:00","breadcrumb":{"@id":"https:\/\/isabelalvarellos.com\/la-habitacion\/#breadcrumb"},"inLanguage":"es-ES","potentialAction":[{"@type":"ReadAction","target":["https:\/\/isabelalvarellos.com\/la-habitacion\/"]}]},{"@type":"ImageObject","inLanguage":"es-ES","@id":"https:\/\/isabelalvarellos.com\/la-habitacion\/#primaryimage","url":"https:\/\/isabelalvarellos.moolastudio.com\/wp-content\/uploads\/2023\/03\/lahabitacion03.jpg","contentUrl":"https:\/\/isabelalvarellos.moolastudio.com\/wp-content\/uploads\/2023\/03\/lahabitacion03.jpg"},{"@type":"BreadcrumbList","@id":"https:\/\/isabelalvarellos.com\/la-habitacion\/#breadcrumb","itemListElement":[{"@type":"ListItem","position":1,"name":"Home","item":"https:\/\/isabelalvarellos.com\/"},{"@type":"ListItem","position":2,"name":"The Room"}]},{"@type":"WebSite","@id":"https:\/\/isabelalvarellos.com\/en_US\/#website","url":"https:\/\/isabelalvarellos.com\/en_US\/","name":"Isabel Alvarellos","description":"Artista","potentialAction":[{"@type":"SearchAction","target":{"@type":"EntryPoint","urlTemplate":"https:\/\/isabelalvarellos.com\/en_US\/?s={search_term_string}"},"query-input":{"@type":"PropertyValueSpecification","valueRequired":true,"valueName":"search_term_string"}}],"inLanguage":"es-ES"}]}},"_links":{"self":[{"href":"https:\/\/isabelalvarellos.com\/es_ES\/wp-json\/wp\/v2\/pages\/902","targetHints":{"allow":["GET"]}}],"collection":[{"href":"https:\/\/isabelalvarellos.com\/es_ES\/wp-json\/wp\/v2\/pages"}],"about":[{"href":"https:\/\/isabelalvarellos.com\/es_ES\/wp-json\/wp\/v2\/types\/page"}],"author":[{"embeddable":true,"href":"https:\/\/isabelalvarellos.com\/es_ES\/wp-json\/wp\/v2\/users\/1"}],"replies":[{"embeddable":true,"href":"https:\/\/isabelalvarellos.com\/es_ES\/wp-json\/wp\/v2\/comments?post=902"}],"version-history":[{"count":23,"href":"https:\/\/isabelalvarellos.com\/es_ES\/wp-json\/wp\/v2\/pages\/902\/revisions"}],"predecessor-version":[{"id":1238,"href":"https:\/\/isabelalvarellos.com\/es_ES\/wp-json\/wp\/v2\/pages\/902\/revisions\/1238"}],"wp:attachment":[{"href":"https:\/\/isabelalvarellos.com\/es_ES\/wp-json\/wp\/v2\/media?parent=902"}],"curies":[{"name":"wp","href":"https:\/\/api.w.org\/{rel}","templated":true}]}}