{"id":231,"date":"2018-11-18T19:42:34","date_gmt":"2018-11-18T19:42:34","guid":{"rendered":"http:\/\/guillermomena.moolastudio.com\/?page_id=231"},"modified":"2023-04-20T15:07:09","modified_gmt":"2023-04-20T15:07:09","slug":"cruces","status":"publish","type":"page","link":"https:\/\/isabelalvarellos.com\/es_ES\/cruces\/","title":{"rendered":"Cruces"},"content":{"rendered":"<p><span\n style=\"font-weight: 400;\">Sala Maria Zambrano, C\u00edrculo de Bellas Artes,\u00a0 Madrid, Espa\u00f1a,\u00a0 Junio de 2022.<br \/>\nInt\u00e9rpretes de la obra: Gabriela Bondone, Isabel Alvarellos Vivanco \/ M\u00fasicos de la obra: Marcos Bueno, Jeff Clover \/\u00a0Tutoras: Lola Blasco, Aitana Cordero<br \/>\nRegistro fotogr\u00e1fico por: Juli\u00e1n Lona<br \/>\n<\/span><\/p>\n<p>Mi nombre es Isabel Alvarellos Vivanco. Nac\u00ed en la siesta del domingo trece de marzo de mil novecientos ochenta y ocho en C\u00f3rdoba, Argentina. Mi pasi\u00f3n por los lenguajes me llev\u00f3 a estudiar filolog\u00eda francesa y paralelamente, mi deseo por contar historias me hizo actriz. En este cruce, hoy elijo escribir mi historia para contar otro cuento. Dar luz a los recuerdos, poner la lupa en lo sensible. Partiendo desde el c\u00f3digo de la autoficci\u00f3n, mi investigaci\u00f3n tiene como pilares a la confesi\u00f3n y al juego. Juego desde el cuerpo, la materialidad de la escena. En esta obra que estoy pariendo escribo, act\u00fao y dirijo, un trabajo propio y colectivo a la vez. Me importa que lo \u00edntimo nos interpele. Porque, al fin y al cabo, la vida y el arte. Los cruces de lenguajes, personas, disciplinas y obsesiones crean en esta pieza un mundo posible, una ficci\u00f3n \u00edntima, una escritura esc\u00e9nica. Desde y para el cuerpo, mi pr\u00e1ctica art\u00edstica es, ha sido y puedo apostar a que seguir\u00e1 siendo el proceso de m\u00faltiples encuentros con din\u00e1micas de palabra y escucha atenta a lo fr\u00e1gil de la bomba.<\/p>\n<p><img loading=\"lazy\" decoding=\"async\" class=\"alignnone size-full wp-image-1079\" src=\"https:\/\/isabelalvarellos.com\/wp-content\/uploads\/2023\/03\/Cruces_04-1.jpg\" alt=\"\" width=\"2500\" height=\"1080\" srcset=\"https:\/\/isabelalvarellos.com\/wp-content\/uploads\/2023\/03\/Cruces_04-1.jpg 2500w, https:\/\/isabelalvarellos.com\/wp-content\/uploads\/2023\/03\/Cruces_04-1-300x130.jpg 300w, https:\/\/isabelalvarellos.com\/wp-content\/uploads\/2023\/03\/Cruces_04-1-1024x442.jpg 1024w, https:\/\/isabelalvarellos.com\/wp-content\/uploads\/2023\/03\/Cruces_04-1-768x332.jpg 768w, https:\/\/isabelalvarellos.com\/wp-content\/uploads\/2023\/03\/Cruces_04-1-1536x664.jpg 1536w, https:\/\/isabelalvarellos.com\/wp-content\/uploads\/2023\/03\/Cruces_04-1-2048x885.jpg 2048w, https:\/\/isabelalvarellos.com\/wp-content\/uploads\/2023\/03\/Cruces_04-1-750x324.jpg 750w\" sizes=\"auto, (max-width: 2500px) 100vw, 2500px\" \/><\/p>\n<p><img loading=\"lazy\" decoding=\"async\" class=\"alignnone size-full wp-image-927\" src=\"https:\/\/isabelalvarellos.moolastudio.com\/wp-content\/uploads\/2023\/03\/Cruces_01.jpg\" alt=\"\" width=\"1280\" height=\"932\" srcset=\"https:\/\/isabelalvarellos.com\/wp-content\/uploads\/2023\/03\/Cruces_01.jpg 1280w, https:\/\/isabelalvarellos.com\/wp-content\/uploads\/2023\/03\/Cruces_01-300x218.jpg 300w, https:\/\/isabelalvarellos.com\/wp-content\/uploads\/2023\/03\/Cruces_01-1024x746.jpg 1024w, https:\/\/isabelalvarellos.com\/wp-content\/uploads\/2023\/03\/Cruces_01-768x559.jpg 768w, https:\/\/isabelalvarellos.com\/wp-content\/uploads\/2023\/03\/Cruces_01-750x546.jpg 750w\" sizes=\"auto, (max-width: 1280px) 100vw, 1280px\" \/><br \/>\n<img loading=\"lazy\" decoding=\"async\" class=\"alignnone size-full wp-image-1078\" src=\"https:\/\/isabelalvarellos.com\/wp-content\/uploads\/2023\/03\/Cruces_07-2.jpg\" alt=\"\" width=\"2000\" height=\"2384\" srcset=\"https:\/\/isabelalvarellos.com\/wp-content\/uploads\/2023\/03\/Cruces_07-2.jpg 2000w, https:\/\/isabelalvarellos.com\/wp-content\/uploads\/2023\/03\/Cruces_07-2-252x300.jpg 252w, https:\/\/isabelalvarellos.com\/wp-content\/uploads\/2023\/03\/Cruces_07-2-859x1024.jpg 859w, https:\/\/isabelalvarellos.com\/wp-content\/uploads\/2023\/03\/Cruces_07-2-768x915.jpg 768w, https:\/\/isabelalvarellos.com\/wp-content\/uploads\/2023\/03\/Cruces_07-2-1289x1536.jpg 1289w\" sizes=\"auto, (max-width: 2000px) 100vw, 2000px\" \/><img loading=\"lazy\" decoding=\"async\" class=\"alignnone size-full wp-image-1074\" src=\"https:\/\/isabelalvarellos.com\/wp-content\/uploads\/2023\/03\/Cruces_05.jpg\" alt=\"\" width=\"2000\" height=\"1333\" srcset=\"https:\/\/isabelalvarellos.com\/wp-content\/uploads\/2023\/03\/Cruces_05.jpg 2000w, https:\/\/isabelalvarellos.com\/wp-content\/uploads\/2023\/03\/Cruces_05-300x200.jpg 300w, https:\/\/isabelalvarellos.com\/wp-content\/uploads\/2023\/03\/Cruces_05-1024x682.jpg 1024w, https:\/\/isabelalvarellos.com\/wp-content\/uploads\/2023\/03\/Cruces_05-768x512.jpg 768w, https:\/\/isabelalvarellos.com\/wp-content\/uploads\/2023\/03\/Cruces_05-1536x1024.jpg 1536w, https:\/\/isabelalvarellos.com\/wp-content\/uploads\/2023\/03\/Cruces_05-750x500.jpg 750w\" sizes=\"auto, (max-width: 2000px) 100vw, 2000px\" \/><\/p>\n<p><img loading=\"lazy\" decoding=\"async\" class=\"alignnone size-full wp-image-1075\" src=\"https:\/\/isabelalvarellos.com\/wp-content\/uploads\/2023\/03\/Cruces_06.jpg\" alt=\"\" width=\"2000\" height=\"1243\" srcset=\"https:\/\/isabelalvarellos.com\/wp-content\/uploads\/2023\/03\/Cruces_06.jpg 2000w, https:\/\/isabelalvarellos.com\/wp-content\/uploads\/2023\/03\/Cruces_06-300x186.jpg 300w, https:\/\/isabelalvarellos.com\/wp-content\/uploads\/2023\/03\/Cruces_06-1024x636.jpg 1024w, https:\/\/isabelalvarellos.com\/wp-content\/uploads\/2023\/03\/Cruces_06-768x477.jpg 768w, https:\/\/isabelalvarellos.com\/wp-content\/uploads\/2023\/03\/Cruces_06-1536x955.jpg 1536w, https:\/\/isabelalvarellos.com\/wp-content\/uploads\/2023\/03\/Cruces_06-750x466.jpg 750w\" sizes=\"auto, (max-width: 2000px) 100vw, 2000px\" \/><br \/>\n<img loading=\"lazy\" decoding=\"async\" class=\"alignnone size-full wp-image-928\" src=\"https:\/\/isabelalvarellos.moolastudio.com\/wp-content\/uploads\/2023\/03\/Cruces_02.jpg\" alt=\"\" width=\"2000\" height=\"1626\" srcset=\"https:\/\/isabelalvarellos.com\/wp-content\/uploads\/2023\/03\/Cruces_02.jpg 2000w, https:\/\/isabelalvarellos.com\/wp-content\/uploads\/2023\/03\/Cruces_02-300x244.jpg 300w, https:\/\/isabelalvarellos.com\/wp-content\/uploads\/2023\/03\/Cruces_02-1024x833.jpg 1024w, https:\/\/isabelalvarellos.com\/wp-content\/uploads\/2023\/03\/Cruces_02-768x624.jpg 768w, https:\/\/isabelalvarellos.com\/wp-content\/uploads\/2023\/03\/Cruces_02-1536x1249.jpg 1536w, https:\/\/isabelalvarellos.com\/wp-content\/uploads\/2023\/03\/Cruces_02-750x610.jpg 750w\" sizes=\"auto, (max-width: 2000px) 100vw, 2000px\" \/> <img loading=\"lazy\" decoding=\"async\" class=\"alignnone size-full wp-image-929\" src=\"https:\/\/isabelalvarellos.moolastudio.com\/wp-content\/uploads\/2023\/03\/cruces_03.jpg\" alt=\"\" width=\"2000\" height=\"1265\" srcset=\"https:\/\/isabelalvarellos.com\/wp-content\/uploads\/2023\/03\/cruces_03.jpg 2000w, https:\/\/isabelalvarellos.com\/wp-content\/uploads\/2023\/03\/cruces_03-300x190.jpg 300w, https:\/\/isabelalvarellos.com\/wp-content\/uploads\/2023\/03\/cruces_03-1024x648.jpg 1024w, https:\/\/isabelalvarellos.com\/wp-content\/uploads\/2023\/03\/cruces_03-768x486.jpg 768w, https:\/\/isabelalvarellos.com\/wp-content\/uploads\/2023\/03\/cruces_03-1536x972.jpg 1536w, https:\/\/isabelalvarellos.com\/wp-content\/uploads\/2023\/03\/cruces_03-750x474.jpg 750w\" sizes=\"auto, (max-width: 2000px) 100vw, 2000px\" \/><\/p>\n<h6><\/h6>\n<h6><\/h6>\n<h6><\/h6>\n","protected":false},"excerpt":{"rendered":"<p><span style=\"font-weight: 400;\">Sala Maria Zambrano, C\u00edrculo de Bellas Artes,\u00a0 Madrid, Espa\u00f1a,\u00a0 Junio de 2022.<br \/>\nInt\u00e9rpretes de la obra: Gabriela Bondone, Isabel Alvarellos Vivanco \/ M\u00fasicos de la obra: Marcos Bueno, Jeff Clover \/\u00a0Tutoras: Lola Blasco&#8230;<\/p>\n","protected":false},"author":2,"featured_media":0,"parent":0,"menu_order":0,"comment_status":"closed","ping_status":"closed","template":"","meta":{"footnotes":""},"class_list":["post-231","page","type-page","status-publish","hentry"],"yoast_head":"<!-- This site is optimized with the Yoast SEO plugin v27.2 - https:\/\/yoast.com\/product\/yoast-seo-wordpress\/ -->\n<title>Cruces - Isabel Alvarellos<\/title>\n<meta name=\"robots\" content=\"index, follow, max-snippet:-1, max-image-preview:large, max-video-preview:-1\" \/>\n<link rel=\"canonical\" href=\"https:\/\/isabelalvarellos.com\/cruces\/\" \/>\n<meta property=\"og:locale\" content=\"es_ES\" \/>\n<meta property=\"og:type\" content=\"article\" \/>\n<meta property=\"og:title\" content=\"Cruces - Isabel Alvarellos\" \/>\n<meta property=\"og:description\" content=\"Sala Maria Zambrano, C\u00edrculo de Bellas Artes,\u00a0 Madrid, Espa\u00f1a,\u00a0 Junio de 2022. Int\u00e9rpretes de la obra: Gabriela Bondone, Isabel Alvarellos Vivanco \/ M\u00fasicos de la obra: Marcos Bueno, Jeff Clover \/\u00a0Tutoras: Lola Blasco...\" \/>\n<meta property=\"og:url\" content=\"https:\/\/isabelalvarellos.com\/cruces\/\" \/>\n<meta property=\"og:site_name\" content=\"Isabel Alvarellos\" \/>\n<meta property=\"article:modified_time\" content=\"2023-04-20T15:07:09+00:00\" \/>\n<meta property=\"og:image\" content=\"https:\/\/isabelalvarellos.com\/wp-content\/uploads\/2023\/03\/Cruces_04-1.jpg\" \/>\n<meta name=\"twitter:card\" content=\"summary_large_image\" \/>\n<meta name=\"twitter:label1\" content=\"Est. reading time\" \/>\n\t<meta name=\"twitter:data1\" content=\"3 minutes\" \/>\n<script type=\"application\/ld+json\" class=\"yoast-schema-graph\">{\"@context\":\"https:\/\/schema.org\",\"@graph\":[{\"@type\":\"WebPage\",\"@id\":\"https:\/\/isabelalvarellos.com\/cruces\/\",\"url\":\"https:\/\/isabelalvarellos.com\/cruces\/\",\"name\":\"Cruces - Isabel Alvarellos\",\"isPartOf\":{\"@id\":\"https:\/\/isabelalvarellos.com\/en_US\/#website\"},\"primaryImageOfPage\":{\"@id\":\"https:\/\/isabelalvarellos.com\/cruces\/#primaryimage\"},\"image\":{\"@id\":\"https:\/\/isabelalvarellos.com\/cruces\/#primaryimage\"},\"thumbnailUrl\":\"https:\/\/isabelalvarellos.com\/wp-content\/uploads\/2023\/03\/Cruces_04-1.jpg\",\"datePublished\":\"2018-11-18T19:42:34+00:00\",\"dateModified\":\"2023-04-20T15:07:09+00:00\",\"breadcrumb\":{\"@id\":\"https:\/\/isabelalvarellos.com\/cruces\/#breadcrumb\"},\"inLanguage\":\"es-ES\",\"potentialAction\":[{\"@type\":\"ReadAction\",\"target\":[\"https:\/\/isabelalvarellos.com\/cruces\/\"]}]},{\"@type\":\"ImageObject\",\"inLanguage\":\"es-ES\",\"@id\":\"https:\/\/isabelalvarellos.com\/cruces\/#primaryimage\",\"url\":\"https:\/\/isabelalvarellos.com\/wp-content\/uploads\/2023\/03\/Cruces_04-1.jpg\",\"contentUrl\":\"https:\/\/isabelalvarellos.com\/wp-content\/uploads\/2023\/03\/Cruces_04-1.jpg\"},{\"@type\":\"BreadcrumbList\",\"@id\":\"https:\/\/isabelalvarellos.com\/cruces\/#breadcrumb\",\"itemListElement\":[{\"@type\":\"ListItem\",\"position\":1,\"name\":\"Home\",\"item\":\"https:\/\/isabelalvarellos.com\/\"},{\"@type\":\"ListItem\",\"position\":2,\"name\":\"Crosses\"}]},{\"@type\":\"WebSite\",\"@id\":\"https:\/\/isabelalvarellos.com\/en_US\/#website\",\"url\":\"https:\/\/isabelalvarellos.com\/en_US\/\",\"name\":\"Isabel Alvarellos\",\"description\":\"Artista\",\"potentialAction\":[{\"@type\":\"SearchAction\",\"target\":{\"@type\":\"EntryPoint\",\"urlTemplate\":\"https:\/\/isabelalvarellos.com\/en_US\/?s={search_term_string}\"},\"query-input\":{\"@type\":\"PropertyValueSpecification\",\"valueRequired\":true,\"valueName\":\"search_term_string\"}}],\"inLanguage\":\"es-ES\"}]}<\/script>\n<!-- \/ Yoast SEO plugin. -->","yoast_head_json":{"title":"Cruces - Isabel Alvarellos","robots":{"index":"index","follow":"follow","max-snippet":"max-snippet:-1","max-image-preview":"max-image-preview:large","max-video-preview":"max-video-preview:-1"},"canonical":"https:\/\/isabelalvarellos.com\/cruces\/","og_locale":"es_ES","og_type":"article","og_title":"Cruces - Isabel Alvarellos","og_description":"Sala Maria Zambrano, C\u00edrculo de Bellas Artes,\u00a0 Madrid, Espa\u00f1a,\u00a0 Junio de 2022. Int\u00e9rpretes de la obra: Gabriela Bondone, Isabel Alvarellos Vivanco \/ M\u00fasicos de la obra: Marcos Bueno, Jeff Clover \/\u00a0Tutoras: Lola Blasco...","og_url":"https:\/\/isabelalvarellos.com\/cruces\/","og_site_name":"Isabel Alvarellos","article_modified_time":"2023-04-20T15:07:09+00:00","og_image":[{"url":"https:\/\/isabelalvarellos.com\/wp-content\/uploads\/2023\/03\/Cruces_04-1.jpg","type":"","width":"","height":""}],"twitter_card":"summary_large_image","twitter_misc":{"Est. reading time":"3 minutes"},"schema":{"@context":"https:\/\/schema.org","@graph":[{"@type":"WebPage","@id":"https:\/\/isabelalvarellos.com\/cruces\/","url":"https:\/\/isabelalvarellos.com\/cruces\/","name":"Cruces - Isabel Alvarellos","isPartOf":{"@id":"https:\/\/isabelalvarellos.com\/en_US\/#website"},"primaryImageOfPage":{"@id":"https:\/\/isabelalvarellos.com\/cruces\/#primaryimage"},"image":{"@id":"https:\/\/isabelalvarellos.com\/cruces\/#primaryimage"},"thumbnailUrl":"https:\/\/isabelalvarellos.com\/wp-content\/uploads\/2023\/03\/Cruces_04-1.jpg","datePublished":"2018-11-18T19:42:34+00:00","dateModified":"2023-04-20T15:07:09+00:00","breadcrumb":{"@id":"https:\/\/isabelalvarellos.com\/cruces\/#breadcrumb"},"inLanguage":"es-ES","potentialAction":[{"@type":"ReadAction","target":["https:\/\/isabelalvarellos.com\/cruces\/"]}]},{"@type":"ImageObject","inLanguage":"es-ES","@id":"https:\/\/isabelalvarellos.com\/cruces\/#primaryimage","url":"https:\/\/isabelalvarellos.com\/wp-content\/uploads\/2023\/03\/Cruces_04-1.jpg","contentUrl":"https:\/\/isabelalvarellos.com\/wp-content\/uploads\/2023\/03\/Cruces_04-1.jpg"},{"@type":"BreadcrumbList","@id":"https:\/\/isabelalvarellos.com\/cruces\/#breadcrumb","itemListElement":[{"@type":"ListItem","position":1,"name":"Home","item":"https:\/\/isabelalvarellos.com\/"},{"@type":"ListItem","position":2,"name":"Crosses"}]},{"@type":"WebSite","@id":"https:\/\/isabelalvarellos.com\/en_US\/#website","url":"https:\/\/isabelalvarellos.com\/en_US\/","name":"Isabel Alvarellos","description":"Artista","potentialAction":[{"@type":"SearchAction","target":{"@type":"EntryPoint","urlTemplate":"https:\/\/isabelalvarellos.com\/en_US\/?s={search_term_string}"},"query-input":{"@type":"PropertyValueSpecification","valueRequired":true,"valueName":"search_term_string"}}],"inLanguage":"es-ES"}]}},"_links":{"self":[{"href":"https:\/\/isabelalvarellos.com\/es_ES\/wp-json\/wp\/v2\/pages\/231","targetHints":{"allow":["GET"]}}],"collection":[{"href":"https:\/\/isabelalvarellos.com\/es_ES\/wp-json\/wp\/v2\/pages"}],"about":[{"href":"https:\/\/isabelalvarellos.com\/es_ES\/wp-json\/wp\/v2\/types\/page"}],"author":[{"embeddable":true,"href":"https:\/\/isabelalvarellos.com\/es_ES\/wp-json\/wp\/v2\/users\/2"}],"replies":[{"embeddable":true,"href":"https:\/\/isabelalvarellos.com\/es_ES\/wp-json\/wp\/v2\/comments?post=231"}],"version-history":[{"count":76,"href":"https:\/\/isabelalvarellos.com\/es_ES\/wp-json\/wp\/v2\/pages\/231\/revisions"}],"predecessor-version":[{"id":1236,"href":"https:\/\/isabelalvarellos.com\/es_ES\/wp-json\/wp\/v2\/pages\/231\/revisions\/1236"}],"wp:attachment":[{"href":"https:\/\/isabelalvarellos.com\/es_ES\/wp-json\/wp\/v2\/media?parent=231"}],"curies":[{"name":"wp","href":"https:\/\/api.w.org\/{rel}","templated":true}]}}