{"id":1179,"date":"2023-04-07T13:13:31","date_gmt":"2023-04-07T13:13:31","guid":{"rendered":"https:\/\/isabelalvarellos.com\/?page_id=1179"},"modified":"2023-04-20T15:35:57","modified_gmt":"2023-04-20T15:35:57","slug":"jornadas-cage","status":"publish","type":"page","link":"https:\/\/isabelalvarellos.com\/es_ES\/jornadas-cage\/","title":{"rendered":"Jornadas Cage"},"content":{"rendered":"<p><span\n style=\"font-weight: 400;\">MES\u00d3STICO EN EL CUERPO (Individual)<\/span><\/p>\n<p><span\n style=\"font-weight: 400;\">Video performance para Performer y tromb\u00f3n en vivo. Jornadas Cage 2015 \u2013 Mi\u00e9rcoles 9 de Septiembre de 2015. Museo de las Mujeres MUMU . C\u00f3rdoba Argentina. Isabel Alvarellos Performer. Roc\u00edo Elizondo Tromb\u00f3n.<\/p>\n<p><\/span><\/p>\n<p><iframe loading=\"lazy\" title=\"YouTube video player\" src=\"https:\/\/www.youtube.com\/embed\/NkxjYeRugz4\" width=\"760\" height=\"515\" frameborder=\"0\" allowfullscreen=\"allowfullscreen\"><\/iframe><\/p>\n<p><iframe loading=\"lazy\" title=\"YouTube video player\" src=\"https:\/\/www.youtube.com\/embed\/bhkuzx5avuA?start=926\" width=\"760\" height=\"515\" frameborder=\"0\" allowfullscreen=\"allowfullscreen\"><\/iframe><\/p>\n","protected":false},"excerpt":{"rendered":"<p><span style=\"font-weight: 400;\">MES\u00d3STICO EN EL CUERPO (Individual)<\/span><\/p>\n<p><span style=\"font-weight: 400;\">Video performance para Performer y tromb\u00f3n en vivo. Jornadas Cage 2015 \u2013 Mi\u00e9rcoles 9 de Septiembre de 2015. Museo de las Mujeres MUMU . C\u00f3rd&#8230;<\/p>\n","protected":false},"author":1,"featured_media":0,"parent":0,"menu_order":0,"comment_status":"closed","ping_status":"closed","template":"","meta":{"footnotes":""},"class_list":["post-1179","page","type-page","status-publish","hentry"],"yoast_head":"<!-- This site is optimized with the Yoast SEO plugin v27.2 - https:\/\/yoast.com\/product\/yoast-seo-wordpress\/ -->\n<title>Jornadas Cage - Isabel Alvarellos<\/title>\n<meta name=\"robots\" content=\"index, follow, max-snippet:-1, max-image-preview:large, max-video-preview:-1\" \/>\n<link rel=\"canonical\" href=\"https:\/\/isabelalvarellos.com\/jornadas-cage\/\" \/>\n<meta property=\"og:locale\" content=\"es_ES\" \/>\n<meta property=\"og:type\" content=\"article\" \/>\n<meta property=\"og:title\" content=\"Jornadas Cage - Isabel Alvarellos\" \/>\n<meta property=\"og:description\" content=\"MES\u00d3STICO EN EL CUERPO (Individual)  Video performance para Performer y tromb\u00f3n en vivo. Jornadas Cage 2015 \u2013 Mi\u00e9rcoles 9 de Septiembre de 2015. Museo de las Mujeres MUMU . C\u00f3rd...\" \/>\n<meta property=\"og:url\" content=\"https:\/\/isabelalvarellos.com\/jornadas-cage\/\" \/>\n<meta property=\"og:site_name\" content=\"Isabel Alvarellos\" \/>\n<meta property=\"article:modified_time\" content=\"2023-04-20T15:35:57+00:00\" \/>\n<meta name=\"twitter:card\" content=\"summary_large_image\" \/>\n<meta name=\"twitter:label1\" content=\"Est. reading time\" \/>\n\t<meta name=\"twitter:data1\" content=\"1 minute\" \/>\n<script type=\"application\/ld+json\" class=\"yoast-schema-graph\">{\"@context\":\"https:\/\/schema.org\",\"@graph\":[{\"@type\":\"WebPage\",\"@id\":\"https:\/\/isabelalvarellos.com\/jornadas-cage\/\",\"url\":\"https:\/\/isabelalvarellos.com\/jornadas-cage\/\",\"name\":\"Jornadas Cage - Isabel Alvarellos\",\"isPartOf\":{\"@id\":\"https:\/\/isabelalvarellos.com\/en_US\/#website\"},\"datePublished\":\"2023-04-07T13:13:31+00:00\",\"dateModified\":\"2023-04-20T15:35:57+00:00\",\"breadcrumb\":{\"@id\":\"https:\/\/isabelalvarellos.com\/jornadas-cage\/#breadcrumb\"},\"inLanguage\":\"es-ES\",\"potentialAction\":[{\"@type\":\"ReadAction\",\"target\":[\"https:\/\/isabelalvarellos.com\/jornadas-cage\/\"]}]},{\"@type\":\"BreadcrumbList\",\"@id\":\"https:\/\/isabelalvarellos.com\/jornadas-cage\/#breadcrumb\",\"itemListElement\":[{\"@type\":\"ListItem\",\"position\":1,\"name\":\"Home\",\"item\":\"https:\/\/isabelalvarellos.com\/\"},{\"@type\":\"ListItem\",\"position\":2,\"name\":\"Cage days\"}]},{\"@type\":\"WebSite\",\"@id\":\"https:\/\/isabelalvarellos.com\/en_US\/#website\",\"url\":\"https:\/\/isabelalvarellos.com\/en_US\/\",\"name\":\"Isabel Alvarellos\",\"description\":\"Artista\",\"potentialAction\":[{\"@type\":\"SearchAction\",\"target\":{\"@type\":\"EntryPoint\",\"urlTemplate\":\"https:\/\/isabelalvarellos.com\/en_US\/?s={search_term_string}\"},\"query-input\":{\"@type\":\"PropertyValueSpecification\",\"valueRequired\":true,\"valueName\":\"search_term_string\"}}],\"inLanguage\":\"es-ES\"}]}<\/script>\n<!-- \/ Yoast SEO plugin. -->","yoast_head_json":{"title":"Jornadas Cage - Isabel Alvarellos","robots":{"index":"index","follow":"follow","max-snippet":"max-snippet:-1","max-image-preview":"max-image-preview:large","max-video-preview":"max-video-preview:-1"},"canonical":"https:\/\/isabelalvarellos.com\/jornadas-cage\/","og_locale":"es_ES","og_type":"article","og_title":"Jornadas Cage - Isabel Alvarellos","og_description":"MES\u00d3STICO EN EL CUERPO (Individual)  Video performance para Performer y tromb\u00f3n en vivo. Jornadas Cage 2015 \u2013 Mi\u00e9rcoles 9 de Septiembre de 2015. Museo de las Mujeres MUMU . C\u00f3rd...","og_url":"https:\/\/isabelalvarellos.com\/jornadas-cage\/","og_site_name":"Isabel Alvarellos","article_modified_time":"2023-04-20T15:35:57+00:00","twitter_card":"summary_large_image","twitter_misc":{"Est. reading time":"1 minute"},"schema":{"@context":"https:\/\/schema.org","@graph":[{"@type":"WebPage","@id":"https:\/\/isabelalvarellos.com\/jornadas-cage\/","url":"https:\/\/isabelalvarellos.com\/jornadas-cage\/","name":"Jornadas Cage - Isabel Alvarellos","isPartOf":{"@id":"https:\/\/isabelalvarellos.com\/en_US\/#website"},"datePublished":"2023-04-07T13:13:31+00:00","dateModified":"2023-04-20T15:35:57+00:00","breadcrumb":{"@id":"https:\/\/isabelalvarellos.com\/jornadas-cage\/#breadcrumb"},"inLanguage":"es-ES","potentialAction":[{"@type":"ReadAction","target":["https:\/\/isabelalvarellos.com\/jornadas-cage\/"]}]},{"@type":"BreadcrumbList","@id":"https:\/\/isabelalvarellos.com\/jornadas-cage\/#breadcrumb","itemListElement":[{"@type":"ListItem","position":1,"name":"Home","item":"https:\/\/isabelalvarellos.com\/"},{"@type":"ListItem","position":2,"name":"Cage days"}]},{"@type":"WebSite","@id":"https:\/\/isabelalvarellos.com\/en_US\/#website","url":"https:\/\/isabelalvarellos.com\/en_US\/","name":"Isabel Alvarellos","description":"Artista","potentialAction":[{"@type":"SearchAction","target":{"@type":"EntryPoint","urlTemplate":"https:\/\/isabelalvarellos.com\/en_US\/?s={search_term_string}"},"query-input":{"@type":"PropertyValueSpecification","valueRequired":true,"valueName":"search_term_string"}}],"inLanguage":"es-ES"}]}},"_links":{"self":[{"href":"https:\/\/isabelalvarellos.com\/es_ES\/wp-json\/wp\/v2\/pages\/1179","targetHints":{"allow":["GET"]}}],"collection":[{"href":"https:\/\/isabelalvarellos.com\/es_ES\/wp-json\/wp\/v2\/pages"}],"about":[{"href":"https:\/\/isabelalvarellos.com\/es_ES\/wp-json\/wp\/v2\/types\/page"}],"author":[{"embeddable":true,"href":"https:\/\/isabelalvarellos.com\/es_ES\/wp-json\/wp\/v2\/users\/1"}],"replies":[{"embeddable":true,"href":"https:\/\/isabelalvarellos.com\/es_ES\/wp-json\/wp\/v2\/comments?post=1179"}],"version-history":[{"count":10,"href":"https:\/\/isabelalvarellos.com\/es_ES\/wp-json\/wp\/v2\/pages\/1179\/revisions"}],"predecessor-version":[{"id":1268,"href":"https:\/\/isabelalvarellos.com\/es_ES\/wp-json\/wp\/v2\/pages\/1179\/revisions\/1268"}],"wp:attachment":[{"href":"https:\/\/isabelalvarellos.com\/es_ES\/wp-json\/wp\/v2\/media?parent=1179"}],"curies":[{"name":"wp","href":"https:\/\/api.w.org\/{rel}","templated":true}]}}