{"id":1010,"date":"2023-03-28T17:01:44","date_gmt":"2023-03-28T17:01:44","guid":{"rendered":"https:\/\/isabelalvarellos.com\/?page_id=1010"},"modified":"2023-04-20T15:33:22","modified_gmt":"2023-04-20T15:33:22","slug":"el-inevitable-galope-del-deseo","status":"publish","type":"page","link":"https:\/\/isabelalvarellos.com\/es_ES\/el-inevitable-galope-del-deseo\/","title":{"rendered":"El inevitable galope del deseo"},"content":{"rendered":"<p><span\n style=\"font-weight: 400;\">Par\u00eds, invierno de 1944. Plagada de uniformes verdes, ratones grises y esv\u00e1sticas. Sin taxis, cigarrillos, ni az\u00facar. Sin combustible para los autos ni carb\u00f3n para calefaccionar las casas. Entonces, el deseo.\u00a0\u00a0<\/span><br \/>\n<span\n style=\"font-weight: 400;\">Frente a la carencia, lo inevitable. La pr\u00edstina pulsi\u00f3n que nos hace ser. En la noche m\u00e1s oscura y fr\u00eda, el cuerpo del hombre expone su herida en un acto gratuito sin ganancias ni certeza alguna.\u00a0<\/span><br \/>\n<span\n style=\"font-weight: 400;\">Un hotel. Un grupo de individuos. Sujetos expuestos al hambre, al fr\u00edo y al amor. \u00bfQu\u00e9 pasa en el cruce de apetitos, cuando el deseo nos desborda, nos excede y choca con otro? \u00bfQu\u00e9 sucede cuando se fusionan?\u00a0\u00a0<\/span><br \/>\n<span\n style=\"font-weight: 400;\">Seres que habitan su verdad.<\/span><\/p>\n<p><img loading=\"lazy\" decoding=\"async\" class=\"alignnone  wp-image-1032\" src=\"https:\/\/isabelalvarellos.com\/wp-content\/uploads\/2023\/03\/11896052_10207721549943050_7789327691144992904_n.jpg\" alt=\"\" width=\"1382\" height=\"653\" srcset=\"https:\/\/isabelalvarellos.com\/wp-content\/uploads\/2023\/03\/11896052_10207721549943050_7789327691144992904_n.jpg 800w, https:\/\/isabelalvarellos.com\/wp-content\/uploads\/2023\/03\/11896052_10207721549943050_7789327691144992904_n-300x142.jpg 300w, https:\/\/isabelalvarellos.com\/wp-content\/uploads\/2023\/03\/11896052_10207721549943050_7789327691144992904_n-768x363.jpg 768w, https:\/\/isabelalvarellos.com\/wp-content\/uploads\/2023\/03\/11896052_10207721549943050_7789327691144992904_n-750x354.jpg 750w\" sizes=\"auto, (max-width: 1382px) 100vw, 1382px\" \/> \u00a0<img loading=\"lazy\" decoding=\"async\" class=\"alignnone size-full wp-image-1034\" src=\"https:\/\/isabelalvarellos.com\/wp-content\/uploads\/2023\/03\/12052371_737621536343474_3292333151711402710_o.jpg\" alt=\"\" width=\"2048\" height=\"1249\" srcset=\"https:\/\/isabelalvarellos.com\/wp-content\/uploads\/2023\/03\/12052371_737621536343474_3292333151711402710_o.jpg 2048w, https:\/\/isabelalvarellos.com\/wp-content\/uploads\/2023\/03\/12052371_737621536343474_3292333151711402710_o-300x183.jpg 300w, https:\/\/isabelalvarellos.com\/wp-content\/uploads\/2023\/03\/12052371_737621536343474_3292333151711402710_o-1024x625.jpg 1024w, https:\/\/isabelalvarellos.com\/wp-content\/uploads\/2023\/03\/12052371_737621536343474_3292333151711402710_o-768x468.jpg 768w, https:\/\/isabelalvarellos.com\/wp-content\/uploads\/2023\/03\/12052371_737621536343474_3292333151711402710_o-1536x937.jpg 1536w, https:\/\/isabelalvarellos.com\/wp-content\/uploads\/2023\/03\/12052371_737621536343474_3292333151711402710_o-750x457.jpg 750w\" sizes=\"auto, (max-width: 2048px) 100vw, 2048px\" \/> <img loading=\"lazy\" decoding=\"async\" class=\"alignnone size-full wp-image-1035\" src=\"https:\/\/isabelalvarellos.com\/wp-content\/uploads\/2023\/03\/12091371_736952493077045_1367180215009416317_o.jpg\" alt=\"\" width=\"2048\" height=\"1044\" srcset=\"https:\/\/isabelalvarellos.com\/wp-content\/uploads\/2023\/03\/12091371_736952493077045_1367180215009416317_o.jpg 2048w, https:\/\/isabelalvarellos.com\/wp-content\/uploads\/2023\/03\/12091371_736952493077045_1367180215009416317_o-300x153.jpg 300w, https:\/\/isabelalvarellos.com\/wp-content\/uploads\/2023\/03\/12091371_736952493077045_1367180215009416317_o-1024x522.jpg 1024w, https:\/\/isabelalvarellos.com\/wp-content\/uploads\/2023\/03\/12091371_736952493077045_1367180215009416317_o-768x392.jpg 768w, https:\/\/isabelalvarellos.com\/wp-content\/uploads\/2023\/03\/12091371_736952493077045_1367180215009416317_o-1536x783.jpg 1536w, https:\/\/isabelalvarellos.com\/wp-content\/uploads\/2023\/03\/12091371_736952493077045_1367180215009416317_o-750x382.jpg 750w\" sizes=\"auto, (max-width: 2048px) 100vw, 2048px\" \/><\/p>\n<p><span\n style=\"font-weight: 400;\"><strong>La Tropa Teatro<\/strong><\/span><\/p>\n<p>Es un grupo de teatro independiente, un espacio creativo multidisciplinario que propone poner diversos lenguajes en continuo di\u00e1logo. Es por ello que incorpora en sus producciones la fotograf\u00eda, el audiovisual, la performance, la m\u00fasica y diferentes lenguas. Uno de sus intereses primordiales es la utilizaci\u00f3n de espacios no convencionales, p\u00fablicos y abiertos para la realizaci\u00f3n de sus obras.<\/p>\n<p><b>La Tropa Teatro<\/b><br \/>\n<span\n style=\"font-weight: 400;\"> nace desde<\/span><b> Nouvelle \u00c9cole<\/b><br \/>\n<span\n style=\"font-weight: 400;\">, escuela de franc\u00e9s creada por <\/span><b>Isabel Alvarellos<\/b><br \/>\n<span\n style=\"font-weight: 400;\">. All\u00ed, adem\u00e1s de ense\u00f1ar la lengua francesa, se hace hincapi\u00e9 en el teatro. Es as\u00ed que se propone trabajar desde lecturas de textos te\u00f3ricos, ensayos y adaptaciones de piezas teatrales escritas durante el siglo XX, originalmente en franc\u00e9s.<\/span><\/p>\n<p><span\n style=\"font-weight: 400;\">La primera experiencia como grupo fue en el a\u00f1o 2013 cuando se adapt\u00f3 y represent\u00f3 <i>Les mamelles de Tir\u00e9sias <\/i>de Guillaume d&#8217; Apollinaire. Luego, en 2014 se trabaj\u00f3 en la adaptaci\u00f3n y puesta en escena de <i>Le d\u00e9sir atrapp\u00e9 par la queue <\/i>de <b>Pablo Picasso<\/b>, ambas bajo la direcci\u00f3n de Isabel Alvarellos. En agosto del 2015 llevamos adelante esta propuesta bajo el nombre de El <i>inevitable galope del deseo<\/i> al <b>Museo Genaro P\u00e9rez.<\/b> Realizamos cinco funciones en el patio de esta instituci\u00f3n. Esta obra propone habitar espacios no convencionales, al aire libre, en los que el espacio teatral se actualice permitiendo que la puesta en escena, actores y p\u00fablico, se encuentren en el mismo plano. En ella se combinan proyecciones audiovisuales, lenguajes<\/span><\/p>\n<p><img loading=\"lazy\" decoding=\"async\" class=\"alignnone wp-image-1031\" src=\"https:\/\/isabelalvarellos.com\/wp-content\/uploads\/2023\/03\/11794303_10207585337297819_6498433775405823570_o.jpg\" alt=\"\" width=\"506\" height=\"715\" srcset=\"https:\/\/isabelalvarellos.com\/wp-content\/uploads\/2023\/03\/11794303_10207585337297819_6498433775405823570_o.jpg 800w, https:\/\/isabelalvarellos.com\/wp-content\/uploads\/2023\/03\/11794303_10207585337297819_6498433775405823570_o-212x300.jpg 212w, https:\/\/isabelalvarellos.com\/wp-content\/uploads\/2023\/03\/11794303_10207585337297819_6498433775405823570_o-724x1024.jpg 724w, https:\/\/isabelalvarellos.com\/wp-content\/uploads\/2023\/03\/11794303_10207585337297819_6498433775405823570_o-768x1086.jpg 768w, https:\/\/isabelalvarellos.com\/wp-content\/uploads\/2023\/03\/11794303_10207585337297819_6498433775405823570_o-750x1060.jpg 750w\" sizes=\"auto, (max-width: 506px) 100vw, 506px\" \/><img loading=\"lazy\" decoding=\"async\" class=\"alignnone wp-image-1033\" src=\"https:\/\/isabelalvarellos.com\/wp-content\/uploads\/2023\/03\/11928720_10207789636045160_3249416149378215189_n.jpg\" alt=\"\" width=\"786\" height=\"714\" srcset=\"https:\/\/isabelalvarellos.com\/wp-content\/uploads\/2023\/03\/11928720_10207789636045160_3249416149378215189_n.jpg 960w, https:\/\/isabelalvarellos.com\/wp-content\/uploads\/2023\/03\/11928720_10207789636045160_3249416149378215189_n-300x273.jpg 300w, https:\/\/isabelalvarellos.com\/wp-content\/uploads\/2023\/03\/11928720_10207789636045160_3249416149378215189_n-768x698.jpg 768w, https:\/\/isabelalvarellos.com\/wp-content\/uploads\/2023\/03\/11928720_10207789636045160_3249416149378215189_n-750x682.jpg 750w\" sizes=\"auto, (max-width: 786px) 100vw, 786px\" \/><\/p>\n","protected":false},"excerpt":{"rendered":"<p><span style=\"font-weight: 400;\">Par\u00eds, invierno de 1944. Plagada de uniformes verdes, ratones grises y esv\u00e1sticas. Sin taxis, cigarrillos, ni az\u00facar. Sin combustible para los autos ni carb\u00f3n para calefaccionar las casas. Entonces, el deseo.\u00a0\u00a0<\/span><...\n<\/p>\n","protected":false},"author":1,"featured_media":0,"parent":0,"menu_order":0,"comment_status":"closed","ping_status":"closed","template":"","meta":{"footnotes":""},"class_list":["post-1010","page","type-page","status-publish","hentry"],"yoast_head":"<!-- This site is optimized with the Yoast SEO plugin v27.2 - https:\/\/yoast.com\/product\/yoast-seo-wordpress\/ -->\n<title>El inevitable galope del deseo - Isabel Alvarellos<\/title>\n<meta name=\"robots\" content=\"index, follow, max-snippet:-1, max-image-preview:large, max-video-preview:-1\" \/>\n<link rel=\"canonical\" href=\"https:\/\/isabelalvarellos.com\/el-inevitable-galope-del-deseo\/\" \/>\n<meta property=\"og:locale\" content=\"es_ES\" \/>\n<meta property=\"og:type\" content=\"article\" \/>\n<meta property=\"og:title\" content=\"El inevitable galope del deseo - Isabel Alvarellos\" \/>\n<meta property=\"og:description\" content=\"Par\u00eds, invierno de 1944. Plagada de uniformes verdes, ratones grises y esv\u00e1sticas. Sin taxis, cigarrillos, ni az\u00facar. Sin combustible para los autos ni carb\u00f3n para calefaccionar las casas. Entonces, el deseo.\u00a0\u00a0\" \/>\n<meta property=\"og:url\" content=\"https:\/\/isabelalvarellos.com\/el-inevitable-galope-del-deseo\/\" \/>\n<meta property=\"og:site_name\" content=\"Isabel Alvarellos\" \/>\n<meta property=\"article:modified_time\" content=\"2023-04-20T15:33:22+00:00\" \/>\n<meta property=\"og:image\" content=\"https:\/\/isabelalvarellos.com\/wp-content\/uploads\/2023\/03\/11896052_10207721549943050_7789327691144992904_n.jpg\" \/>\n<meta name=\"twitter:card\" content=\"summary_large_image\" \/>\n<meta name=\"twitter:label1\" content=\"Est. reading time\" \/>\n\t<meta name=\"twitter:data1\" content=\"3 minutes\" \/>\n<script type=\"application\/ld+json\" class=\"yoast-schema-graph\">{\"@context\":\"https:\/\/schema.org\",\"@graph\":[{\"@type\":\"WebPage\",\"@id\":\"https:\/\/isabelalvarellos.com\/el-inevitable-galope-del-deseo\/\",\"url\":\"https:\/\/isabelalvarellos.com\/el-inevitable-galope-del-deseo\/\",\"name\":\"El inevitable galope del deseo - Isabel Alvarellos\",\"isPartOf\":{\"@id\":\"https:\/\/isabelalvarellos.com\/en_US\/#website\"},\"primaryImageOfPage\":{\"@id\":\"https:\/\/isabelalvarellos.com\/el-inevitable-galope-del-deseo\/#primaryimage\"},\"image\":{\"@id\":\"https:\/\/isabelalvarellos.com\/el-inevitable-galope-del-deseo\/#primaryimage\"},\"thumbnailUrl\":\"https:\/\/isabelalvarellos.com\/wp-content\/uploads\/2023\/03\/11896052_10207721549943050_7789327691144992904_n.jpg\",\"datePublished\":\"2023-03-28T17:01:44+00:00\",\"dateModified\":\"2023-04-20T15:33:22+00:00\",\"breadcrumb\":{\"@id\":\"https:\/\/isabelalvarellos.com\/el-inevitable-galope-del-deseo\/#breadcrumb\"},\"inLanguage\":\"es-ES\",\"potentialAction\":[{\"@type\":\"ReadAction\",\"target\":[\"https:\/\/isabelalvarellos.com\/el-inevitable-galope-del-deseo\/\"]}]},{\"@type\":\"ImageObject\",\"inLanguage\":\"es-ES\",\"@id\":\"https:\/\/isabelalvarellos.com\/el-inevitable-galope-del-deseo\/#primaryimage\",\"url\":\"https:\/\/isabelalvarellos.com\/wp-content\/uploads\/2023\/03\/11896052_10207721549943050_7789327691144992904_n.jpg\",\"contentUrl\":\"https:\/\/isabelalvarellos.com\/wp-content\/uploads\/2023\/03\/11896052_10207721549943050_7789327691144992904_n.jpg\"},{\"@type\":\"BreadcrumbList\",\"@id\":\"https:\/\/isabelalvarellos.com\/el-inevitable-galope-del-deseo\/#breadcrumb\",\"itemListElement\":[{\"@type\":\"ListItem\",\"position\":1,\"name\":\"Home\",\"item\":\"https:\/\/isabelalvarellos.com\/\"},{\"@type\":\"ListItem\",\"position\":2,\"name\":\"The inevitable gallop of desire\"}]},{\"@type\":\"WebSite\",\"@id\":\"https:\/\/isabelalvarellos.com\/en_US\/#website\",\"url\":\"https:\/\/isabelalvarellos.com\/en_US\/\",\"name\":\"Isabel Alvarellos\",\"description\":\"Artista\",\"potentialAction\":[{\"@type\":\"SearchAction\",\"target\":{\"@type\":\"EntryPoint\",\"urlTemplate\":\"https:\/\/isabelalvarellos.com\/en_US\/?s={search_term_string}\"},\"query-input\":{\"@type\":\"PropertyValueSpecification\",\"valueRequired\":true,\"valueName\":\"search_term_string\"}}],\"inLanguage\":\"es-ES\"}]}<\/script>\n<!-- \/ Yoast SEO plugin. -->","yoast_head_json":{"title":"El inevitable galope del deseo - Isabel Alvarellos","robots":{"index":"index","follow":"follow","max-snippet":"max-snippet:-1","max-image-preview":"max-image-preview:large","max-video-preview":"max-video-preview:-1"},"canonical":"https:\/\/isabelalvarellos.com\/el-inevitable-galope-del-deseo\/","og_locale":"es_ES","og_type":"article","og_title":"El inevitable galope del deseo - Isabel Alvarellos","og_description":"Par\u00eds, invierno de 1944. Plagada de uniformes verdes, ratones grises y esv\u00e1sticas. Sin taxis, cigarrillos, ni az\u00facar. Sin combustible para los autos ni carb\u00f3n para calefaccionar las casas. Entonces, el deseo.\u00a0\u00a0","og_url":"https:\/\/isabelalvarellos.com\/el-inevitable-galope-del-deseo\/","og_site_name":"Isabel Alvarellos","article_modified_time":"2023-04-20T15:33:22+00:00","og_image":[{"url":"https:\/\/isabelalvarellos.com\/wp-content\/uploads\/2023\/03\/11896052_10207721549943050_7789327691144992904_n.jpg","type":"","width":"","height":""}],"twitter_card":"summary_large_image","twitter_misc":{"Est. reading time":"3 minutes"},"schema":{"@context":"https:\/\/schema.org","@graph":[{"@type":"WebPage","@id":"https:\/\/isabelalvarellos.com\/el-inevitable-galope-del-deseo\/","url":"https:\/\/isabelalvarellos.com\/el-inevitable-galope-del-deseo\/","name":"El inevitable galope del deseo - Isabel Alvarellos","isPartOf":{"@id":"https:\/\/isabelalvarellos.com\/en_US\/#website"},"primaryImageOfPage":{"@id":"https:\/\/isabelalvarellos.com\/el-inevitable-galope-del-deseo\/#primaryimage"},"image":{"@id":"https:\/\/isabelalvarellos.com\/el-inevitable-galope-del-deseo\/#primaryimage"},"thumbnailUrl":"https:\/\/isabelalvarellos.com\/wp-content\/uploads\/2023\/03\/11896052_10207721549943050_7789327691144992904_n.jpg","datePublished":"2023-03-28T17:01:44+00:00","dateModified":"2023-04-20T15:33:22+00:00","breadcrumb":{"@id":"https:\/\/isabelalvarellos.com\/el-inevitable-galope-del-deseo\/#breadcrumb"},"inLanguage":"es-ES","potentialAction":[{"@type":"ReadAction","target":["https:\/\/isabelalvarellos.com\/el-inevitable-galope-del-deseo\/"]}]},{"@type":"ImageObject","inLanguage":"es-ES","@id":"https:\/\/isabelalvarellos.com\/el-inevitable-galope-del-deseo\/#primaryimage","url":"https:\/\/isabelalvarellos.com\/wp-content\/uploads\/2023\/03\/11896052_10207721549943050_7789327691144992904_n.jpg","contentUrl":"https:\/\/isabelalvarellos.com\/wp-content\/uploads\/2023\/03\/11896052_10207721549943050_7789327691144992904_n.jpg"},{"@type":"BreadcrumbList","@id":"https:\/\/isabelalvarellos.com\/el-inevitable-galope-del-deseo\/#breadcrumb","itemListElement":[{"@type":"ListItem","position":1,"name":"Home","item":"https:\/\/isabelalvarellos.com\/"},{"@type":"ListItem","position":2,"name":"The inevitable gallop of desire"}]},{"@type":"WebSite","@id":"https:\/\/isabelalvarellos.com\/en_US\/#website","url":"https:\/\/isabelalvarellos.com\/en_US\/","name":"Isabel Alvarellos","description":"Artista","potentialAction":[{"@type":"SearchAction","target":{"@type":"EntryPoint","urlTemplate":"https:\/\/isabelalvarellos.com\/en_US\/?s={search_term_string}"},"query-input":{"@type":"PropertyValueSpecification","valueRequired":true,"valueName":"search_term_string"}}],"inLanguage":"es-ES"}]}},"_links":{"self":[{"href":"https:\/\/isabelalvarellos.com\/es_ES\/wp-json\/wp\/v2\/pages\/1010","targetHints":{"allow":["GET"]}}],"collection":[{"href":"https:\/\/isabelalvarellos.com\/es_ES\/wp-json\/wp\/v2\/pages"}],"about":[{"href":"https:\/\/isabelalvarellos.com\/es_ES\/wp-json\/wp\/v2\/types\/page"}],"author":[{"embeddable":true,"href":"https:\/\/isabelalvarellos.com\/es_ES\/wp-json\/wp\/v2\/users\/1"}],"replies":[{"embeddable":true,"href":"https:\/\/isabelalvarellos.com\/es_ES\/wp-json\/wp\/v2\/comments?post=1010"}],"version-history":[{"count":8,"href":"https:\/\/isabelalvarellos.com\/es_ES\/wp-json\/wp\/v2\/pages\/1010\/revisions"}],"predecessor-version":[{"id":1263,"href":"https:\/\/isabelalvarellos.com\/es_ES\/wp-json\/wp\/v2\/pages\/1010\/revisions\/1263"}],"wp:attachment":[{"href":"https:\/\/isabelalvarellos.com\/es_ES\/wp-json\/wp\/v2\/media?parent=1010"}],"curies":[{"name":"wp","href":"https:\/\/api.w.org\/{rel}","templated":true}]}}