{"id":1008,"date":"2023-03-28T17:01:26","date_gmt":"2023-03-28T17:01:26","guid":{"rendered":"https:\/\/isabelalvarellos.com\/?page_id=1008"},"modified":"2023-04-20T15:34:19","modified_gmt":"2023-04-20T15:34:19","slug":"la-orquesta-nacional-del-silencio","status":"publish","type":"page","link":"https:\/\/isabelalvarellos.com\/es_ES\/la-orquesta-nacional-del-silencio\/","title":{"rendered":"La orquesta nacional del silencio"},"content":{"rendered":"<p><span\n style=\"font-weight: 400;\">La Orquesta Nacional de Silencio surgi\u00f3 en el contexto de las 1\u00ba Jornadas Nacionales de Silencio, un encuentro acad\u00e9mico-art\u00edstico que se realiz\u00f3 los d\u00edas 20, 21 y 22 de abril de 2017 en la ciudad de C\u00f3rdoba. Estas Jornadas impulsadas por la C\u00e1tedra de Composici\u00f3n de la Facultad de Artes de la Universidad Nacional de C\u00f3rdoba sum\u00f3 en la organizaci\u00f3n al Centro de Estudios en Filosof\u00eda de la Cultura, a la Escuela de Artes de la Universidad Nacional de Quilmes y a la Licenciatura en Interpretaci\u00f3n de la Facultad de Dise\u00f1o y Arte de la Universidad Provincial de C\u00f3rdoba. El objetivo era instalar un espacio de reflexi\u00f3n en torno al Silencio y abrir un espacio para pensar el lugar que asume en diversos planos de nuestra cultura. La convocatoria abierta de ponencias y performances tuvo como protagonistas a artistas e investigadores de diferentes latitudes de nuestro pa\u00eds. La propuesta surge de un grupo de artistas m\u00fasicos, pero apunta a generar un debate transdisciplinar del asunto que nos convoca. ONS fue una iniciativa de la organizaci\u00f3n de las Jornadas sobre el eje tem\u00e1tico &#8220;el silencio en la composici\u00f3n&#8221; y con el tiempo fue defini\u00e9ndose como Po\u00e9ticas del Silencio.<\/span><\/p>\n<p><span\n style=\"font-weight: 400;\">Modus Opera IN D. MICROS(C)\u00d3PERA III (Colectiva)<\/span><\/p>\n<p><span\n style=\"font-weight: 400;\">Micro opera en un acto. Para dos performers, 9 guitarristas, un contrabajista y una <\/span><br \/>\n<span\n style=\"font-weight: 400;\">fisicoculturista. Sala Mayor del Teatro Libertador San Martin. Festival Plataforma 21. 28 de\u00a0<\/span><br \/>\n<span\n style=\"font-weight: 400;\">Septiembre de 2016 C\u00f3rdoba Argentina.<\/span><br \/>\n<span\n style=\"font-weight: 400;\">Basada en partituras de la serie Los N\u00fameros Que Cantan, obra en cuatro actos.<\/span><\/p>\n<p><a href=\"https:\/\/sites.google.com\/view\/luistoro\/microsc%C3%B3peras\"><br \/>\n<span\n style=\"font-weight: 400;\">https:\/\/sites.google.com\/view\/luistoro\/microsc%C3%B3peras <\/span><\/a><\/p>\n<p><span\n style=\"font-weight: 400;\"><img loading=\"lazy\" decoding=\"async\" class=\"alignnone size-full wp-image-1132\" src=\"https:\/\/isabelalvarellos.com\/wp-content\/uploads\/2023\/04\/14542543_1203930192996440_6164431396430445583_o.jpg\" alt=\"\" width=\"2040\" height=\"1360\" srcset=\"https:\/\/isabelalvarellos.com\/wp-content\/uploads\/2023\/04\/14542543_1203930192996440_6164431396430445583_o.jpg 2040w, https:\/\/isabelalvarellos.com\/wp-content\/uploads\/2023\/04\/14542543_1203930192996440_6164431396430445583_o-300x200.jpg 300w, https:\/\/isabelalvarellos.com\/wp-content\/uploads\/2023\/04\/14542543_1203930192996440_6164431396430445583_o-1024x683.jpg 1024w, https:\/\/isabelalvarellos.com\/wp-content\/uploads\/2023\/04\/14542543_1203930192996440_6164431396430445583_o-768x512.jpg 768w, https:\/\/isabelalvarellos.com\/wp-content\/uploads\/2023\/04\/14542543_1203930192996440_6164431396430445583_o-1536x1024.jpg 1536w, https:\/\/isabelalvarellos.com\/wp-content\/uploads\/2023\/04\/14542543_1203930192996440_6164431396430445583_o-750x500.jpg 750w\" sizes=\"auto, (max-width: 2040px) 100vw, 2040px\" \/> <img loading=\"lazy\" decoding=\"async\" class=\"alignnone size-full wp-image-1133\" src=\"https:\/\/isabelalvarellos.com\/wp-content\/uploads\/2023\/04\/14633712_1214800415242751_3360616782968895003_o.jpg\" alt=\"\" width=\"2040\" height=\"1360\" srcset=\"https:\/\/isabelalvarellos.com\/wp-content\/uploads\/2023\/04\/14633712_1214800415242751_3360616782968895003_o.jpg 2040w, https:\/\/isabelalvarellos.com\/wp-content\/uploads\/2023\/04\/14633712_1214800415242751_3360616782968895003_o-300x200.jpg 300w, https:\/\/isabelalvarellos.com\/wp-content\/uploads\/2023\/04\/14633712_1214800415242751_3360616782968895003_o-1024x683.jpg 1024w, https:\/\/isabelalvarellos.com\/wp-content\/uploads\/2023\/04\/14633712_1214800415242751_3360616782968895003_o-768x512.jpg 768w, https:\/\/isabelalvarellos.com\/wp-content\/uploads\/2023\/04\/14633712_1214800415242751_3360616782968895003_o-1536x1024.jpg 1536w, https:\/\/isabelalvarellos.com\/wp-content\/uploads\/2023\/04\/14633712_1214800415242751_3360616782968895003_o-750x500.jpg 750w\" sizes=\"auto, (max-width: 2040px) 100vw, 2040px\" \/><\/span><\/p>\n","protected":false},"excerpt":{"rendered":"<p><span style=\"font-weight: 400;\">La Orquesta Nacional de Silencio surgi\u00f3 en el contexto de las 1\u00ba Jornadas Nacionales de Silencio, un encuentro acad\u00e9mico-art\u00edstico que se realiz\u00f3 los d\u00edas 20, 21 y 22 de abril de 2017 en la ciudad de C\u00f3rdoba. Estas Jor&#8230;<\/p>\n","protected":false},"author":1,"featured_media":0,"parent":0,"menu_order":0,"comment_status":"closed","ping_status":"closed","template":"","meta":{"footnotes":""},"class_list":["post-1008","page","type-page","status-publish","hentry"],"yoast_head":"<!-- This site is optimized with the Yoast SEO plugin v27.2 - https:\/\/yoast.com\/product\/yoast-seo-wordpress\/ -->\n<title>La orquesta nacional del silencio - Isabel Alvarellos<\/title>\n<meta name=\"robots\" content=\"index, follow, max-snippet:-1, max-image-preview:large, max-video-preview:-1\" \/>\n<link rel=\"canonical\" href=\"https:\/\/isabelalvarellos.com\/la-orquesta-nacional-del-silencio\/\" \/>\n<meta property=\"og:locale\" content=\"es_ES\" \/>\n<meta property=\"og:type\" content=\"article\" \/>\n<meta property=\"og:title\" content=\"La orquesta nacional del silencio - Isabel Alvarellos\" \/>\n<meta property=\"og:description\" content=\"La Orquesta Nacional de Silencio surgi\u00f3 en el contexto de las 1\u00ba Jornadas Nacionales de Silencio, un encuentro acad\u00e9mico-art\u00edstico que se realiz\u00f3 los d\u00edas 20, 21 y 22 de abril de 2017 en la ciudad de C\u00f3rdoba. Estas Jor...\" \/>\n<meta property=\"og:url\" content=\"https:\/\/isabelalvarellos.com\/la-orquesta-nacional-del-silencio\/\" \/>\n<meta property=\"og:site_name\" content=\"Isabel Alvarellos\" \/>\n<meta property=\"article:modified_time\" content=\"2023-04-20T15:34:19+00:00\" \/>\n<meta property=\"og:image\" content=\"https:\/\/isabelalvarellos.com\/wp-content\/uploads\/2023\/04\/14542543_1203930192996440_6164431396430445583_o.jpg\" \/>\n<meta name=\"twitter:card\" content=\"summary_large_image\" \/>\n<meta name=\"twitter:label1\" content=\"Est. reading time\" \/>\n\t<meta name=\"twitter:data1\" content=\"2 minutes\" \/>\n<script type=\"application\/ld+json\" class=\"yoast-schema-graph\">{\"@context\":\"https:\/\/schema.org\",\"@graph\":[{\"@type\":\"WebPage\",\"@id\":\"https:\/\/isabelalvarellos.com\/la-orquesta-nacional-del-silencio\/\",\"url\":\"https:\/\/isabelalvarellos.com\/la-orquesta-nacional-del-silencio\/\",\"name\":\"La orquesta nacional del silencio - Isabel Alvarellos\",\"isPartOf\":{\"@id\":\"https:\/\/isabelalvarellos.com\/en_US\/#website\"},\"primaryImageOfPage\":{\"@id\":\"https:\/\/isabelalvarellos.com\/la-orquesta-nacional-del-silencio\/#primaryimage\"},\"image\":{\"@id\":\"https:\/\/isabelalvarellos.com\/la-orquesta-nacional-del-silencio\/#primaryimage\"},\"thumbnailUrl\":\"https:\/\/isabelalvarellos.com\/wp-content\/uploads\/2023\/04\/14542543_1203930192996440_6164431396430445583_o.jpg\",\"datePublished\":\"2023-03-28T17:01:26+00:00\",\"dateModified\":\"2023-04-20T15:34:19+00:00\",\"breadcrumb\":{\"@id\":\"https:\/\/isabelalvarellos.com\/la-orquesta-nacional-del-silencio\/#breadcrumb\"},\"inLanguage\":\"es-ES\",\"potentialAction\":[{\"@type\":\"ReadAction\",\"target\":[\"https:\/\/isabelalvarellos.com\/la-orquesta-nacional-del-silencio\/\"]}]},{\"@type\":\"ImageObject\",\"inLanguage\":\"es-ES\",\"@id\":\"https:\/\/isabelalvarellos.com\/la-orquesta-nacional-del-silencio\/#primaryimage\",\"url\":\"https:\/\/isabelalvarellos.com\/wp-content\/uploads\/2023\/04\/14542543_1203930192996440_6164431396430445583_o.jpg\",\"contentUrl\":\"https:\/\/isabelalvarellos.com\/wp-content\/uploads\/2023\/04\/14542543_1203930192996440_6164431396430445583_o.jpg\"},{\"@type\":\"BreadcrumbList\",\"@id\":\"https:\/\/isabelalvarellos.com\/la-orquesta-nacional-del-silencio\/#breadcrumb\",\"itemListElement\":[{\"@type\":\"ListItem\",\"position\":1,\"name\":\"Home\",\"item\":\"https:\/\/isabelalvarellos.com\/\"},{\"@type\":\"ListItem\",\"position\":2,\"name\":\"The National Silence Orchestra\"}]},{\"@type\":\"WebSite\",\"@id\":\"https:\/\/isabelalvarellos.com\/en_US\/#website\",\"url\":\"https:\/\/isabelalvarellos.com\/en_US\/\",\"name\":\"Isabel Alvarellos\",\"description\":\"Artista\",\"potentialAction\":[{\"@type\":\"SearchAction\",\"target\":{\"@type\":\"EntryPoint\",\"urlTemplate\":\"https:\/\/isabelalvarellos.com\/en_US\/?s={search_term_string}\"},\"query-input\":{\"@type\":\"PropertyValueSpecification\",\"valueRequired\":true,\"valueName\":\"search_term_string\"}}],\"inLanguage\":\"es-ES\"}]}<\/script>\n<!-- \/ Yoast SEO plugin. -->","yoast_head_json":{"title":"La orquesta nacional del silencio - Isabel Alvarellos","robots":{"index":"index","follow":"follow","max-snippet":"max-snippet:-1","max-image-preview":"max-image-preview:large","max-video-preview":"max-video-preview:-1"},"canonical":"https:\/\/isabelalvarellos.com\/la-orquesta-nacional-del-silencio\/","og_locale":"es_ES","og_type":"article","og_title":"La orquesta nacional del silencio - Isabel Alvarellos","og_description":"La Orquesta Nacional de Silencio surgi\u00f3 en el contexto de las 1\u00ba Jornadas Nacionales de Silencio, un encuentro acad\u00e9mico-art\u00edstico que se realiz\u00f3 los d\u00edas 20, 21 y 22 de abril de 2017 en la ciudad de C\u00f3rdoba. Estas Jor...","og_url":"https:\/\/isabelalvarellos.com\/la-orquesta-nacional-del-silencio\/","og_site_name":"Isabel Alvarellos","article_modified_time":"2023-04-20T15:34:19+00:00","og_image":[{"url":"https:\/\/isabelalvarellos.com\/wp-content\/uploads\/2023\/04\/14542543_1203930192996440_6164431396430445583_o.jpg","type":"","width":"","height":""}],"twitter_card":"summary_large_image","twitter_misc":{"Est. reading time":"2 minutes"},"schema":{"@context":"https:\/\/schema.org","@graph":[{"@type":"WebPage","@id":"https:\/\/isabelalvarellos.com\/la-orquesta-nacional-del-silencio\/","url":"https:\/\/isabelalvarellos.com\/la-orquesta-nacional-del-silencio\/","name":"La orquesta nacional del silencio - Isabel Alvarellos","isPartOf":{"@id":"https:\/\/isabelalvarellos.com\/en_US\/#website"},"primaryImageOfPage":{"@id":"https:\/\/isabelalvarellos.com\/la-orquesta-nacional-del-silencio\/#primaryimage"},"image":{"@id":"https:\/\/isabelalvarellos.com\/la-orquesta-nacional-del-silencio\/#primaryimage"},"thumbnailUrl":"https:\/\/isabelalvarellos.com\/wp-content\/uploads\/2023\/04\/14542543_1203930192996440_6164431396430445583_o.jpg","datePublished":"2023-03-28T17:01:26+00:00","dateModified":"2023-04-20T15:34:19+00:00","breadcrumb":{"@id":"https:\/\/isabelalvarellos.com\/la-orquesta-nacional-del-silencio\/#breadcrumb"},"inLanguage":"es-ES","potentialAction":[{"@type":"ReadAction","target":["https:\/\/isabelalvarellos.com\/la-orquesta-nacional-del-silencio\/"]}]},{"@type":"ImageObject","inLanguage":"es-ES","@id":"https:\/\/isabelalvarellos.com\/la-orquesta-nacional-del-silencio\/#primaryimage","url":"https:\/\/isabelalvarellos.com\/wp-content\/uploads\/2023\/04\/14542543_1203930192996440_6164431396430445583_o.jpg","contentUrl":"https:\/\/isabelalvarellos.com\/wp-content\/uploads\/2023\/04\/14542543_1203930192996440_6164431396430445583_o.jpg"},{"@type":"BreadcrumbList","@id":"https:\/\/isabelalvarellos.com\/la-orquesta-nacional-del-silencio\/#breadcrumb","itemListElement":[{"@type":"ListItem","position":1,"name":"Home","item":"https:\/\/isabelalvarellos.com\/"},{"@type":"ListItem","position":2,"name":"The National Silence Orchestra"}]},{"@type":"WebSite","@id":"https:\/\/isabelalvarellos.com\/en_US\/#website","url":"https:\/\/isabelalvarellos.com\/en_US\/","name":"Isabel Alvarellos","description":"Artista","potentialAction":[{"@type":"SearchAction","target":{"@type":"EntryPoint","urlTemplate":"https:\/\/isabelalvarellos.com\/en_US\/?s={search_term_string}"},"query-input":{"@type":"PropertyValueSpecification","valueRequired":true,"valueName":"search_term_string"}}],"inLanguage":"es-ES"}]}},"_links":{"self":[{"href":"https:\/\/isabelalvarellos.com\/es_ES\/wp-json\/wp\/v2\/pages\/1008","targetHints":{"allow":["GET"]}}],"collection":[{"href":"https:\/\/isabelalvarellos.com\/es_ES\/wp-json\/wp\/v2\/pages"}],"about":[{"href":"https:\/\/isabelalvarellos.com\/es_ES\/wp-json\/wp\/v2\/types\/page"}],"author":[{"embeddable":true,"href":"https:\/\/isabelalvarellos.com\/es_ES\/wp-json\/wp\/v2\/users\/1"}],"replies":[{"embeddable":true,"href":"https:\/\/isabelalvarellos.com\/es_ES\/wp-json\/wp\/v2\/comments?post=1008"}],"version-history":[{"count":9,"href":"https:\/\/isabelalvarellos.com\/es_ES\/wp-json\/wp\/v2\/pages\/1008\/revisions"}],"predecessor-version":[{"id":1265,"href":"https:\/\/isabelalvarellos.com\/es_ES\/wp-json\/wp\/v2\/pages\/1008\/revisions\/1265"}],"wp:attachment":[{"href":"https:\/\/isabelalvarellos.com\/es_ES\/wp-json\/wp\/v2\/media?parent=1008"}],"curies":[{"name":"wp","href":"https:\/\/api.w.org\/{rel}","templated":true}]}}