{"id":1006,"date":"2023-03-28T17:01:01","date_gmt":"2023-03-28T17:01:01","guid":{"rendered":"https:\/\/isabelalvarellos.com\/?page_id=1006"},"modified":"2023-04-20T15:16:27","modified_gmt":"2023-04-20T15:16:27","slug":"babilonia","status":"publish","type":"page","link":"https:\/\/isabelalvarellos.com\/es_ES\/babilonia\/","title":{"rendered":"Babilonia"},"content":{"rendered":"<p><span\n style=\"font-weight: 400;\">Residencia performativa, Teatro el 5 de Velarde. Madrid. Espa\u00f1a. <\/span>Junto con Matias Zanotti, Samuel Silva y Melisa Romero.<\/p>\n<p>\u00bfCu\u00e1l es esa forma de teatro que hoy nos conmueve? \u00bfD\u00f3nde radica la experiencia teatral cuando el encuentro es peligroso? \u00bfQu\u00e9 posibilidades esc\u00e9nicas se resignifican en un contexto vac\u00edo de esp\u00edritu?\u00a0 Ritual esc\u00e9nico po\u00e9tico espiritual &#8211; algo de una esencia se desvanece, humanos vac\u00edos de esp\u00edritu, ahogados en especulaciones modernas vac\u00edas de sangre, de tripas coraz\u00f3n, sometidos a fren\u00e9ticas emociones instant\u00e1neas. El formato de la pantalla se apodera de nuestra cotidianeidad. Los v\u00ednculos se tejen entre avatares que esconden nuestros pliegues, nuestro olor, \u00bfd\u00f3nde est\u00e1n las cicatrices? Ritmo vertiginoso de los d\u00edas, \u00bfCu\u00e1nto dura un a\u00f1o?Especies con multi trabajos, en multi ciudades, con multi v\u00ednculos afectivos todos a la misma vez. \u00bfY el tacto? Ciudades<br \/>\nque no encuentran silencios.<\/p>\n<p><img loading=\"lazy\" decoding=\"async\" class=\"alignnone size-full wp-image-1216\" src=\"https:\/\/isabelalvarellos.com\/wp-content\/uploads\/2023\/04\/IMG-20211208-WA0016.jpg\" alt=\"\" width=\"1920\" height=\"1080\" srcset=\"https:\/\/isabelalvarellos.com\/wp-content\/uploads\/2023\/04\/IMG-20211208-WA0016.jpg 1920w, https:\/\/isabelalvarellos.com\/wp-content\/uploads\/2023\/04\/IMG-20211208-WA0016-300x169.jpg 300w, https:\/\/isabelalvarellos.com\/wp-content\/uploads\/2023\/04\/IMG-20211208-WA0016-1024x576.jpg 1024w, https:\/\/isabelalvarellos.com\/wp-content\/uploads\/2023\/04\/IMG-20211208-WA0016-768x432.jpg 768w, https:\/\/isabelalvarellos.com\/wp-content\/uploads\/2023\/04\/IMG-20211208-WA0016-1536x864.jpg 1536w, https:\/\/isabelalvarellos.com\/wp-content\/uploads\/2023\/04\/IMG-20211208-WA0016-750x422.jpg 750w\" sizes=\"auto, (max-width: 1920px) 100vw, 1920px\" \/><\/p>\n<p><img loading=\"lazy\" decoding=\"async\" class=\"alignnone size-full wp-image-1022\" src=\"https:\/\/isabelalvarellos.com\/wp-content\/uploads\/2023\/03\/babilonia06.jpg\" alt=\"\" width=\"1792\" height=\"942\" srcset=\"https:\/\/isabelalvarellos.com\/wp-content\/uploads\/2023\/03\/babilonia06.jpg 1792w, https:\/\/isabelalvarellos.com\/wp-content\/uploads\/2023\/03\/babilonia06-300x158.jpg 300w, https:\/\/isabelalvarellos.com\/wp-content\/uploads\/2023\/03\/babilonia06-1024x538.jpg 1024w, https:\/\/isabelalvarellos.com\/wp-content\/uploads\/2023\/03\/babilonia06-768x404.jpg 768w, https:\/\/isabelalvarellos.com\/wp-content\/uploads\/2023\/03\/babilonia06-1536x807.jpg 1536w, https:\/\/isabelalvarellos.com\/wp-content\/uploads\/2023\/03\/babilonia06-750x394.jpg 750w\" sizes=\"auto, (max-width: 1792px) 100vw, 1792px\" \/><\/p>\n<p><img loading=\"lazy\" decoding=\"async\" class=\"alignnone size-full wp-image-1019\" src=\"https:\/\/isabelalvarellos.com\/wp-content\/uploads\/2023\/03\/babilonia03.jpg\" alt=\"\" width=\"1792\" height=\"942\" srcset=\"https:\/\/isabelalvarellos.com\/wp-content\/uploads\/2023\/03\/babilonia03.jpg 1792w, https:\/\/isabelalvarellos.com\/wp-content\/uploads\/2023\/03\/babilonia03-300x158.jpg 300w, https:\/\/isabelalvarellos.com\/wp-content\/uploads\/2023\/03\/babilonia03-1024x538.jpg 1024w, https:\/\/isabelalvarellos.com\/wp-content\/uploads\/2023\/03\/babilonia03-768x404.jpg 768w, https:\/\/isabelalvarellos.com\/wp-content\/uploads\/2023\/03\/babilonia03-1536x807.jpg 1536w, https:\/\/isabelalvarellos.com\/wp-content\/uploads\/2023\/03\/babilonia03-750x394.jpg 750w\" sizes=\"auto, (max-width: 1792px) 100vw, 1792px\" \/> <img loading=\"lazy\" decoding=\"async\" class=\"alignnone size-full wp-image-1020\" src=\"https:\/\/isabelalvarellos.com\/wp-content\/uploads\/2023\/03\/babilonia04.jpg\" alt=\"\" width=\"1792\" height=\"942\" srcset=\"https:\/\/isabelalvarellos.com\/wp-content\/uploads\/2023\/03\/babilonia04.jpg 1792w, https:\/\/isabelalvarellos.com\/wp-content\/uploads\/2023\/03\/babilonia04-300x158.jpg 300w, https:\/\/isabelalvarellos.com\/wp-content\/uploads\/2023\/03\/babilonia04-1024x538.jpg 1024w, https:\/\/isabelalvarellos.com\/wp-content\/uploads\/2023\/03\/babilonia04-768x404.jpg 768w, https:\/\/isabelalvarellos.com\/wp-content\/uploads\/2023\/03\/babilonia04-1536x807.jpg 1536w, https:\/\/isabelalvarellos.com\/wp-content\/uploads\/2023\/03\/babilonia04-750x394.jpg 750w\" sizes=\"auto, (max-width: 1792px) 100vw, 1792px\" \/> <img loading=\"lazy\" decoding=\"async\" class=\"alignnone size-full wp-image-1021\" src=\"https:\/\/isabelalvarellos.com\/wp-content\/uploads\/2023\/03\/babilonia05.jpg\" alt=\"\" width=\"1792\" height=\"942\" srcset=\"https:\/\/isabelalvarellos.com\/wp-content\/uploads\/2023\/03\/babilonia05.jpg 1792w, https:\/\/isabelalvarellos.com\/wp-content\/uploads\/2023\/03\/babilonia05-300x158.jpg 300w, https:\/\/isabelalvarellos.com\/wp-content\/uploads\/2023\/03\/babilonia05-1024x538.jpg 1024w, https:\/\/isabelalvarellos.com\/wp-content\/uploads\/2023\/03\/babilonia05-768x404.jpg 768w, https:\/\/isabelalvarellos.com\/wp-content\/uploads\/2023\/03\/babilonia05-1536x807.jpg 1536w, https:\/\/isabelalvarellos.com\/wp-content\/uploads\/2023\/03\/babilonia05-750x394.jpg 750w\" sizes=\"auto, (max-width: 1792px) 100vw, 1792px\" \/><\/p>\n<p>Los cuerpos no distinguen el tiempo. Todos los d\u00edas es lunes. Entre tanto ruido nos proponemos encontrar un rinc\u00f3n donde poder detener el v\u00e9rtigo por un momento. Capturarlo para construir im\u00e1genes que nos permitan acariciarnos. Recordar que es posible mirarnos, dejar de hablar, callar el pensamiento de palabras y sentir por los poros de la piel.<br \/>\nExperiencia inmersiva &#8211; les espectadores son participantes activos. Es una invitaci\u00f3n a un acontecimiento esc\u00e9nico colectivo. Somos conscientes de la actualidad pand\u00e9mica, de la complejidad de los encuentros. Motivo por el cual decidimos pensar y reflexionar sobre la forma que puede ofrecer una pr\u00e1ctica art\u00edstica como el teatro-performance en un contexto donde est\u00e1n restringidos los contactos. La experiencia sucede en diferentes espacios y de forma simult\u00e1nea, el recorrido, la transici\u00f3n y el estar es libre al deseo de cada participante.<\/p>\n<p>&#8220;El camino del exceso conduce al palacio de la sabidur\u00eda&#8221;<br \/>\nWilliam Blake<\/p>\n<p><img loading=\"lazy\" decoding=\"async\" class=\"alignnone size-full wp-image-1017\" src=\"https:\/\/isabelalvarellos.com\/wp-content\/uploads\/2023\/03\/babilonia01.jpg\" alt=\"\" width=\"1792\" height=\"942\" srcset=\"https:\/\/isabelalvarellos.com\/wp-content\/uploads\/2023\/03\/babilonia01.jpg 1792w, https:\/\/isabelalvarellos.com\/wp-content\/uploads\/2023\/03\/babilonia01-300x158.jpg 300w, https:\/\/isabelalvarellos.com\/wp-content\/uploads\/2023\/03\/babilonia01-1024x538.jpg 1024w, https:\/\/isabelalvarellos.com\/wp-content\/uploads\/2023\/03\/babilonia01-768x404.jpg 768w, https:\/\/isabelalvarellos.com\/wp-content\/uploads\/2023\/03\/babilonia01-1536x807.jpg 1536w, https:\/\/isabelalvarellos.com\/wp-content\/uploads\/2023\/03\/babilonia01-750x394.jpg 750w\" sizes=\"auto, (max-width: 1792px) 100vw, 1792px\" \/><\/p>\n","protected":false},"excerpt":{"rendered":"<p><span style=\"font-weight: 400;\">Residencia performativa, Teatro el 5 de Velarde. Madrid. Espa\u00f1a. <\/span>Junto con Matias Zanotti, Samuel Silva y Melisa Romero.<\/p>\n<p>\u00bfCu\u00e1l es esa forma de teatro que hoy nos conmueve? \u00bfD\u00f3nde radica la experiencia teatral&#8230;<\/p>\n","protected":false},"author":1,"featured_media":0,"parent":0,"menu_order":0,"comment_status":"closed","ping_status":"closed","template":"","meta":{"footnotes":""},"class_list":["post-1006","page","type-page","status-publish","hentry"],"yoast_head":"<!-- This site is optimized with the Yoast SEO plugin v27.2 - https:\/\/yoast.com\/product\/yoast-seo-wordpress\/ -->\n<title>Babilonia - Isabel Alvarellos<\/title>\n<meta name=\"robots\" content=\"index, follow, max-snippet:-1, max-image-preview:large, max-video-preview:-1\" \/>\n<link rel=\"canonical\" href=\"https:\/\/isabelalvarellos.com\/babilonia\/\" \/>\n<meta property=\"og:locale\" content=\"es_ES\" \/>\n<meta property=\"og:type\" content=\"article\" \/>\n<meta property=\"og:title\" content=\"Babilonia - Isabel Alvarellos\" \/>\n<meta property=\"og:description\" content=\"Residencia performativa, Teatro el 5 de Velarde. Madrid. Espa\u00f1a. Junto con Matias Zanotti, Samuel Silva y Melisa Romero.  \u00bfCu\u00e1l es esa forma de teatro que hoy nos conmueve? \u00bfD\u00f3nde radica la experiencia teatral...\" \/>\n<meta property=\"og:url\" content=\"https:\/\/isabelalvarellos.com\/babilonia\/\" \/>\n<meta property=\"og:site_name\" content=\"Isabel Alvarellos\" \/>\n<meta property=\"article:modified_time\" content=\"2023-04-20T15:16:27+00:00\" \/>\n<meta property=\"og:image\" content=\"https:\/\/isabelalvarellos.com\/wp-content\/uploads\/2023\/04\/IMG-20211208-WA0016.jpg\" \/>\n<meta name=\"twitter:card\" content=\"summary_large_image\" \/>\n<meta name=\"twitter:label1\" content=\"Est. reading time\" \/>\n\t<meta name=\"twitter:data1\" content=\"3 minutes\" \/>\n<script type=\"application\/ld+json\" class=\"yoast-schema-graph\">{\"@context\":\"https:\/\/schema.org\",\"@graph\":[{\"@type\":\"WebPage\",\"@id\":\"https:\/\/isabelalvarellos.com\/babilonia\/\",\"url\":\"https:\/\/isabelalvarellos.com\/babilonia\/\",\"name\":\"Babilonia - Isabel Alvarellos\",\"isPartOf\":{\"@id\":\"https:\/\/isabelalvarellos.com\/en_US\/#website\"},\"primaryImageOfPage\":{\"@id\":\"https:\/\/isabelalvarellos.com\/babilonia\/#primaryimage\"},\"image\":{\"@id\":\"https:\/\/isabelalvarellos.com\/babilonia\/#primaryimage\"},\"thumbnailUrl\":\"https:\/\/isabelalvarellos.com\/wp-content\/uploads\/2023\/04\/IMG-20211208-WA0016.jpg\",\"datePublished\":\"2023-03-28T17:01:01+00:00\",\"dateModified\":\"2023-04-20T15:16:27+00:00\",\"breadcrumb\":{\"@id\":\"https:\/\/isabelalvarellos.com\/babilonia\/#breadcrumb\"},\"inLanguage\":\"es-ES\",\"potentialAction\":[{\"@type\":\"ReadAction\",\"target\":[\"https:\/\/isabelalvarellos.com\/babilonia\/\"]}]},{\"@type\":\"ImageObject\",\"inLanguage\":\"es-ES\",\"@id\":\"https:\/\/isabelalvarellos.com\/babilonia\/#primaryimage\",\"url\":\"https:\/\/isabelalvarellos.com\/wp-content\/uploads\/2023\/04\/IMG-20211208-WA0016.jpg\",\"contentUrl\":\"https:\/\/isabelalvarellos.com\/wp-content\/uploads\/2023\/04\/IMG-20211208-WA0016.jpg\"},{\"@type\":\"BreadcrumbList\",\"@id\":\"https:\/\/isabelalvarellos.com\/babilonia\/#breadcrumb\",\"itemListElement\":[{\"@type\":\"ListItem\",\"position\":1,\"name\":\"Home\",\"item\":\"https:\/\/isabelalvarellos.com\/\"},{\"@type\":\"ListItem\",\"position\":2,\"name\":\"Babylon\"}]},{\"@type\":\"WebSite\",\"@id\":\"https:\/\/isabelalvarellos.com\/en_US\/#website\",\"url\":\"https:\/\/isabelalvarellos.com\/en_US\/\",\"name\":\"Isabel Alvarellos\",\"description\":\"Artista\",\"potentialAction\":[{\"@type\":\"SearchAction\",\"target\":{\"@type\":\"EntryPoint\",\"urlTemplate\":\"https:\/\/isabelalvarellos.com\/en_US\/?s={search_term_string}\"},\"query-input\":{\"@type\":\"PropertyValueSpecification\",\"valueRequired\":true,\"valueName\":\"search_term_string\"}}],\"inLanguage\":\"es-ES\"}]}<\/script>\n<!-- \/ Yoast SEO plugin. -->","yoast_head_json":{"title":"Babilonia - Isabel Alvarellos","robots":{"index":"index","follow":"follow","max-snippet":"max-snippet:-1","max-image-preview":"max-image-preview:large","max-video-preview":"max-video-preview:-1"},"canonical":"https:\/\/isabelalvarellos.com\/babilonia\/","og_locale":"es_ES","og_type":"article","og_title":"Babilonia - Isabel Alvarellos","og_description":"Residencia performativa, Teatro el 5 de Velarde. Madrid. Espa\u00f1a. Junto con Matias Zanotti, Samuel Silva y Melisa Romero.  \u00bfCu\u00e1l es esa forma de teatro que hoy nos conmueve? \u00bfD\u00f3nde radica la experiencia teatral...","og_url":"https:\/\/isabelalvarellos.com\/babilonia\/","og_site_name":"Isabel Alvarellos","article_modified_time":"2023-04-20T15:16:27+00:00","og_image":[{"url":"https:\/\/isabelalvarellos.com\/wp-content\/uploads\/2023\/04\/IMG-20211208-WA0016.jpg","type":"","width":"","height":""}],"twitter_card":"summary_large_image","twitter_misc":{"Est. reading time":"3 minutes"},"schema":{"@context":"https:\/\/schema.org","@graph":[{"@type":"WebPage","@id":"https:\/\/isabelalvarellos.com\/babilonia\/","url":"https:\/\/isabelalvarellos.com\/babilonia\/","name":"Babilonia - Isabel Alvarellos","isPartOf":{"@id":"https:\/\/isabelalvarellos.com\/en_US\/#website"},"primaryImageOfPage":{"@id":"https:\/\/isabelalvarellos.com\/babilonia\/#primaryimage"},"image":{"@id":"https:\/\/isabelalvarellos.com\/babilonia\/#primaryimage"},"thumbnailUrl":"https:\/\/isabelalvarellos.com\/wp-content\/uploads\/2023\/04\/IMG-20211208-WA0016.jpg","datePublished":"2023-03-28T17:01:01+00:00","dateModified":"2023-04-20T15:16:27+00:00","breadcrumb":{"@id":"https:\/\/isabelalvarellos.com\/babilonia\/#breadcrumb"},"inLanguage":"es-ES","potentialAction":[{"@type":"ReadAction","target":["https:\/\/isabelalvarellos.com\/babilonia\/"]}]},{"@type":"ImageObject","inLanguage":"es-ES","@id":"https:\/\/isabelalvarellos.com\/babilonia\/#primaryimage","url":"https:\/\/isabelalvarellos.com\/wp-content\/uploads\/2023\/04\/IMG-20211208-WA0016.jpg","contentUrl":"https:\/\/isabelalvarellos.com\/wp-content\/uploads\/2023\/04\/IMG-20211208-WA0016.jpg"},{"@type":"BreadcrumbList","@id":"https:\/\/isabelalvarellos.com\/babilonia\/#breadcrumb","itemListElement":[{"@type":"ListItem","position":1,"name":"Home","item":"https:\/\/isabelalvarellos.com\/"},{"@type":"ListItem","position":2,"name":"Babylon"}]},{"@type":"WebSite","@id":"https:\/\/isabelalvarellos.com\/en_US\/#website","url":"https:\/\/isabelalvarellos.com\/en_US\/","name":"Isabel Alvarellos","description":"Artista","potentialAction":[{"@type":"SearchAction","target":{"@type":"EntryPoint","urlTemplate":"https:\/\/isabelalvarellos.com\/en_US\/?s={search_term_string}"},"query-input":{"@type":"PropertyValueSpecification","valueRequired":true,"valueName":"search_term_string"}}],"inLanguage":"es-ES"}]}},"_links":{"self":[{"href":"https:\/\/isabelalvarellos.com\/es_ES\/wp-json\/wp\/v2\/pages\/1006","targetHints":{"allow":["GET"]}}],"collection":[{"href":"https:\/\/isabelalvarellos.com\/es_ES\/wp-json\/wp\/v2\/pages"}],"about":[{"href":"https:\/\/isabelalvarellos.com\/es_ES\/wp-json\/wp\/v2\/types\/page"}],"author":[{"embeddable":true,"href":"https:\/\/isabelalvarellos.com\/es_ES\/wp-json\/wp\/v2\/users\/1"}],"replies":[{"embeddable":true,"href":"https:\/\/isabelalvarellos.com\/es_ES\/wp-json\/wp\/v2\/comments?post=1006"}],"version-history":[{"count":12,"href":"https:\/\/isabelalvarellos.com\/es_ES\/wp-json\/wp\/v2\/pages\/1006\/revisions"}],"predecessor-version":[{"id":1242,"href":"https:\/\/isabelalvarellos.com\/es_ES\/wp-json\/wp\/v2\/pages\/1006\/revisions\/1242"}],"wp:attachment":[{"href":"https:\/\/isabelalvarellos.com\/es_ES\/wp-json\/wp\/v2\/media?parent=1006"}],"curies":[{"name":"wp","href":"https:\/\/api.w.org\/{rel}","templated":true}]}}