{"id":992,"date":"2023-03-28T16:42:59","date_gmt":"2023-03-28T16:42:59","guid":{"rendered":"https:\/\/isabelalvarellos.com\/?page_id=992"},"modified":"2023-04-20T15:30:40","modified_gmt":"2023-04-20T15:30:40","slug":"las-hijas-de-israel","status":"publish","type":"page","link":"https:\/\/isabelalvarellos.com\/en_US\/las-hijas-de-israel\/","title":{"rendered":"Las Hijas de Israel"},"content":{"rendered":"<p><span\n style=\"font-weight: 400;\">\u201cLas Hijas de Israel\u201d (&#8220;the daughters of israel&#8221;) is a non-disciplinary information collective formed by Ivan Gonzalez and Mat\u00edas D\u00edaz. In the years 2013 and 2014 they worked together with F\u00e1tima Madonna and Isabel Alvarellos who actively collaborated in it.<\/span><\/p>\n<p><span\n style=\"font-weight: 400;\">They participated in exhibitions of visual arts and performances in the city of C\u00f3rdoba and in other provinces of Argentina. They called themselves Esthertor, Vorticist, Vera Violeta and Lebasi. In the great swing.<\/span><\/p>\n<p><a href=\"https:\/\/lashijasdeisrael.tumblr.com\/\">https:\/\/lashijasdeisrael.tumblr.com\/<\/a><br \/>\n<a href=\"https:\/\/www.instagram.com\/las_hijas_de_israel\/\">https:\/\/www.instagram.com\/las_hijas_de_israel\/ <\/a><\/p>\n<p><img loading=\"lazy\" decoding=\"async\" class=\"alignnone size-full wp-image-1024\" src=\"https:\/\/isabelalvarellos.com\/wp-content\/uploads\/2023\/03\/lashijas_01.jpg\" alt=\"\" width=\"960\" height=\"960\" srcset=\"https:\/\/isabelalvarellos.com\/wp-content\/uploads\/2023\/03\/lashijas_01.jpg 960w, https:\/\/isabelalvarellos.com\/wp-content\/uploads\/2023\/03\/lashijas_01-300x300.jpg 300w, https:\/\/isabelalvarellos.com\/wp-content\/uploads\/2023\/03\/lashijas_01-150x150.jpg 150w, https:\/\/isabelalvarellos.com\/wp-content\/uploads\/2023\/03\/lashijas_01-768x768.jpg 768w, https:\/\/isabelalvarellos.com\/wp-content\/uploads\/2023\/03\/lashijas_01-100x100.jpg 100w, https:\/\/isabelalvarellos.com\/wp-content\/uploads\/2023\/03\/lashijas_01-750x750.jpg 750w\" sizes=\"auto, (max-width: 960px) 100vw, 960px\" \/><\/p>\n<h1>\n<span\n style=\"font-weight: 400;\">The split square\u00a0<\/span><\/h1>\n<p><span\n style=\"font-weight: 400;\">DIRECCI\u00d3N: (under ear and attentive gaze): LAS HIJAS DE ISRAEL<\/span><\/p>\n<p><span\n style=\"font-weight: 400;\">Opera for 10 antonyms and a television<\/span><\/p>\n<p><span\n style=\"font-weight: 400;\">Sound opera\/performatica for twenty-three artists and a television. Each one interprets an antonym from their language, through their bodies, their objects or their machines and together they constitute <\/span><br \/>\n<span\n style=\"font-weight: 400;\">an inconclusive, problematic dialogue. The actions of each interpreter create an experience that reflects the paradigmatic relationships established between the antonyms.<\/span><\/p>\n<p><iframe loading=\"lazy\" title=\"YouTube video player\" src=\"https:\/\/www.youtube.com\/embed\/FTKxASoTHww\" width=\"760\" height=\"515\" frameborder=\"0\" allowfullscreen=\"allowfullscreen\"><\/iframe><\/p>\n<p><span\n style=\"font-weight: 400;\">Artists on stage: Maximiliano Acosta, Ramona Antoine Roquentine, Nadia Ethel, Nicolas Fedeli, Veronica Ferreyra, Belen Paviolo, Cassandra Rodriques, Agustina Smith, Carlos Margara, Maximo Endrek, Natalia &#8220;Ramonita Montiel&#8221;, Violeta Carreira, Gustavo Valerga, Ismael Verde, Federico Bacic, Nicolas Bella, Julian Silveyra, Nicolas Fedeli, Luciana Bedini, Agustin Vivian, Matias Zanotto, Television.<\/span><\/p>\n<p><span\n style=\"font-weight: 400;\">Vorticist. True Violet. Esthertor. lebasi.<\/span><\/p>\n<p><span\n style=\"font-weight: 400;\">Editing and video: Ari Kletzel<\/span><\/p>\n<p><span\n style=\"font-weight: 400;\">in the great swing<\/span><\/p>\n<p><img loading=\"lazy\" decoding=\"async\" class=\"alignnone size-full wp-image-1027\" src=\"https:\/\/isabelalvarellos.com\/wp-content\/uploads\/2023\/03\/lashijas_04.jpg\" alt=\"\" width=\"2048\" height=\"1370\" srcset=\"https:\/\/isabelalvarellos.com\/wp-content\/uploads\/2023\/03\/lashijas_04.jpg 2048w, https:\/\/isabelalvarellos.com\/wp-content\/uploads\/2023\/03\/lashijas_04-300x201.jpg 300w, https:\/\/isabelalvarellos.com\/wp-content\/uploads\/2023\/03\/lashijas_04-1024x685.jpg 1024w, https:\/\/isabelalvarellos.com\/wp-content\/uploads\/2023\/03\/lashijas_04-768x514.jpg 768w, https:\/\/isabelalvarellos.com\/wp-content\/uploads\/2023\/03\/lashijas_04-1536x1028.jpg 1536w, https:\/\/isabelalvarellos.com\/wp-content\/uploads\/2023\/03\/lashijas_04-750x502.jpg 750w\" sizes=\"auto, (max-width: 2048px) 100vw, 2048px\" \/><\/p>\n<p><img loading=\"lazy\" decoding=\"async\" class=\"alignnone size-full wp-image-1139\" src=\"https:\/\/isabelalvarellos.com\/wp-content\/uploads\/2023\/04\/1167252_661039457290101_1524126639_o.jpg\" alt=\"\" width=\"975\" height=\"1117\" srcset=\"https:\/\/isabelalvarellos.com\/wp-content\/uploads\/2023\/04\/1167252_661039457290101_1524126639_o.jpg 975w, https:\/\/isabelalvarellos.com\/wp-content\/uploads\/2023\/04\/1167252_661039457290101_1524126639_o-262x300.jpg 262w, https:\/\/isabelalvarellos.com\/wp-content\/uploads\/2023\/04\/1167252_661039457290101_1524126639_o-894x1024.jpg 894w, https:\/\/isabelalvarellos.com\/wp-content\/uploads\/2023\/04\/1167252_661039457290101_1524126639_o-768x880.jpg 768w, https:\/\/isabelalvarellos.com\/wp-content\/uploads\/2023\/04\/1167252_661039457290101_1524126639_o-750x859.jpg 750w\" sizes=\"auto, (max-width: 975px) 100vw, 975px\" \/> <img loading=\"lazy\" decoding=\"async\" class=\"alignnone size-full wp-image-1140\" src=\"https:\/\/isabelalvarellos.com\/wp-content\/uploads\/2023\/04\/1780272_10203543680782466_1735891788_o.jpg\" alt=\"\" width=\"2048\" height=\"1365\" srcset=\"https:\/\/isabelalvarellos.com\/wp-content\/uploads\/2023\/04\/1780272_10203543680782466_1735891788_o.jpg 2048w, https:\/\/isabelalvarellos.com\/wp-content\/uploads\/2023\/04\/1780272_10203543680782466_1735891788_o-300x200.jpg 300w, https:\/\/isabelalvarellos.com\/wp-content\/uploads\/2023\/04\/1780272_10203543680782466_1735891788_o-1024x683.jpg 1024w, https:\/\/isabelalvarellos.com\/wp-content\/uploads\/2023\/04\/1780272_10203543680782466_1735891788_o-768x512.jpg 768w, https:\/\/isabelalvarellos.com\/wp-content\/uploads\/2023\/04\/1780272_10203543680782466_1735891788_o-1536x1024.jpg 1536w, https:\/\/isabelalvarellos.com\/wp-content\/uploads\/2023\/04\/1780272_10203543680782466_1735891788_o-750x500.jpg 750w\" sizes=\"auto, (max-width: 2048px) 100vw, 2048px\" \/> <img loading=\"lazy\" decoding=\"async\" class=\"alignnone size-full wp-image-1141\" src=\"https:\/\/isabelalvarellos.com\/wp-content\/uploads\/2023\/04\/1973985_10203461011435784_1454361521_o.jpg\" alt=\"\" width=\"1463\" height=\"1152\" srcset=\"https:\/\/isabelalvarellos.com\/wp-content\/uploads\/2023\/04\/1973985_10203461011435784_1454361521_o.jpg 1463w, https:\/\/isabelalvarellos.com\/wp-content\/uploads\/2023\/04\/1973985_10203461011435784_1454361521_o-300x236.jpg 300w, https:\/\/isabelalvarellos.com\/wp-content\/uploads\/2023\/04\/1973985_10203461011435784_1454361521_o-1024x806.jpg 1024w, https:\/\/isabelalvarellos.com\/wp-content\/uploads\/2023\/04\/1973985_10203461011435784_1454361521_o-768x605.jpg 768w, https:\/\/isabelalvarellos.com\/wp-content\/uploads\/2023\/04\/1973985_10203461011435784_1454361521_o-750x591.jpg 750w\" sizes=\"auto, (max-width: 1463px) 100vw, 1463px\" \/><\/p>\n<p>&nbsp;<\/p>\n<p>&nbsp;<\/p>\n<p>&nbsp;<\/p>\n","protected":false},"excerpt":{"rendered":"<p><span style=\"font-weight: 400;\">\u201cLas Hijas de Israel\u201d (&#8220;the daughters of israel&#8221;) is a non-disciplinary information collective formed by Ivan Gonzalez and Mat\u00edas D\u00edaz. In the years 2013 and 2014 they worked together with F\u00e1tima Madonna and Isabel Alv&#8230;<\/p>\n","protected":false},"author":1,"featured_media":0,"parent":0,"menu_order":0,"comment_status":"closed","ping_status":"closed","template":"","meta":{"footnotes":""},"class_list":["post-992","page","type-page","status-publish","hentry"],"yoast_head":"<!-- This site is optimized with the Yoast SEO plugin v27.2 - https:\/\/yoast.com\/product\/yoast-seo-wordpress\/ -->\n<title>Las Hijas de Israel - Isabel Alvarellos<\/title>\n<meta name=\"robots\" content=\"index, follow, max-snippet:-1, max-image-preview:large, max-video-preview:-1\" \/>\n<link rel=\"canonical\" href=\"https:\/\/isabelalvarellos.com\/las-hijas-de-israel\/\" \/>\n<meta property=\"og:locale\" content=\"en_US\" \/>\n<meta property=\"og:type\" content=\"article\" \/>\n<meta property=\"og:title\" content=\"Las Hijas de Israel - Isabel Alvarellos\" \/>\n<meta property=\"og:description\" content=\"\u201cLas Hijas de Israel\u201d (&quot;the daughters of israel&quot;) is a non-disciplinary information collective formed by Ivan Gonzalez and Mat\u00edas D\u00edaz. In the years 2013 and 2014 they worked together with F\u00e1tima Madonna and Isabel Alv...\" \/>\n<meta property=\"og:url\" content=\"https:\/\/isabelalvarellos.com\/las-hijas-de-israel\/\" \/>\n<meta property=\"og:site_name\" content=\"Isabel Alvarellos\" \/>\n<meta property=\"article:modified_time\" content=\"2023-04-20T15:30:40+00:00\" \/>\n<meta property=\"og:image\" content=\"https:\/\/isabelalvarellos.com\/wp-content\/uploads\/2023\/03\/lashijas_01.jpg\" \/>\n<meta name=\"twitter:card\" content=\"summary_large_image\" \/>\n<meta name=\"twitter:label1\" content=\"Est. reading time\" \/>\n\t<meta name=\"twitter:data1\" content=\"2 minutes\" \/>\n<script type=\"application\/ld+json\" class=\"yoast-schema-graph\">{\"@context\":\"https:\/\/schema.org\",\"@graph\":[{\"@type\":\"WebPage\",\"@id\":\"https:\/\/isabelalvarellos.com\/las-hijas-de-israel\/\",\"url\":\"https:\/\/isabelalvarellos.com\/las-hijas-de-israel\/\",\"name\":\"Las Hijas de Israel - Isabel Alvarellos\",\"isPartOf\":{\"@id\":\"https:\/\/isabelalvarellos.com\/en_US\/#website\"},\"primaryImageOfPage\":{\"@id\":\"https:\/\/isabelalvarellos.com\/las-hijas-de-israel\/#primaryimage\"},\"image\":{\"@id\":\"https:\/\/isabelalvarellos.com\/las-hijas-de-israel\/#primaryimage\"},\"thumbnailUrl\":\"https:\/\/isabelalvarellos.com\/wp-content\/uploads\/2023\/03\/lashijas_01.jpg\",\"datePublished\":\"2023-03-28T16:42:59+00:00\",\"dateModified\":\"2023-04-20T15:30:40+00:00\",\"breadcrumb\":{\"@id\":\"https:\/\/isabelalvarellos.com\/las-hijas-de-israel\/#breadcrumb\"},\"inLanguage\":\"en-US\",\"potentialAction\":[{\"@type\":\"ReadAction\",\"target\":[\"https:\/\/isabelalvarellos.com\/las-hijas-de-israel\/\"]}]},{\"@type\":\"ImageObject\",\"inLanguage\":\"en-US\",\"@id\":\"https:\/\/isabelalvarellos.com\/las-hijas-de-israel\/#primaryimage\",\"url\":\"https:\/\/isabelalvarellos.com\/wp-content\/uploads\/2023\/03\/lashijas_01.jpg\",\"contentUrl\":\"https:\/\/isabelalvarellos.com\/wp-content\/uploads\/2023\/03\/lashijas_01.jpg\"},{\"@type\":\"BreadcrumbList\",\"@id\":\"https:\/\/isabelalvarellos.com\/las-hijas-de-israel\/#breadcrumb\",\"itemListElement\":[{\"@type\":\"ListItem\",\"position\":1,\"name\":\"Home\",\"item\":\"https:\/\/isabelalvarellos.com\/\"},{\"@type\":\"ListItem\",\"position\":2,\"name\":\"Las Hijas de Israel\"}]},{\"@type\":\"WebSite\",\"@id\":\"https:\/\/isabelalvarellos.com\/en_US\/#website\",\"url\":\"https:\/\/isabelalvarellos.com\/en_US\/\",\"name\":\"Isabel Alvarellos\",\"description\":\"Artista\",\"potentialAction\":[{\"@type\":\"SearchAction\",\"target\":{\"@type\":\"EntryPoint\",\"urlTemplate\":\"https:\/\/isabelalvarellos.com\/en_US\/?s={search_term_string}\"},\"query-input\":{\"@type\":\"PropertyValueSpecification\",\"valueRequired\":true,\"valueName\":\"search_term_string\"}}],\"inLanguage\":\"en-US\"}]}<\/script>\n<!-- \/ Yoast SEO plugin. -->","yoast_head_json":{"title":"Las Hijas de Israel - Isabel Alvarellos","robots":{"index":"index","follow":"follow","max-snippet":"max-snippet:-1","max-image-preview":"max-image-preview:large","max-video-preview":"max-video-preview:-1"},"canonical":"https:\/\/isabelalvarellos.com\/las-hijas-de-israel\/","og_locale":"en_US","og_type":"article","og_title":"Las Hijas de Israel - Isabel Alvarellos","og_description":"\u201cLas Hijas de Israel\u201d (\"the daughters of israel\") is a non-disciplinary information collective formed by Ivan Gonzalez and Mat\u00edas D\u00edaz. In the years 2013 and 2014 they worked together with F\u00e1tima Madonna and Isabel Alv...","og_url":"https:\/\/isabelalvarellos.com\/las-hijas-de-israel\/","og_site_name":"Isabel Alvarellos","article_modified_time":"2023-04-20T15:30:40+00:00","og_image":[{"url":"https:\/\/isabelalvarellos.com\/wp-content\/uploads\/2023\/03\/lashijas_01.jpg","type":"","width":"","height":""}],"twitter_card":"summary_large_image","twitter_misc":{"Est. reading time":"2 minutes"},"schema":{"@context":"https:\/\/schema.org","@graph":[{"@type":"WebPage","@id":"https:\/\/isabelalvarellos.com\/las-hijas-de-israel\/","url":"https:\/\/isabelalvarellos.com\/las-hijas-de-israel\/","name":"Las Hijas de Israel - Isabel Alvarellos","isPartOf":{"@id":"https:\/\/isabelalvarellos.com\/en_US\/#website"},"primaryImageOfPage":{"@id":"https:\/\/isabelalvarellos.com\/las-hijas-de-israel\/#primaryimage"},"image":{"@id":"https:\/\/isabelalvarellos.com\/las-hijas-de-israel\/#primaryimage"},"thumbnailUrl":"https:\/\/isabelalvarellos.com\/wp-content\/uploads\/2023\/03\/lashijas_01.jpg","datePublished":"2023-03-28T16:42:59+00:00","dateModified":"2023-04-20T15:30:40+00:00","breadcrumb":{"@id":"https:\/\/isabelalvarellos.com\/las-hijas-de-israel\/#breadcrumb"},"inLanguage":"en-US","potentialAction":[{"@type":"ReadAction","target":["https:\/\/isabelalvarellos.com\/las-hijas-de-israel\/"]}]},{"@type":"ImageObject","inLanguage":"en-US","@id":"https:\/\/isabelalvarellos.com\/las-hijas-de-israel\/#primaryimage","url":"https:\/\/isabelalvarellos.com\/wp-content\/uploads\/2023\/03\/lashijas_01.jpg","contentUrl":"https:\/\/isabelalvarellos.com\/wp-content\/uploads\/2023\/03\/lashijas_01.jpg"},{"@type":"BreadcrumbList","@id":"https:\/\/isabelalvarellos.com\/las-hijas-de-israel\/#breadcrumb","itemListElement":[{"@type":"ListItem","position":1,"name":"Home","item":"https:\/\/isabelalvarellos.com\/"},{"@type":"ListItem","position":2,"name":"Las Hijas de Israel"}]},{"@type":"WebSite","@id":"https:\/\/isabelalvarellos.com\/en_US\/#website","url":"https:\/\/isabelalvarellos.com\/en_US\/","name":"Isabel Alvarellos","description":"Artista","potentialAction":[{"@type":"SearchAction","target":{"@type":"EntryPoint","urlTemplate":"https:\/\/isabelalvarellos.com\/en_US\/?s={search_term_string}"},"query-input":{"@type":"PropertyValueSpecification","valueRequired":true,"valueName":"search_term_string"}}],"inLanguage":"en-US"}]}},"_links":{"self":[{"href":"https:\/\/isabelalvarellos.com\/en_US\/wp-json\/wp\/v2\/pages\/992","targetHints":{"allow":["GET"]}}],"collection":[{"href":"https:\/\/isabelalvarellos.com\/en_US\/wp-json\/wp\/v2\/pages"}],"about":[{"href":"https:\/\/isabelalvarellos.com\/en_US\/wp-json\/wp\/v2\/types\/page"}],"author":[{"embeddable":true,"href":"https:\/\/isabelalvarellos.com\/en_US\/wp-json\/wp\/v2\/users\/1"}],"replies":[{"embeddable":true,"href":"https:\/\/isabelalvarellos.com\/en_US\/wp-json\/wp\/v2\/comments?post=992"}],"version-history":[{"count":30,"href":"https:\/\/isabelalvarellos.com\/en_US\/wp-json\/wp\/v2\/pages\/992\/revisions"}],"predecessor-version":[{"id":1259,"href":"https:\/\/isabelalvarellos.com\/en_US\/wp-json\/wp\/v2\/pages\/992\/revisions\/1259"}],"wp:attachment":[{"href":"https:\/\/isabelalvarellos.com\/en_US\/wp-json\/wp\/v2\/media?parent=992"}],"curies":[{"name":"wp","href":"https:\/\/api.w.org\/{rel}","templated":true}]}}