{"id":49,"date":"2018-10-19T11:50:02","date_gmt":"2018-10-19T11:50:02","guid":{"rendered":"http:\/\/guillermomena.moolastudio.com\/?page_id=49"},"modified":"2024-01-06T10:09:22","modified_gmt":"2024-01-06T10:09:22","slug":"bio-cv","status":"publish","type":"page","link":"https:\/\/isabelalvarellos.com\/en_US\/bio-cv\/","title":{"rendered":"Bio \/ CV"},"content":{"rendered":"<p><span\n style=\"font-weight: 400;\">Isabel Alvarellos<\/span><\/p>\n<p><b>Bio\u00a0<\/b><\/p>\n<p>Isabel Alvarellos was born in C\u00f3rdoba Capital, Argentina, in 1988. Her professional development unfolds at the intersection of literature and performing arts. Exploring the significance of care, gestures, and bodily disposition in the formation of identity, her work aims to shine a spotlight on spaces, both tangible and intangible, in order to view them from alternative perspectives. Narration serves as a means to construct new narratives that provide us with a closer experience of the stories, both personal and universal, that we&#8217;ve been told. She is a multidisciplinary artist.<\/p>\n<p>Isabel Alvarellos holds a degree in Translation from the Universidad Nacional de C\u00f3rdoba, completed the Actor Specialization Program at the Jolie Libois Theater Royal C\u00f3rdoba, and earned a Master&#8217;s in Arts and Artistic Professions from the Universidad Carlos III and C\u00edrculo de Bellas Artes in Madrid, Spain.<\/p>\n<p>She authored her debut publication, &#8220;Cruces,&#8221; in which she also worked as an interpreter and director. Isabel Alvarellos has performed as a performer in Gabriela Bondone&#8217;s play &#8220;La habitaci\u00f3n,&#8221; with performances at the Museo Reina Sof\u00eda and Teatro Pradillo. She has also participated as a performer and creator in the Babilonia collective, based at the Espacio de Creaci\u00f3n Esc\u00e9nica El 5 de Velarde in Madrid.<\/p>\n<p>Since 2008, she has collaborated with various groups in her city, participating in numerous festivals and tours, including Gloria Genet (as an actress), La Tropa Teatro (as a director), Las Hijas de Israel (as a performer), and as a guest at events like Jornadas Cage and the Contemporary Art Biennial. In the realm of cinema, she appeared in &#8220;Mnemosyne,&#8221; a film supported by the Fondo Nacional de las Artes and produced by the Fundaci\u00f3n Holderlin. She received the Jury Award for Best Supporting Actress in the short film &#8220;2\u00d71,&#8221; produced by Delta Films as part of the &#8220;48 Hour Film Project.&#8221; Her most recent audiovisual project was the lead role in the short film &#8220;T\u00f3xica,&#8221; which premiered at Sala X in Madrid.<\/p>\n<p>Isabel Alvarellos has undertaken three residencies abroad, including those with Odin Teatret in Denmark under the direction of Eugenio Barba and Julia Varley, with Teatro de los Andes in Bolivia under the direction of Alice Guimaraes and Gonzalo Callejas, and with the Taanteatro company in Brazil under the direction of Maura Baiocchi and Wolfgang Pannek. Her most recent artistic residency, focused on the creation of her upcoming work, took place at Monade Art Residency in Bergerac, France.<\/p>\n<p>Currently, she resides and works in C\u00f3rdoba, Argentina.<\/p>\n<p><b>CV<\/b><\/p>\n<p><strong>published work<\/strong><\/p>\n<p><span\n style=\"font-weight: 400;\">CROSSES, 2022<br \/>\n<\/span><br \/>\n<span\n style=\"font-weight: 400;\">Madrid Spain<br \/>\n<\/span><br \/>\n<span\n style=\"font-weight: 400;\">Texts and Collage: Isabel Alvarellos \/ Printed at: Torreblanca Impresores<\/span><\/p>\n<p><span\n style=\"font-weight: 400;\"><strong>As director<\/strong><br \/>\n<\/span><br \/>\n<span\n style=\"font-weight: 400;\">2022 \u201cCrosses\u201d Direction and performance, presented at the C\u00edrculo de Bellas Artes. Madrid Spain.<br \/>\n<\/span><br \/>\n<span\n style=\"font-weight: 400;\">2015 &#8220;The inevitable gallop of desire&#8221; Direction and Technical of La Tropa Teatro. Municipal Museum of Fine Arts, Dr.Genaro P\u00e9rez.<br \/>\n<\/span><br \/>\n<span\n style=\"font-weight: 400;\">2014 \u201cLe d\u00e9sir trapped by the queue\u201d by Pablo Picaso. Direction, adaptation and staging \u2013 Casona cultural Dad\u00e1 San Vicente.<br \/>\n<\/span><br \/>\n<span\n style=\"font-weight: 400;\">2013 \u201cLes mamelles de tir\u00e9sias\u201d by Guillaume Apollinaire. Direction, adaptation and staging \u2013 Casona cultural Dad\u00e1 San Vicente.<\/span><\/p>\n<p><span\n style=\"font-weight: 400;\"><strong>Actress\/Acting<\/strong><br \/>\n<\/span><br \/>\n<span\n style=\"font-weight: 400;\">2021 \u201cT\u00f3xica\u201d \u2013 Short film directed by Flavia Ya\u00f1ez. premiered in Sala X, Madrid, Spain.<br \/>\n<\/span><br \/>\n<span\n style=\"font-weight: 400;\">\u201cThe room\u201d \u2013 by Gabriela Bondone \u2013 Reina Sof\u00eda Museum and Pradillo Theatre, Madrid, Spain.<br \/>\n<\/span><br \/>\n<span\n style=\"font-weight: 400;\">2018\/19 \u201cGloria Genet\u201d Pair of plays on the poetry of Jean Genet \u2013 Teatro La Luna. Functions in Buenos Aires and C\u00f3rdoba.<br \/>\n<\/span><br \/>\n<span\n style=\"font-weight: 400;\">2016 &#8220;Extimidities&#8221; The Troop Theater. Casa Laberinto, Cordoba, Argentina.<br \/>\n<\/span><br \/>\n<span\n style=\"font-weight: 400;\">2015 \u201cAcassuso\u201d by Rafael Spregelburd. Acting and technical. \u201cJolie Libois\u201d Seminar. Jolie Libois Room, Teatro Real, C\u00f3rdoba, Argentina.<br \/>\n<\/span><br \/>\n<span\n style=\"font-weight: 400;\">2014 &#8220;300 million&#8221; by Roberto Arlt. Actress and technique. \u201cJolie Libois\u201d Seminar. Jolie Libois Room, Royal Theater, C\u00f3rdoba, Argentina.<\/span><\/p>\n<p><span\n style=\"font-weight: 400;\"><strong>Exhibitions<\/strong><br \/>\n<\/span><br \/>\n<span\n style=\"font-weight: 400;\">2022 \u2013 \u201cBlow-Lick\u201d Exhibition in the Antonio Palacios room of the C\u00edrculo de Bellas Artes. Madrid Spain.<br \/>\n<\/span><br \/>\n<span\n style=\"font-weight: 400;\">2021 \u2013 \u201cUrdimbres\u201d Exhibition in the Antonio Palacios room of the C\u00edrculo de Bellas Artes. Madrid Spain.<\/span><\/p>\n<p><span\n style=\"font-weight: 400;\"><strong>Residences<\/strong><br \/>\n<\/span><br \/>\n<span\n style=\"font-weight: 400;\">2023 \u2013 Monade Art Residency, Bergerac, France.<br \/>\n2021-2022 \u2013 \u201cBabilonia\u201d Performative residence, Theater on 5 de Velarde. Madrid. Spain.<br \/>\n<\/span><br \/>\n<span\n style=\"font-weight: 400;\">2019 \u2013 Teatro de los Andes Physical and Vocal Training, Improvisation and Staging. Yotala, Sucre, Bolivia.<br \/>\n<\/span><br \/>\n<span\n style=\"font-weight: 400;\">\u201cLearning a body\u201d Workshop-Performance Residence Party by Silvio Lang together with the Queen Cobra collective. Performance Biennial<br \/>\n<\/span><br \/>\n<span\n style=\"font-weight: 400;\">El Gran Vidrio Gallery, C\u00f3rdoba, Argentina.<br \/>\n<\/span><br \/>\n<span\n style=\"font-weight: 400;\">TaanTeatro \u2013 Composition and performance with the Company by Maura Baiocchi and Wolfgang Pannek. San Lourenzo da Serra, Sao Paulo, Brazil<br \/>\n<\/span><br \/>\n<span\n style=\"font-weight: 400;\">2018 \u2013 \u201cHow to think through actions\u201d Artistic residence by Eugenio Barba and Julia Varley ODIN TEATRET DENMARK. Brasilia, Brazil.<\/span><\/p>\n<p><span\n style=\"font-weight: 400;\"><strong>Independent Training<\/strong><br \/>\n<\/span><br \/>\n<span\n style=\"font-weight: 400;\">2022 \u2013 \u201cConscious Movement\u201d dance seminar with Gabriela Bondone, Teatro el 5 de Velarde, Madrid, Spain.<br \/>\n<\/span><br \/>\n<span\n style=\"font-weight: 400;\">2022 \u2013 \u201cI am a body\u201d with Marina Otero at Teatro la Abad\u00eda. Madrid Spain<br \/>\n<\/span><br \/>\n<span\n style=\"font-weight: 400;\">2021 \u2013 2022 \u2013 \u2013 Asymmetrical Motion technique with Lucas Condro in Estudio 3 and in Bamb\u00fa Danza. Madrid Spain.<br \/>\n<\/span><br \/>\n<span\n style=\"font-weight: 400;\">2019 \u2013 \u201cEruptions\u201d Open practice of Movement, voice, sound, writing. Coordinated by Silvio Lang, Kinda, Corporal Moore. Inclan Plant, Buenos Aires, Argentina.<br \/>\n<\/span><br \/>\n<span\n style=\"font-weight: 400;\">Intensive Seminar on Theatrical Machines with Pompeyo Audivert \u2013 Teatro La Luna. C\u00f3rdoba Argentina.<br \/>\n<\/span><br \/>\n<span\n style=\"font-weight: 400;\">2018 \u2013 \u201cLet&#8217;s be affective athletes\u201d Seminar given by Th\u00e9ophile Choquet and Lucas Duran at Espacio Blick. C\u00f3rdoba Argentina.<\/span><\/p>\n<p><span\n style=\"font-weight: 400;\"><strong>Academic training<\/strong><br \/>\n<\/span><br \/>\n<span\n style=\"font-weight: 400;\">2020-2022 \u2013 Master in Arts and Artistic Professions. SUR, School of Artistic Professions, Carlos III University of Madrid. Circle of Fine Arts. Madrid Spain.<br \/>\n<\/span><br \/>\n<span\n style=\"font-weight: 400;\">2013-2015 \u2013 Acting Specialization Cycle \u201cJolie Libois\u201d Theater Seminar- Teatro Real. C\u00f3rdoba Argentina.<br \/>\n<\/span><br \/>\n<span\n style=\"font-weight: 400;\">2006-2012 \u2013 National Sworn Translator of French. National University of Cordoba, Argentina.<\/span><\/p>\n","protected":false},"excerpt":{"rendered":"<p><span style=\"font-weight: 400;\">Isabel Alvarellos<\/span><\/p>\n<p><b>Bio\u00a0<\/b><\/p>\n<p>Isabel Alvarellos was born in C\u00f3rdoba Capital, Argentina, in 1988. Her professional development unfolds at the intersection of literature and performing arts. Exploring the si&#8230;<\/p>\n","protected":false},"author":2,"featured_media":0,"parent":0,"menu_order":0,"comment_status":"closed","ping_status":"closed","template":"","meta":{"footnotes":""},"class_list":["post-49","page","type-page","status-publish","hentry"],"yoast_head":"<!-- This site is optimized with the Yoast SEO plugin v27.2 - https:\/\/yoast.com\/product\/yoast-seo-wordpress\/ -->\n<title>Bio \/ CV - Isabel Alvarellos<\/title>\n<meta name=\"robots\" content=\"index, follow, max-snippet:-1, max-image-preview:large, max-video-preview:-1\" \/>\n<link rel=\"canonical\" href=\"https:\/\/isabelalvarellos.com\/bio-cv\/\" \/>\n<meta property=\"og:locale\" content=\"en_US\" \/>\n<meta property=\"og:type\" content=\"article\" \/>\n<meta property=\"og:title\" content=\"Bio \/ CV - Isabel Alvarellos\" \/>\n<meta property=\"og:description\" content=\"Isabel Alvarellos  Bio\u00a0  Isabel Alvarellos was born in C\u00f3rdoba Capital, Argentina, in 1988. Her professional development unfolds at the intersection of literature and performing arts. Exploring the si...\" \/>\n<meta property=\"og:url\" content=\"https:\/\/isabelalvarellos.com\/bio-cv\/\" \/>\n<meta property=\"og:site_name\" content=\"Isabel Alvarellos\" \/>\n<meta property=\"article:modified_time\" content=\"2024-01-06T10:09:22+00:00\" \/>\n<meta name=\"twitter:card\" content=\"summary_large_image\" \/>\n<meta name=\"twitter:label1\" content=\"Est. reading time\" \/>\n\t<meta name=\"twitter:data1\" content=\"4 minutes\" \/>\n<script type=\"application\/ld+json\" class=\"yoast-schema-graph\">{\"@context\":\"https:\/\/schema.org\",\"@graph\":[{\"@type\":\"WebPage\",\"@id\":\"https:\/\/isabelalvarellos.com\/bio-cv\/\",\"url\":\"https:\/\/isabelalvarellos.com\/bio-cv\/\",\"name\":\"Bio \/ CV - Isabel Alvarellos\",\"isPartOf\":{\"@id\":\"https:\/\/isabelalvarellos.com\/en_US\/#website\"},\"datePublished\":\"2018-10-19T11:50:02+00:00\",\"dateModified\":\"2024-01-06T10:09:22+00:00\",\"breadcrumb\":{\"@id\":\"https:\/\/isabelalvarellos.com\/bio-cv\/#breadcrumb\"},\"inLanguage\":\"en-US\",\"potentialAction\":[{\"@type\":\"ReadAction\",\"target\":[\"https:\/\/isabelalvarellos.com\/bio-cv\/\"]}]},{\"@type\":\"BreadcrumbList\",\"@id\":\"https:\/\/isabelalvarellos.com\/bio-cv\/#breadcrumb\",\"itemListElement\":[{\"@type\":\"ListItem\",\"position\":1,\"name\":\"Home\",\"item\":\"https:\/\/isabelalvarellos.com\/\"},{\"@type\":\"ListItem\",\"position\":2,\"name\":\"Bio \/ CV\"}]},{\"@type\":\"WebSite\",\"@id\":\"https:\/\/isabelalvarellos.com\/en_US\/#website\",\"url\":\"https:\/\/isabelalvarellos.com\/en_US\/\",\"name\":\"Isabel Alvarellos\",\"description\":\"Artista\",\"potentialAction\":[{\"@type\":\"SearchAction\",\"target\":{\"@type\":\"EntryPoint\",\"urlTemplate\":\"https:\/\/isabelalvarellos.com\/en_US\/?s={search_term_string}\"},\"query-input\":{\"@type\":\"PropertyValueSpecification\",\"valueRequired\":true,\"valueName\":\"search_term_string\"}}],\"inLanguage\":\"en-US\"}]}<\/script>\n<!-- \/ Yoast SEO plugin. -->","yoast_head_json":{"title":"Bio \/ CV - Isabel Alvarellos","robots":{"index":"index","follow":"follow","max-snippet":"max-snippet:-1","max-image-preview":"max-image-preview:large","max-video-preview":"max-video-preview:-1"},"canonical":"https:\/\/isabelalvarellos.com\/bio-cv\/","og_locale":"en_US","og_type":"article","og_title":"Bio \/ CV - Isabel Alvarellos","og_description":"Isabel Alvarellos  Bio\u00a0  Isabel Alvarellos was born in C\u00f3rdoba Capital, Argentina, in 1988. Her professional development unfolds at the intersection of literature and performing arts. Exploring the si...","og_url":"https:\/\/isabelalvarellos.com\/bio-cv\/","og_site_name":"Isabel Alvarellos","article_modified_time":"2024-01-06T10:09:22+00:00","twitter_card":"summary_large_image","twitter_misc":{"Est. reading time":"4 minutes"},"schema":{"@context":"https:\/\/schema.org","@graph":[{"@type":"WebPage","@id":"https:\/\/isabelalvarellos.com\/bio-cv\/","url":"https:\/\/isabelalvarellos.com\/bio-cv\/","name":"Bio \/ CV - Isabel Alvarellos","isPartOf":{"@id":"https:\/\/isabelalvarellos.com\/en_US\/#website"},"datePublished":"2018-10-19T11:50:02+00:00","dateModified":"2024-01-06T10:09:22+00:00","breadcrumb":{"@id":"https:\/\/isabelalvarellos.com\/bio-cv\/#breadcrumb"},"inLanguage":"en-US","potentialAction":[{"@type":"ReadAction","target":["https:\/\/isabelalvarellos.com\/bio-cv\/"]}]},{"@type":"BreadcrumbList","@id":"https:\/\/isabelalvarellos.com\/bio-cv\/#breadcrumb","itemListElement":[{"@type":"ListItem","position":1,"name":"Home","item":"https:\/\/isabelalvarellos.com\/"},{"@type":"ListItem","position":2,"name":"Bio \/ CV"}]},{"@type":"WebSite","@id":"https:\/\/isabelalvarellos.com\/en_US\/#website","url":"https:\/\/isabelalvarellos.com\/en_US\/","name":"Isabel Alvarellos","description":"Artista","potentialAction":[{"@type":"SearchAction","target":{"@type":"EntryPoint","urlTemplate":"https:\/\/isabelalvarellos.com\/en_US\/?s={search_term_string}"},"query-input":{"@type":"PropertyValueSpecification","valueRequired":true,"valueName":"search_term_string"}}],"inLanguage":"en-US"}]}},"_links":{"self":[{"href":"https:\/\/isabelalvarellos.com\/en_US\/wp-json\/wp\/v2\/pages\/49","targetHints":{"allow":["GET"]}}],"collection":[{"href":"https:\/\/isabelalvarellos.com\/en_US\/wp-json\/wp\/v2\/pages"}],"about":[{"href":"https:\/\/isabelalvarellos.com\/en_US\/wp-json\/wp\/v2\/types\/page"}],"author":[{"embeddable":true,"href":"https:\/\/isabelalvarellos.com\/en_US\/wp-json\/wp\/v2\/users\/2"}],"replies":[{"embeddable":true,"href":"https:\/\/isabelalvarellos.com\/en_US\/wp-json\/wp\/v2\/comments?post=49"}],"version-history":[{"count":65,"href":"https:\/\/isabelalvarellos.com\/en_US\/wp-json\/wp\/v2\/pages\/49\/revisions"}],"predecessor-version":[{"id":1295,"href":"https:\/\/isabelalvarellos.com\/en_US\/wp-json\/wp\/v2\/pages\/49\/revisions\/1295"}],"wp:attachment":[{"href":"https:\/\/isabelalvarellos.com\/en_US\/wp-json\/wp\/v2\/media?parent=49"}],"curies":[{"name":"wp","href":"https:\/\/api.w.org\/{rel}","templated":true}]}}