{"id":1010,"date":"2023-03-28T17:01:44","date_gmt":"2023-03-28T17:01:44","guid":{"rendered":"https:\/\/isabelalvarellos.com\/?page_id=1010"},"modified":"2023-04-20T15:33:22","modified_gmt":"2023-04-20T15:33:22","slug":"el-inevitable-galope-del-deseo","status":"publish","type":"page","link":"https:\/\/isabelalvarellos.com\/en_US\/el-inevitable-galope-del-deseo\/","title":{"rendered":"The inevitable gallop of desire"},"content":{"rendered":"<p><span\n style=\"font-weight: 400;\">Paris, winter 1944. Full of green uniforms, gray mice and swastikas. No taxis, cigarettes, or sugar. No fuel for cars or coal to heat houses. So the desire. Faced with lack, the inevitable. The pristine drive that makes us be. In the darkest and coldest night, the man&#8217;s body exposes its wound in a gratuitous act without gain or certainty. A hotel. A group of individuals. Subjects exposed to hunger, cold and love. What happens at the crossroads of appetites, when desire overwhelms us, exceeds us and collides with another? What happens when they merge? Beings that inhabit their truth.<\/span><\/p>\n<p><img loading=\"lazy\" decoding=\"async\" class=\"alignnone wp-image-1032\" src=\"https:\/\/isabelalvarellos.com\/wp-content\/uploads\/2023\/03\/11896052_10207721549943050_7789327691144992904_n.jpg\" alt=\"\" width=\"1382\" height=\"653\" srcset=\"https:\/\/isabelalvarellos.com\/wp-content\/uploads\/2023\/03\/11896052_10207721549943050_7789327691144992904_n.jpg 800w, https:\/\/isabelalvarellos.com\/wp-content\/uploads\/2023\/03\/11896052_10207721549943050_7789327691144992904_n-300x142.jpg 300w, https:\/\/isabelalvarellos.com\/wp-content\/uploads\/2023\/03\/11896052_10207721549943050_7789327691144992904_n-768x363.jpg 768w, https:\/\/isabelalvarellos.com\/wp-content\/uploads\/2023\/03\/11896052_10207721549943050_7789327691144992904_n-750x354.jpg 750w\" sizes=\"auto, (max-width: 1382px) 100vw, 1382px\" \/> \u00a0<img loading=\"lazy\" decoding=\"async\" class=\"alignnone size-full wp-image-1034\" src=\"https:\/\/isabelalvarellos.com\/wp-content\/uploads\/2023\/03\/12052371_737621536343474_3292333151711402710_o.jpg\" alt=\"\" width=\"2048\" height=\"1249\" srcset=\"https:\/\/isabelalvarellos.com\/wp-content\/uploads\/2023\/03\/12052371_737621536343474_3292333151711402710_o.jpg 2048w, https:\/\/isabelalvarellos.com\/wp-content\/uploads\/2023\/03\/12052371_737621536343474_3292333151711402710_o-300x183.jpg 300w, https:\/\/isabelalvarellos.com\/wp-content\/uploads\/2023\/03\/12052371_737621536343474_3292333151711402710_o-1024x625.jpg 1024w, https:\/\/isabelalvarellos.com\/wp-content\/uploads\/2023\/03\/12052371_737621536343474_3292333151711402710_o-768x468.jpg 768w, https:\/\/isabelalvarellos.com\/wp-content\/uploads\/2023\/03\/12052371_737621536343474_3292333151711402710_o-1536x937.jpg 1536w, https:\/\/isabelalvarellos.com\/wp-content\/uploads\/2023\/03\/12052371_737621536343474_3292333151711402710_o-750x457.jpg 750w\" sizes=\"auto, (max-width: 2048px) 100vw, 2048px\" \/> <img loading=\"lazy\" decoding=\"async\" class=\"alignnone size-full wp-image-1035\" src=\"https:\/\/isabelalvarellos.com\/wp-content\/uploads\/2023\/03\/12091371_736952493077045_1367180215009416317_o.jpg\" alt=\"\" width=\"2048\" height=\"1044\" srcset=\"https:\/\/isabelalvarellos.com\/wp-content\/uploads\/2023\/03\/12091371_736952493077045_1367180215009416317_o.jpg 2048w, https:\/\/isabelalvarellos.com\/wp-content\/uploads\/2023\/03\/12091371_736952493077045_1367180215009416317_o-300x153.jpg 300w, https:\/\/isabelalvarellos.com\/wp-content\/uploads\/2023\/03\/12091371_736952493077045_1367180215009416317_o-1024x522.jpg 1024w, https:\/\/isabelalvarellos.com\/wp-content\/uploads\/2023\/03\/12091371_736952493077045_1367180215009416317_o-768x392.jpg 768w, https:\/\/isabelalvarellos.com\/wp-content\/uploads\/2023\/03\/12091371_736952493077045_1367180215009416317_o-1536x783.jpg 1536w, https:\/\/isabelalvarellos.com\/wp-content\/uploads\/2023\/03\/12091371_736952493077045_1367180215009416317_o-750x382.jpg 750w\" sizes=\"auto, (max-width: 2048px) 100vw, 2048px\" \/><\/p>\n<p><span\n style=\"font-weight: 400;\"><strong>The Troop Theater<\/strong><\/span><\/p>\n<p><span\n style=\"font-weight: 400;\">It is an independent theater group, a multidisciplinary creative space that proposes to put different languages \u200b\u200bin continuous dialogue. That is why he incorporates photography, audiovisuals, performance, music and different languages \u200b\u200binto his productions. One of his primary interests is the use of unconventional, public and open spaces for the realization of his works.<\/span><\/p>\n<p><span\n style=\"font-weight: 400;\"><strong>The Troop Theater<\/strong> was born from Nouvelle \u00c9cole, a French school created by <strong>Isabel Alvarellos.<\/strong> There, in addition to teaching the French language, emphasis is placed on the theater. Thus, it is proposed to work from readings of theoretical texts, essays and adaptations of plays written during the 20th century, originally in French.<\/span><\/p>\n<p><span\n style=\"font-weight: 400;\">The first experience as a group was in 2013 when it was adapted and represented Les mamelles de Tir\u00e9sias by Guillaume d&#8217;Apollinaire. Then, in 2014 work was done on the adaptation and staging of Le d\u00e9sir atrapp\u00e9 par la queue by Pablo Picasso, both under the direction of Isabel Alvarellos. In August 2015 we carried out this proposal under the name of The Inevitable Gallop of Desire at the Museo Genaro P\u00e9rez. We performed five functions in the patio of this institution. This work proposes to inhabit unconventional spaces, in the open air, in which the theater space is updated allowing the staging, actors and public to be on the same plane. It combines audiovisual projections, languages.<\/span><\/p>\n<p><img loading=\"lazy\" decoding=\"async\" class=\"alignnone wp-image-1031\" src=\"https:\/\/isabelalvarellos.com\/wp-content\/uploads\/2023\/03\/11794303_10207585337297819_6498433775405823570_o.jpg\" alt=\"\" width=\"506\" height=\"715\" srcset=\"https:\/\/isabelalvarellos.com\/wp-content\/uploads\/2023\/03\/11794303_10207585337297819_6498433775405823570_o.jpg 800w, https:\/\/isabelalvarellos.com\/wp-content\/uploads\/2023\/03\/11794303_10207585337297819_6498433775405823570_o-212x300.jpg 212w, https:\/\/isabelalvarellos.com\/wp-content\/uploads\/2023\/03\/11794303_10207585337297819_6498433775405823570_o-724x1024.jpg 724w, https:\/\/isabelalvarellos.com\/wp-content\/uploads\/2023\/03\/11794303_10207585337297819_6498433775405823570_o-768x1086.jpg 768w, https:\/\/isabelalvarellos.com\/wp-content\/uploads\/2023\/03\/11794303_10207585337297819_6498433775405823570_o-750x1060.jpg 750w\" sizes=\"auto, (max-width: 506px) 100vw, 506px\" \/><img loading=\"lazy\" decoding=\"async\" class=\"alignnone wp-image-1033\" src=\"https:\/\/isabelalvarellos.com\/wp-content\/uploads\/2023\/03\/11928720_10207789636045160_3249416149378215189_n.jpg\" alt=\"\" width=\"786\" height=\"714\" srcset=\"https:\/\/isabelalvarellos.com\/wp-content\/uploads\/2023\/03\/11928720_10207789636045160_3249416149378215189_n.jpg 960w, https:\/\/isabelalvarellos.com\/wp-content\/uploads\/2023\/03\/11928720_10207789636045160_3249416149378215189_n-300x273.jpg 300w, https:\/\/isabelalvarellos.com\/wp-content\/uploads\/2023\/03\/11928720_10207789636045160_3249416149378215189_n-768x698.jpg 768w, https:\/\/isabelalvarellos.com\/wp-content\/uploads\/2023\/03\/11928720_10207789636045160_3249416149378215189_n-750x682.jpg 750w\" sizes=\"auto, (max-width: 786px) 100vw, 786px\" \/><\/p>\n","protected":false},"excerpt":{"rendered":"<p><span style=\"font-weight: 400;\">Paris, winter 1944. Full of green uniforms, gray mice and swastikas. No taxis, cigarettes, or sugar. No fuel for cars or coal to heat houses. So the desire. Faced with lack, the inevitable. The pristine drive that make&#8230;<\/p>\n","protected":false},"author":1,"featured_media":0,"parent":0,"menu_order":0,"comment_status":"closed","ping_status":"closed","template":"","meta":{"footnotes":""},"class_list":["post-1010","page","type-page","status-publish","hentry"],"yoast_head":"<!-- This site is optimized with the Yoast SEO plugin v27.2 - https:\/\/yoast.com\/product\/yoast-seo-wordpress\/ -->\n<title>El inevitable galope del deseo - Isabel Alvarellos<\/title>\n<meta name=\"robots\" content=\"index, follow, max-snippet:-1, max-image-preview:large, max-video-preview:-1\" \/>\n<link rel=\"canonical\" href=\"https:\/\/isabelalvarellos.com\/el-inevitable-galope-del-deseo\/\" \/>\n<meta property=\"og:locale\" content=\"en_US\" \/>\n<meta property=\"og:type\" content=\"article\" \/>\n<meta property=\"og:title\" content=\"El inevitable galope del deseo - Isabel Alvarellos\" \/>\n<meta property=\"og:description\" content=\"Paris, winter 1944. Full of green uniforms, gray mice and swastikas. No taxis, cigarettes, or sugar. No fuel for cars or coal to heat houses. So the desire. Faced with lack, the inevitable. The pristine drive that make...\" \/>\n<meta property=\"og:url\" content=\"https:\/\/isabelalvarellos.com\/el-inevitable-galope-del-deseo\/\" \/>\n<meta property=\"og:site_name\" content=\"Isabel Alvarellos\" \/>\n<meta property=\"article:modified_time\" content=\"2023-04-20T15:33:22+00:00\" \/>\n<meta property=\"og:image\" content=\"https:\/\/isabelalvarellos.com\/wp-content\/uploads\/2023\/03\/11896052_10207721549943050_7789327691144992904_n.jpg\" \/>\n<meta name=\"twitter:card\" content=\"summary_large_image\" \/>\n<meta name=\"twitter:label1\" content=\"Est. reading time\" \/>\n\t<meta name=\"twitter:data1\" content=\"3 minutes\" \/>\n<script type=\"application\/ld+json\" class=\"yoast-schema-graph\">{\"@context\":\"https:\/\/schema.org\",\"@graph\":[{\"@type\":\"WebPage\",\"@id\":\"https:\/\/isabelalvarellos.com\/el-inevitable-galope-del-deseo\/\",\"url\":\"https:\/\/isabelalvarellos.com\/el-inevitable-galope-del-deseo\/\",\"name\":\"El inevitable galope del deseo - Isabel Alvarellos\",\"isPartOf\":{\"@id\":\"https:\/\/isabelalvarellos.com\/en_US\/#website\"},\"primaryImageOfPage\":{\"@id\":\"https:\/\/isabelalvarellos.com\/el-inevitable-galope-del-deseo\/#primaryimage\"},\"image\":{\"@id\":\"https:\/\/isabelalvarellos.com\/el-inevitable-galope-del-deseo\/#primaryimage\"},\"thumbnailUrl\":\"https:\/\/isabelalvarellos.com\/wp-content\/uploads\/2023\/03\/11896052_10207721549943050_7789327691144992904_n.jpg\",\"datePublished\":\"2023-03-28T17:01:44+00:00\",\"dateModified\":\"2023-04-20T15:33:22+00:00\",\"breadcrumb\":{\"@id\":\"https:\/\/isabelalvarellos.com\/el-inevitable-galope-del-deseo\/#breadcrumb\"},\"inLanguage\":\"en-US\",\"potentialAction\":[{\"@type\":\"ReadAction\",\"target\":[\"https:\/\/isabelalvarellos.com\/el-inevitable-galope-del-deseo\/\"]}]},{\"@type\":\"ImageObject\",\"inLanguage\":\"en-US\",\"@id\":\"https:\/\/isabelalvarellos.com\/el-inevitable-galope-del-deseo\/#primaryimage\",\"url\":\"https:\/\/isabelalvarellos.com\/wp-content\/uploads\/2023\/03\/11896052_10207721549943050_7789327691144992904_n.jpg\",\"contentUrl\":\"https:\/\/isabelalvarellos.com\/wp-content\/uploads\/2023\/03\/11896052_10207721549943050_7789327691144992904_n.jpg\"},{\"@type\":\"BreadcrumbList\",\"@id\":\"https:\/\/isabelalvarellos.com\/el-inevitable-galope-del-deseo\/#breadcrumb\",\"itemListElement\":[{\"@type\":\"ListItem\",\"position\":1,\"name\":\"Home\",\"item\":\"https:\/\/isabelalvarellos.com\/\"},{\"@type\":\"ListItem\",\"position\":2,\"name\":\"The inevitable gallop of desire\"}]},{\"@type\":\"WebSite\",\"@id\":\"https:\/\/isabelalvarellos.com\/en_US\/#website\",\"url\":\"https:\/\/isabelalvarellos.com\/en_US\/\",\"name\":\"Isabel Alvarellos\",\"description\":\"Artista\",\"potentialAction\":[{\"@type\":\"SearchAction\",\"target\":{\"@type\":\"EntryPoint\",\"urlTemplate\":\"https:\/\/isabelalvarellos.com\/en_US\/?s={search_term_string}\"},\"query-input\":{\"@type\":\"PropertyValueSpecification\",\"valueRequired\":true,\"valueName\":\"search_term_string\"}}],\"inLanguage\":\"en-US\"}]}<\/script>\n<!-- \/ Yoast SEO plugin. -->","yoast_head_json":{"title":"El inevitable galope del deseo - Isabel Alvarellos","robots":{"index":"index","follow":"follow","max-snippet":"max-snippet:-1","max-image-preview":"max-image-preview:large","max-video-preview":"max-video-preview:-1"},"canonical":"https:\/\/isabelalvarellos.com\/el-inevitable-galope-del-deseo\/","og_locale":"en_US","og_type":"article","og_title":"El inevitable galope del deseo - Isabel Alvarellos","og_description":"Paris, winter 1944. Full of green uniforms, gray mice and swastikas. No taxis, cigarettes, or sugar. No fuel for cars or coal to heat houses. So the desire. Faced with lack, the inevitable. The pristine drive that make...","og_url":"https:\/\/isabelalvarellos.com\/el-inevitable-galope-del-deseo\/","og_site_name":"Isabel Alvarellos","article_modified_time":"2023-04-20T15:33:22+00:00","og_image":[{"url":"https:\/\/isabelalvarellos.com\/wp-content\/uploads\/2023\/03\/11896052_10207721549943050_7789327691144992904_n.jpg","type":"","width":"","height":""}],"twitter_card":"summary_large_image","twitter_misc":{"Est. reading time":"3 minutes"},"schema":{"@context":"https:\/\/schema.org","@graph":[{"@type":"WebPage","@id":"https:\/\/isabelalvarellos.com\/el-inevitable-galope-del-deseo\/","url":"https:\/\/isabelalvarellos.com\/el-inevitable-galope-del-deseo\/","name":"El inevitable galope del deseo - Isabel Alvarellos","isPartOf":{"@id":"https:\/\/isabelalvarellos.com\/en_US\/#website"},"primaryImageOfPage":{"@id":"https:\/\/isabelalvarellos.com\/el-inevitable-galope-del-deseo\/#primaryimage"},"image":{"@id":"https:\/\/isabelalvarellos.com\/el-inevitable-galope-del-deseo\/#primaryimage"},"thumbnailUrl":"https:\/\/isabelalvarellos.com\/wp-content\/uploads\/2023\/03\/11896052_10207721549943050_7789327691144992904_n.jpg","datePublished":"2023-03-28T17:01:44+00:00","dateModified":"2023-04-20T15:33:22+00:00","breadcrumb":{"@id":"https:\/\/isabelalvarellos.com\/el-inevitable-galope-del-deseo\/#breadcrumb"},"inLanguage":"en-US","potentialAction":[{"@type":"ReadAction","target":["https:\/\/isabelalvarellos.com\/el-inevitable-galope-del-deseo\/"]}]},{"@type":"ImageObject","inLanguage":"en-US","@id":"https:\/\/isabelalvarellos.com\/el-inevitable-galope-del-deseo\/#primaryimage","url":"https:\/\/isabelalvarellos.com\/wp-content\/uploads\/2023\/03\/11896052_10207721549943050_7789327691144992904_n.jpg","contentUrl":"https:\/\/isabelalvarellos.com\/wp-content\/uploads\/2023\/03\/11896052_10207721549943050_7789327691144992904_n.jpg"},{"@type":"BreadcrumbList","@id":"https:\/\/isabelalvarellos.com\/el-inevitable-galope-del-deseo\/#breadcrumb","itemListElement":[{"@type":"ListItem","position":1,"name":"Home","item":"https:\/\/isabelalvarellos.com\/"},{"@type":"ListItem","position":2,"name":"The inevitable gallop of desire"}]},{"@type":"WebSite","@id":"https:\/\/isabelalvarellos.com\/en_US\/#website","url":"https:\/\/isabelalvarellos.com\/en_US\/","name":"Isabel Alvarellos","description":"Artista","potentialAction":[{"@type":"SearchAction","target":{"@type":"EntryPoint","urlTemplate":"https:\/\/isabelalvarellos.com\/en_US\/?s={search_term_string}"},"query-input":{"@type":"PropertyValueSpecification","valueRequired":true,"valueName":"search_term_string"}}],"inLanguage":"en-US"}]}},"_links":{"self":[{"href":"https:\/\/isabelalvarellos.com\/en_US\/wp-json\/wp\/v2\/pages\/1010","targetHints":{"allow":["GET"]}}],"collection":[{"href":"https:\/\/isabelalvarellos.com\/en_US\/wp-json\/wp\/v2\/pages"}],"about":[{"href":"https:\/\/isabelalvarellos.com\/en_US\/wp-json\/wp\/v2\/types\/page"}],"author":[{"embeddable":true,"href":"https:\/\/isabelalvarellos.com\/en_US\/wp-json\/wp\/v2\/users\/1"}],"replies":[{"embeddable":true,"href":"https:\/\/isabelalvarellos.com\/en_US\/wp-json\/wp\/v2\/comments?post=1010"}],"version-history":[{"count":8,"href":"https:\/\/isabelalvarellos.com\/en_US\/wp-json\/wp\/v2\/pages\/1010\/revisions"}],"predecessor-version":[{"id":1263,"href":"https:\/\/isabelalvarellos.com\/en_US\/wp-json\/wp\/v2\/pages\/1010\/revisions\/1263"}],"wp:attachment":[{"href":"https:\/\/isabelalvarellos.com\/en_US\/wp-json\/wp\/v2\/media?parent=1010"}],"curies":[{"name":"wp","href":"https:\/\/api.w.org\/{rel}","templated":true}]}}